{"id":2476,"date":"2019-10-25T09:00:32","date_gmt":"2019-10-25T09:00:32","guid":{"rendered":"http:\/\/skimai.com\/?page_id=2476"},"modified":"2023-07-10T19:04:10","modified_gmt":"2023-07-10T19:04:10","slug":"ferramenta-de-resumo-em-linha","status":"publish","type":"page","link":"https:\/\/skimai.com\/pt\/online-summarization-tool\/","title":{"rendered":"Ferramenta de Sumariza\u00e7\u00e3o Online"},"content":{"rendered":"<h3>Gerar resumos em 1 clique com o Skim AI's gratuito<\/h3>\n<pre><code>        <h1>Ferramenta de Sumariza\u00e7\u00e3o Online<\/h1>      \n                                            <img decoding=\"async\" width=\"619\" height=\"610\" src=\"http:\/\/skimai.com\/wp-content\/uploads\/2019\/10\/Graphic-1.png\" alt=\"Gr\u00e1fico 1\" loading=\"lazy\" srcset=\"http:\/\/skimai.com\/wp-content\/uploads\/2019\/10\/Graphic-1.png 619w, http:\/\/skimai.com\/wp-content\/uploads\/2019\/10\/Graphic-1-300x296.png 300w, http:\/\/skimai.com\/wp-content\/uploads\/2019\/10\/Graphic-1-320x315.png 320w, http:\/\/skimai.com\/wp-content\/uploads\/2019\/10\/Graphic-1-360x355.png 360w, http:\/\/skimai.com\/wp-content\/uploads\/2019\/10\/Graphic-1-600x591.png 600w, http:\/\/skimai.com\/wp-content\/uploads\/2019\/10\/Graphic-1-100x100.png 100w\" sizes=\"auto, (max-width: 619px) 100vw, 619px\" \/>                                                       \n        <h2>Sumariza\u00e7\u00e3o online f\u00e1cil<\/h2>      \n    Poupe tempo a ler sem perder os pontos importantes do texto. Com a ferramenta de resumo online do Skim AI, resuma rapidamente qualquer artigo online ou o seu pr\u00f3prio PDF carregado em segundos com um \u00fanico clique.<\/p>        \n        <a href=\"https:\/\/chrome.google.com\/webstore\/detail\/1-click-summarizer-web-to\/pndpokngaffecpfmicdfeibpgkpofebn\">\n                    Experimente gratuitamente\n                <\/a>\n        <h2>Resumir o seu percurso<\/h2>     \n        <h2>Deslizar os seus pr\u00f3prios recursos<\/h2>        \n        <h2>personalizar o comprimento do resumo<\/h2>       \n        <h2>guardar fontes para facilitar a cita\u00e7\u00e3o<\/h2>     \n                                            <img decoding=\"async\" width=\"150\" height=\"150\" src=\"http:\/\/skimai.com\/wp-content\/uploads\/2019\/09\/5.png\" alt=\"5\" loading=\"lazy\" srcset=\"http:\/\/skimai.com\/wp-content\/uploads\/2019\/09\/5.png 150w, http:\/\/skimai.com\/wp-content\/uploads\/2019\/09\/5-100x100.png 100w\" sizes=\"auto, (max-width: 150px) 100vw, 150px\" \/>                                                       \n                                            <img decoding=\"async\" width=\"150\" height=\"150\" src=\"http:\/\/skimai.com\/wp-content\/uploads\/2019\/09\/3.png\" alt=\"3\" loading=\"lazy\" srcset=\"http:\/\/skimai.com\/wp-content\/uploads\/2019\/09\/3.png 150w, http:\/\/skimai.com\/wp-content\/uploads\/2019\/09\/3-100x100.png 100w\" sizes=\"auto, (max-width: 150px) 100vw, 150px\" \/>                                                       \n                                            <img decoding=\"async\" width=\"150\" height=\"150\" src=\"http:\/\/skimai.com\/wp-content\/uploads\/2019\/09\/4.png\" alt=\"4\" loading=\"lazy\" srcset=\"http:\/\/skimai.com\/wp-content\/uploads\/2019\/09\/4.png 150w, http:\/\/skimai.com\/wp-content\/uploads\/2019\/09\/4-100x100.png 100w\" sizes=\"auto, (max-width: 150px) 100vw, 150px\" \/>                                                       \n    <p>Importe qualquer livro eletr\u00f3nico, caso de neg\u00f3cios, artigo acad\u00e9mico ou outro recurso PDF e utilize a ferramenta de resumo online do Skim AI para os seus pr\u00f3prios recursos, bem como para qualquer artigo online.<\/code><\/pre>\n<p>Utilize o seletor de comprimento do resumo para personalizar a profundidade do seu resumo. Com base no n\u00edvel de detalhe necess\u00e1rio, escolha entre 10% e 35% do comprimento do texto original.<\/p>\n<p>Precisa de guardar as suas fontes para cita\u00e7\u00e3o posterior? Guarde o recurso original, o resumo online e a fonte para facilitar a recupera\u00e7\u00e3o e a cita\u00e7\u00e3o mais tarde.<\/p>\n<pre><code>                                            <img decoding=\"async\" width=\"700\" height=\"556\" src=\"http:\/\/skimai.com\/wp-content\/uploads\/2020\/07\/IPAD-768x610.png\" alt=\"IPAD\" loading=\"lazy\" srcset=\"http:\/\/skimai.com\/wp-content\/uploads\/2020\/07\/IPAD-768x610.png 768w, http:\/\/skimai.com\/wp-content\/uploads\/2020\/07\/IPAD-300x238.png 300w, http:\/\/skimai.com\/wp-content\/uploads\/2020\/07\/IPAD.png 967w\" sizes=\"auto, (max-width: 700px) 100vw, 700px\" \/>                                                      \n    <p>Descarregue a extens\u00e3o do Chrome com IA GRATUITAMENTE!<\/p>      \n                                                <a href=\"https:\/\/chrome.google.com\/webstore\/detail\/1-click-summarizer-web-to\/pndpokngaffecpfmicdfeibpgkpofebn\">\n                        <img decoding=\"async\" width=\"300\" height=\"91\" src=\"http:\/\/skimai.com\/wp-content\/uploads\/2019\/09\/Chrome-badge-300x91.png\" alt=\"Crach\u00e1 cromado\" loading=\"lazy\" srcset=\"http:\/\/skimai.com\/wp-content\/uploads\/2019\/09\/Chrome-badge-300x91.png 300w, http:\/\/skimai.com\/wp-content\/uploads\/2019\/09\/Chrome-badge-320x97.png 320w, http:\/\/skimai.com\/wp-content\/uploads\/2019\/09\/Chrome-badge-360x109.png 360w, http:\/\/skimai.com\/wp-content\/uploads\/2019\/09\/Chrome-badge.png 496w\" sizes=\"auto, (max-width: 300px) 100vw, 300px\" \/>                             <\/a>\n    <p><a href=\"https:\/\/chrome.google.com\/webstore\/detail\/1-click-summarizer-web-to\/pndpokngaffecpfmicdfeibpgkpofebn\">Clique aqui para descarregar<\/a><\/p>        \n        <h2>Procura uma solu\u00e7\u00e3o empresarial?<\/h2>        \n        <h2>As nossas solu\u00e7\u00f5es empresariais podem ajud\u00e1-lo a si e \u00e0 sua equipa a organizar, colaborar e recuperar dados da sua base de dados propriet\u00e1ria. A melhor parte \u00e9 que isso \u00e9 feito sem a ajuda de um especialista em PNL ou analista de dados. Agende uma chamada com a nossa equipa para saber mais.<\/h2>        \n        <a href=\"http:\/\/skimai.com\/pt\/contact\/\" target=\"_blank\" rel=\"noopener\">\n                    Obter uma demonstra\u00e7\u00e3o\n                <\/a><\/code><\/pre>","protected":false},"excerpt":{"rendered":"<p>Generate Summaries in 1-Click with Skim AI&#8217;s free Online Summarization Tool Easy Online Summarization Save time reading without missing out on the important points from the text. With Skim AI&#8217;s online summarization tool, quickly summarize any online article or your own uploaded PDF in seconds with a single click. Try it for Free Summarize your [&hellip;]<\/p>\n","protected":false},"author":1003,"featured_media":2429,"parent":0,"menu_order":0,"comment_status":"closed","ping_status":"closed","template":"elementor_header_footer","meta":{"_et_pb_use_builder":"","_et_pb_old_content":"","_et_gb_content_width":"","footnotes":""},"class_list":["post-2476","page","type-page","status-publish","has-post-thumbnail","hentry"],"yoast_head":"<!-- This site is optimized with the Yoast SEO plugin v24.1 - https:\/\/yoast.com\/wordpress\/plugins\/seo\/ -->\n<title>Online Summarization Tool - Free 1-Click Summaries - Skim AI<\/title>\n<meta name=\"description\" content=\"Generate 1-click summaries from any online article or PDF with Skim AI&#039;s free online summarization tool. Save time without missing what&#039;s important.\" \/>\n<meta name=\"robots\" content=\"index, follow, max-snippet:-1, max-image-preview:large, max-video-preview:-1\" \/>\n<link rel=\"canonical\" href=\"https:\/\/skimai.com\/pt\/ferramenta-de-resumo-em-linha\/\" \/>\n<meta property=\"og:locale\" content=\"pt_PT\" \/>\n<meta property=\"og:type\" content=\"article\" \/>\n<meta property=\"og:title\" content=\"Online Summarization Tool - Free 1-Click Summaries - Skim AI\" \/>\n<meta property=\"og:description\" content=\"Generate 1-click summaries from any online article or PDF with Skim AI&#039;s free online summarization tool. Save time without missing what&#039;s important.\" \/>\n<meta property=\"og:url\" content=\"https:\/\/skimai.com\/pt\/ferramenta-de-resumo-em-linha\/\" \/>\n<meta property=\"og:site_name\" content=\"Skim AI\" \/>\n<meta property=\"article:modified_time\" content=\"2023-07-10T19:04:10+00:00\" \/>\n<meta property=\"og:image\" content=\"https:\/\/skimai.com\/wp-content\/uploads\/2019\/10\/Graphic-1.png\" \/>\n\t<meta property=\"og:image:width\" content=\"619\" \/>\n\t<meta property=\"og:image:height\" content=\"610\" \/>\n\t<meta property=\"og:image:type\" content=\"image\/png\" \/>\n<meta name=\"twitter:card\" content=\"summary_large_image\" \/>\n<meta name=\"twitter:label1\" content=\"Tempo estimado de leitura\" \/>\n\t<meta name=\"twitter:data1\" content=\"1 minuto\" \/>\n<script type=\"application\/ld+json\" class=\"yoast-schema-graph\">{\"@context\":\"https:\/\/schema.org\",\"@graph\":[{\"@type\":\"WebPage\",\"@id\":\"https:\/\/skimai.com\/online-summarization-tool\/\",\"url\":\"https:\/\/skimai.com\/online-summarization-tool\/\",\"name\":\"Online Summarization Tool - Free 1-Click Summaries - Skim AI\",\"isPartOf\":{\"@id\":\"https:\/\/skimai.com\/uk\/#website\"},\"primaryImageOfPage\":{\"@id\":\"https:\/\/skimai.com\/online-summarization-tool\/#primaryimage\"},\"image\":{\"@id\":\"https:\/\/skimai.com\/online-summarization-tool\/#primaryimage\"},\"thumbnailUrl\":\"https:\/\/skimai.com\/wp-content\/uploads\/2019\/10\/Graphic-1.png\",\"datePublished\":\"2019-10-25T09:00:32+00:00\",\"dateModified\":\"2023-07-10T19:04:10+00:00\",\"description\":\"Generate 1-click summaries from any online article or PDF with Skim AI's free online summarization tool. Save time without missing what's important.\",\"breadcrumb\":{\"@id\":\"https:\/\/skimai.com\/online-summarization-tool\/#breadcrumb\"},\"inLanguage\":\"pt-PT\",\"potentialAction\":[{\"@type\":\"ReadAction\",\"target\":[\"https:\/\/skimai.com\/online-summarization-tool\/\"]}]},{\"@type\":\"ImageObject\",\"inLanguage\":\"pt-PT\",\"@id\":\"https:\/\/skimai.com\/online-summarization-tool\/#primaryimage\",\"url\":\"https:\/\/skimai.com\/wp-content\/uploads\/2019\/10\/Graphic-1.png\",\"contentUrl\":\"https:\/\/skimai.com\/wp-content\/uploads\/2019\/10\/Graphic-1.png\",\"width\":619,\"height\":610,\"caption\":\"Graphic 1\"},{\"@type\":\"BreadcrumbList\",\"@id\":\"https:\/\/skimai.com\/online-summarization-tool\/#breadcrumb\",\"itemListElement\":[{\"@type\":\"ListItem\",\"position\":1,\"name\":\"Home\",\"item\":\"https:\/\/skimai.com\/\"},{\"@type\":\"ListItem\",\"position\":2,\"name\":\"Online Summarization Tool\"}]},{\"@type\":\"WebSite\",\"@id\":\"https:\/\/skimai.com\/uk\/#website\",\"url\":\"https:\/\/skimai.com\/uk\/\",\"name\":\"Skim AI\",\"description\":\"The AI Agent Workforce Platform\",\"publisher\":{\"@id\":\"https:\/\/skimai.com\/uk\/#organization\"},\"potentialAction\":[{\"@type\":\"SearchAction\",\"target\":{\"@type\":\"EntryPoint\",\"urlTemplate\":\"https:\/\/skimai.com\/uk\/?s={search_term_string}\"},\"query-input\":{\"@type\":\"PropertyValueSpecification\",\"valueRequired\":true,\"valueName\":\"search_term_string\"}}],\"inLanguage\":\"pt-PT\"},{\"@type\":\"Organization\",\"@id\":\"https:\/\/skimai.com\/uk\/#organization\",\"name\":\"Skim AI\",\"url\":\"https:\/\/skimai.com\/uk\/\",\"logo\":{\"@type\":\"ImageObject\",\"inLanguage\":\"pt-PT\",\"@id\":\"https:\/\/skimai.com\/uk\/#\/schema\/logo\/image\/\",\"url\":\"http:\/\/skimai.com\/wp-content\/uploads\/2020\/07\/SKIM-AI-Header-Logo.png\",\"contentUrl\":\"http:\/\/skimai.com\/wp-content\/uploads\/2020\/07\/SKIM-AI-Header-Logo.png\",\"width\":194,\"height\":58,\"caption\":\"Skim AI\"},\"image\":{\"@id\":\"https:\/\/skimai.com\/uk\/#\/schema\/logo\/image\/\"},\"sameAs\":[\"https:\/\/www.linkedin.com\/company\/skim-ai\"]}]}<\/script>\n<!-- \/ Yoast SEO plugin. -->","yoast_head_json":{"title":"Ferramenta de resumo online - Resumos gratuitos com 1 clique - Skim AI","description":"Crie resumos com um clique a partir de qualquer artigo online ou PDF com a ferramenta de resumo online gratuita do Skim AI. Poupe tempo sem perder o que \u00e9 importante.","robots":{"index":"index","follow":"follow","max-snippet":"max-snippet:-1","max-image-preview":"max-image-preview:large","max-video-preview":"max-video-preview:-1"},"canonical":"https:\/\/skimai.com\/pt\/ferramenta-de-resumo-em-linha\/","og_locale":"pt_PT","og_type":"article","og_title":"Online Summarization Tool - Free 1-Click Summaries - Skim AI","og_description":"Generate 1-click summaries from any online article or PDF with Skim AI's free online summarization tool. Save time without missing what's important.","og_url":"https:\/\/skimai.com\/pt\/ferramenta-de-resumo-em-linha\/","og_site_name":"Skim AI","article_modified_time":"2023-07-10T19:04:10+00:00","og_image":[{"width":619,"height":610,"url":"https:\/\/skimai.com\/wp-content\/uploads\/2019\/10\/Graphic-1.png","type":"image\/png"}],"twitter_card":"summary_large_image","twitter_misc":{"Tempo estimado de leitura":"1 minuto"},"schema":{"@context":"https:\/\/schema.org","@graph":[{"@type":"WebPage","@id":"https:\/\/skimai.com\/online-summarization-tool\/","url":"https:\/\/skimai.com\/online-summarization-tool\/","name":"Ferramenta de resumo online - Resumos gratuitos com 1 clique - Skim AI","isPartOf":{"@id":"https:\/\/skimai.com\/uk\/#website"},"primaryImageOfPage":{"@id":"https:\/\/skimai.com\/online-summarization-tool\/#primaryimage"},"image":{"@id":"https:\/\/skimai.com\/online-summarization-tool\/#primaryimage"},"thumbnailUrl":"https:\/\/skimai.com\/wp-content\/uploads\/2019\/10\/Graphic-1.png","datePublished":"2019-10-25T09:00:32+00:00","dateModified":"2023-07-10T19:04:10+00:00","description":"Crie resumos com um clique a partir de qualquer artigo online ou PDF com a ferramenta de resumo online gratuita do Skim AI. Poupe tempo sem perder o que \u00e9 importante.","breadcrumb":{"@id":"https:\/\/skimai.com\/online-summarization-tool\/#breadcrumb"},"inLanguage":"pt-PT","potentialAction":[{"@type":"ReadAction","target":["https:\/\/skimai.com\/online-summarization-tool\/"]}]},{"@type":"ImageObject","inLanguage":"pt-PT","@id":"https:\/\/skimai.com\/online-summarization-tool\/#primaryimage","url":"https:\/\/skimai.com\/wp-content\/uploads\/2019\/10\/Graphic-1.png","contentUrl":"https:\/\/skimai.com\/wp-content\/uploads\/2019\/10\/Graphic-1.png","width":619,"height":610,"caption":"Graphic 1"},{"@type":"BreadcrumbList","@id":"https:\/\/skimai.com\/online-summarization-tool\/#breadcrumb","itemListElement":[{"@type":"ListItem","position":1,"name":"Home","item":"https:\/\/skimai.com\/"},{"@type":"ListItem","position":2,"name":"Online Summarization Tool"}]},{"@type":"WebSite","@id":"https:\/\/skimai.com\/uk\/#website","url":"https:\/\/skimai.com\/uk\/","name":"IA de desnata\u00e7\u00e3o","description":"A plataforma de for\u00e7a de trabalho de agentes de IA","publisher":{"@id":"https:\/\/skimai.com\/uk\/#organization"},"potentialAction":[{"@type":"SearchAction","target":{"@type":"EntryPoint","urlTemplate":"https:\/\/skimai.com\/uk\/?s={search_term_string}"},"query-input":{"@type":"PropertyValueSpecification","valueRequired":true,"valueName":"search_term_string"}}],"inLanguage":"pt-PT"},{"@type":"Organization","@id":"https:\/\/skimai.com\/uk\/#organization","name":"IA de desnata\u00e7\u00e3o","url":"https:\/\/skimai.com\/uk\/","logo":{"@type":"ImageObject","inLanguage":"pt-PT","@id":"https:\/\/skimai.com\/uk\/#\/schema\/logo\/image\/","url":"http:\/\/skimai.com\/wp-content\/uploads\/2020\/07\/SKIM-AI-Header-Logo.png","contentUrl":"http:\/\/skimai.com\/wp-content\/uploads\/2020\/07\/SKIM-AI-Header-Logo.png","width":194,"height":58,"caption":"Skim AI"},"image":{"@id":"https:\/\/skimai.com\/uk\/#\/schema\/logo\/image\/"},"sameAs":["https:\/\/www.linkedin.com\/company\/skim-ai"]}]}},"_links":{"self":[{"href":"https:\/\/skimai.com\/pt\/wp-json\/wp\/v2\/pages\/2476","targetHints":{"allow":["GET"]}}],"collection":[{"href":"https:\/\/skimai.com\/pt\/wp-json\/wp\/v2\/pages"}],"about":[{"href":"https:\/\/skimai.com\/pt\/wp-json\/wp\/v2\/types\/page"}],"author":[{"embeddable":true,"href":"https:\/\/skimai.com\/pt\/wp-json\/wp\/v2\/users\/1003"}],"replies":[{"embeddable":true,"href":"https:\/\/skimai.com\/pt\/wp-json\/wp\/v2\/comments?post=2476"}],"version-history":[{"count":0,"href":"https:\/\/skimai.com\/pt\/wp-json\/wp\/v2\/pages\/2476\/revisions"}],"wp:featuredmedia":[{"embeddable":true,"href":"https:\/\/skimai.com\/pt\/wp-json\/wp\/v2\/media\/2429"}],"wp:attachment":[{"href":"https:\/\/skimai.com\/pt\/wp-json\/wp\/v2\/media?parent=2476"}],"curies":[{"name":"wp","href":"https:\/\/api.w.org\/{rel}","templated":true}]}}