{"id":1604,"date":"2019-06-20T18:59:50","date_gmt":"2019-06-20T18:59:50","guid":{"rendered":"http:\/\/skimai.com\/?page_id=1604"},"modified":"2023-07-10T17:02:22","modified_gmt":"2023-07-10T17:02:22","slug":"tutorial","status":"publish","type":"page","link":"https:\/\/skimai.com\/pt\/tutorial\/","title":{"rendered":"Confirma\u00e7\u00e3o de instala\u00e7\u00e3o"},"content":{"rendered":"<h2>Come\u00e7ar a trabalhar:<\/h2>\n<pre><code>        <h2>Obtenha as informa\u00e7\u00f5es que procura numa fra\u00e7\u00e3o de tempo em dois passos simples.<\/h2>      \n        <a href=\"https:\/\/www.youtube.com\/channel\/UCHbayjFsQwGerLe6kEQXLTg\/videos\" role=\"button\">\n                    Ver tutoriais\n                <\/a>\n        <h2>A informa\u00e7\u00e3o de que necessita est\u00e1 l\u00e1 fora. <br>A IA do Skim ajuda-o a encontr\u00e1-lo, a guard\u00e1-lo e a recuper\u00e1-lo quando precisar.<\/h2>      \n                                    <img decoding=\"async\" width=\"150\" height=\"150\" src=\"http:\/\/skimai.com\/wp-content\/uploads\/2019\/09\/1.png\" alt=\"\" srcset=\"http:\/\/skimai.com\/wp-content\/uploads\/2019\/09\/1.png 150w, http:\/\/skimai.com\/wp-content\/uploads\/2019\/09\/1-100x100.png 100w\" sizes=\"(max-width: 150px) 100vw, 150px\" \/>                                           \n    <p>Reduza o tempo de leitura com o <b>Ferramenta de resumo com IA<\/b>. Ajuste o tamanho do resumo em percentagem ou retire apenas factos e opini\u00f5es do texto original.<\/p>       \n                                    <img decoding=\"async\" width=\"150\" height=\"150\" src=\"http:\/\/skimai.com\/wp-content\/uploads\/2019\/09\/2.png\" alt=\"\" srcset=\"http:\/\/skimai.com\/wp-content\/uploads\/2019\/09\/2.png 150w, http:\/\/skimai.com\/wp-content\/uploads\/2019\/09\/2-100x100.png 100w\" sizes=\"(max-width: 150px) 100vw, 150px\" \/>                                           \n    <p>Identifique rapidamente pe\u00e7as valiosas com factos e cita\u00e7\u00f5es codificados por cores ao longo de um artigo.<\/p>        \n                                    <img decoding=\"async\" width=\"150\" height=\"150\" src=\"http:\/\/skimai.com\/wp-content\/uploads\/2019\/09\/3.png\" alt=\"resumo em linha\" srcset=\"http:\/\/skimai.com\/wp-content\/uploads\/2019\/09\/3.png 150w, http:\/\/skimai.com\/wp-content\/uploads\/2019\/09\/3-100x100.png 100w\" sizes=\"(max-width: 150px) 100vw, 150px\" \/>                                           \n    <p>Poupe tempo quando come\u00e7ar a escrever com a gest\u00e3o da informa\u00e7\u00e3o ao n\u00edvel da frase. Guarde apenas os elementos importantes de que necessita de cada fonte.<\/p>      \n                                    <img decoding=\"async\" width=\"150\" height=\"150\" src=\"http:\/\/skimai.com\/wp-content\/uploads\/2019\/09\/4.png\" alt=\"ferramenta de resumo em linha\" srcset=\"http:\/\/skimai.com\/wp-content\/uploads\/2019\/09\/4.png 150w, http:\/\/skimai.com\/wp-content\/uploads\/2019\/09\/4-100x100.png 100w\" sizes=\"(max-width: 150px) 100vw, 150px\" \/>                                            \n    <p>Recorte, armazene, organize e recupere todas as informa\u00e7\u00f5es guardadas (e as respectivas fontes) com a sua pasta pessoal do Skim AI. Pesquise itens guardados por palavra-chave, autor, t\u00f3pico e outros filtros avan\u00e7ados.<\/p>     \n                                    <img decoding=\"async\" width=\"150\" height=\"150\" src=\"http:\/\/skimai.com\/wp-content\/uploads\/2019\/09\/5.png\" alt=\"resumo em linha\" srcset=\"http:\/\/skimai.com\/wp-content\/uploads\/2019\/09\/5.png 150w, http:\/\/skimai.com\/wp-content\/uploads\/2019\/09\/5-100x100.png 100w\" sizes=\"(max-width: 150px) 100vw, 150px\" \/>                                         \n    <p>Carregue PDFs e utilize as mesmas funcionalidades dispon\u00edveis para fontes online, incluindo resumo, pesquisa por palavra-chave e recortar e guardar.<\/p>       \n                                    <img decoding=\"async\" width=\"150\" height=\"150\" src=\"http:\/\/skimai.com\/wp-content\/uploads\/2019\/09\/6.png\" alt=\"\" srcset=\"http:\/\/skimai.com\/wp-content\/uploads\/2019\/09\/6.png 150w, http:\/\/skimai.com\/wp-content\/uploads\/2019\/09\/6-100x100.png 100w\" sizes=\"(max-width: 150px) 100vw, 150px\" \/>                                           \n    <p>Pesquise na pr\u00f3pria base de dados do Skim AI not\u00edcias verificadas, artigos, documentos de investiga\u00e7\u00e3o e muito mais de fontes fi\u00e1veis.<\/p>     \n                                    <img decoding=\"async\" src=\"http:\/\/skimai.com\/wp-content\/uploads\/2019\/09\/190919-Ipad-Toolbar-1366x768.png\" title=\"\" alt=\"\" \/>                                            \n        <h2>Procura uma solu\u00e7\u00e3o empresarial?<\/h2>        \n        <h2>As nossas solu\u00e7\u00f5es empresariais podem ajud\u00e1-lo a si e \u00e0 sua equipa a organizar, colaborar e recuperar dados da sua base de dados propriet\u00e1ria. A melhor parte \u00e9 que isso \u00e9 feito sem a ajuda de um especialista em PNL ou analista de dados. Agende uma chamada com a nossa equipa para saber mais.<\/h2>        \n        <a href=\"http:\/\/skimai.com\/pt\/enterprise-contact-us\/\" target=\"_blank\" role=\"button\" rel=\"noopener noreferrer\">\n                    Vamos ligar-nos\n                <\/a>\n                                    <img decoding=\"async\" width=\"700\" height=\"445\" src=\"http:\/\/skimai.com\/wp-content\/uploads\/2019\/01\/Skim-AI-logo-2-1024x651.png\" alt=\"\" srcset=\"http:\/\/skimai.com\/wp-content\/uploads\/2019\/01\/Skim-AI-logo-2.png 1024w, http:\/\/skimai.com\/wp-content\/uploads\/2019\/01\/Skim-AI-logo-2-300x191.png 300w, http:\/\/skimai.com\/wp-content\/uploads\/2019\/01\/Skim-AI-logo-2-768x488.png 768w, http:\/\/skimai.com\/wp-content\/uploads\/2019\/01\/Skim-AI-logo-2-600x381.png 600w\" sizes=\"(max-width: 700px) 100vw, 700px\" \/>                                            \n                        <a href=\"https:\/\/twitter.com\/Skim_AI\" target=\"_blank\" rel=\"noopener noreferrer\">\n                Twitter\n            <\/a>\n                        <a href=\"\" target=\"_blank\" rel=\"noopener noreferrer\">\n                Facebook\n            <\/a>\n                        <a href=\"https:\/\/www.linkedin.com\/company\/skim-ai\/about\/\" target=\"_blank\" rel=\"noopener noreferrer\">\n                Linkedin\n            <\/a>\n                        <a href=\"https:\/\/www.youtube.com\/channel\/UCHbayjFsQwGerLe6kEQXLTg\" target=\"_blank\" rel=\"noopener noreferrer\">\n                Youtube\n            <\/a>\n        <h2>Come\u00e7ar a trabalhar<\/h2>        \n                <ul>\n                        <li >\n                <a href=\"http:\/\/skimai.com\/pt\/enterprises\/\">                  Empresa\n                                        <\/a>\n                                <\/li>\n                            <li >\n                <a href=\"http:\/\/skimai.com\/pt\/individuals\/\">                  Indiv\u00edduos\n                                        <\/a>\n                                <\/li>\n                            <li >\n                <a href=\"https:\/\/skimai.docs.apiary.io\/#\">                  API\n                                        <\/a>\n                                <\/li>\n                            <li >\n                <a href=\"http:\/\/skimai.com\/pt\/blogue\/\">                 Blogue\n                                        <\/a>\n                                <\/li>\n                    <\/ul>\n        <h2>Transfer\u00eancias<\/h2>      \n                <ul>\n                        <li >\n                <a href=\"https:\/\/chrome.google.com\/webstore\/detail\/skim-ai\/pndpokngaffecpfmicdfeibpgkpofebn?hl=en\">                     \n                                    Extens\u00e3o do Chrome\n                                        <\/a>\n                                <\/li>\n                    <\/ul>\n        <h2>Contactar-nos<\/h2>     \n                <ul>\n                        <li >\n                <a href=\"mailto:info@skimai.com\">                    info@skimai.com\n                                        <\/a>\n                                <\/li>\n                            <li >\n                <a href=\"http:\/\/eepurl.com\/dNER6M\">                 Boletim informativo\n                                        <\/a>\n                                <\/li>\n                    <\/ul><!-- Created with Elementor --><\/code><\/pre>","protected":false},"excerpt":{"rendered":"<p>Getting Started: Get the information you&#8217;re looking for in a fraction of the time in two simple steps. Watch Tutorials The information you need is out there. Skim AI will help you find it, save it, and retrieve it when you need. Cut down on reading time with the AI-enabled summarization tool. Adjust summary size [&hellip;]<\/p>\n","protected":false},"author":1003,"featured_media":0,"parent":0,"menu_order":0,"comment_status":"closed","ping_status":"closed","template":"elementor_header_footer","meta":{"_et_pb_use_builder":"","_et_pb_old_content":"","_et_gb_content_width":"","footnotes":""},"class_list":["post-1604","page","type-page","status-publish","hentry"],"yoast_head":"<!-- This site is optimized with the Yoast SEO plugin v24.1 - https:\/\/yoast.com\/wordpress\/plugins\/seo\/ -->\n<title>Install Confirmation - Skim AI<\/title>\n<meta name=\"robots\" content=\"index, follow, max-snippet:-1, max-image-preview:large, max-video-preview:-1\" \/>\n<link rel=\"canonical\" href=\"https:\/\/skimai.com\/pt\/tutorial\/\" \/>\n<meta property=\"og:locale\" content=\"pt_PT\" \/>\n<meta property=\"og:type\" content=\"article\" \/>\n<meta property=\"og:title\" content=\"Install Confirmation - Skim AI\" \/>\n<meta property=\"og:description\" content=\"Getting Started: Get the information you&#039;re looking for in a fraction of the time in two simple steps. Watch Tutorials The information you need is out there. Skim AI will help you find it, save it, and retrieve it when you need. Cut down on reading time with the AI-enabled summarization tool. Adjust summary size [&hellip;]\" \/>\n<meta property=\"og:url\" content=\"https:\/\/skimai.com\/pt\/tutorial\/\" \/>\n<meta property=\"og:site_name\" content=\"Skim AI\" \/>\n<meta property=\"article:modified_time\" content=\"2023-07-10T17:02:22+00:00\" \/>\n<meta property=\"og:image\" content=\"http:\/\/skimai.com\/wp-content\/uploads\/2019\/09\/1.png\" \/>\n<meta name=\"twitter:card\" content=\"summary_large_image\" \/>\n<meta name=\"twitter:label1\" content=\"Tempo estimado de leitura\" \/>\n\t<meta name=\"twitter:data1\" content=\"1 minuto\" \/>\n<script type=\"application\/ld+json\" class=\"yoast-schema-graph\">{\"@context\":\"https:\/\/schema.org\",\"@graph\":[{\"@type\":\"WebPage\",\"@id\":\"https:\/\/skimai.com\/tutorial\/\",\"url\":\"https:\/\/skimai.com\/tutorial\/\",\"name\":\"Install Confirmation - Skim AI\",\"isPartOf\":{\"@id\":\"https:\/\/skimai.com\/uk\/#website\"},\"primaryImageOfPage\":{\"@id\":\"https:\/\/skimai.com\/tutorial\/#primaryimage\"},\"image\":{\"@id\":\"https:\/\/skimai.com\/tutorial\/#primaryimage\"},\"thumbnailUrl\":\"http:\/\/skimai.com\/wp-content\/uploads\/2019\/09\/1.png\",\"datePublished\":\"2019-06-20T18:59:50+00:00\",\"dateModified\":\"2023-07-10T17:02:22+00:00\",\"breadcrumb\":{\"@id\":\"https:\/\/skimai.com\/tutorial\/#breadcrumb\"},\"inLanguage\":\"pt-PT\",\"potentialAction\":[{\"@type\":\"ReadAction\",\"target\":[\"https:\/\/skimai.com\/tutorial\/\"]}]},{\"@type\":\"ImageObject\",\"inLanguage\":\"pt-PT\",\"@id\":\"https:\/\/skimai.com\/tutorial\/#primaryimage\",\"url\":\"http:\/\/skimai.com\/wp-content\/uploads\/2019\/09\/1.png\",\"contentUrl\":\"http:\/\/skimai.com\/wp-content\/uploads\/2019\/09\/1.png\"},{\"@type\":\"BreadcrumbList\",\"@id\":\"https:\/\/skimai.com\/tutorial\/#breadcrumb\",\"itemListElement\":[{\"@type\":\"ListItem\",\"position\":1,\"name\":\"Home\",\"item\":\"https:\/\/skimai.com\/\"},{\"@type\":\"ListItem\",\"position\":2,\"name\":\"Install Confirmation\"}]},{\"@type\":\"WebSite\",\"@id\":\"https:\/\/skimai.com\/uk\/#website\",\"url\":\"https:\/\/skimai.com\/uk\/\",\"name\":\"Skim AI\",\"description\":\"The AI Agent Workforce Platform\",\"publisher\":{\"@id\":\"https:\/\/skimai.com\/uk\/#organization\"},\"potentialAction\":[{\"@type\":\"SearchAction\",\"target\":{\"@type\":\"EntryPoint\",\"urlTemplate\":\"https:\/\/skimai.com\/uk\/?s={search_term_string}\"},\"query-input\":{\"@type\":\"PropertyValueSpecification\",\"valueRequired\":true,\"valueName\":\"search_term_string\"}}],\"inLanguage\":\"pt-PT\"},{\"@type\":\"Organization\",\"@id\":\"https:\/\/skimai.com\/uk\/#organization\",\"name\":\"Skim AI\",\"url\":\"https:\/\/skimai.com\/uk\/\",\"logo\":{\"@type\":\"ImageObject\",\"inLanguage\":\"pt-PT\",\"@id\":\"https:\/\/skimai.com\/uk\/#\/schema\/logo\/image\/\",\"url\":\"http:\/\/skimai.com\/wp-content\/uploads\/2020\/07\/SKIM-AI-Header-Logo.png\",\"contentUrl\":\"http:\/\/skimai.com\/wp-content\/uploads\/2020\/07\/SKIM-AI-Header-Logo.png\",\"width\":194,\"height\":58,\"caption\":\"Skim AI\"},\"image\":{\"@id\":\"https:\/\/skimai.com\/uk\/#\/schema\/logo\/image\/\"},\"sameAs\":[\"https:\/\/www.linkedin.com\/company\/skim-ai\"]}]}<\/script>\n<!-- \/ Yoast SEO plugin. -->","yoast_head_json":{"title":"Confirma\u00e7\u00e3o de instala\u00e7\u00e3o - Skim AI","robots":{"index":"index","follow":"follow","max-snippet":"max-snippet:-1","max-image-preview":"max-image-preview:large","max-video-preview":"max-video-preview:-1"},"canonical":"https:\/\/skimai.com\/pt\/tutorial\/","og_locale":"pt_PT","og_type":"article","og_title":"Install Confirmation - Skim AI","og_description":"Getting Started: Get the information you're looking for in a fraction of the time in two simple steps. Watch Tutorials The information you need is out there. Skim AI will help you find it, save it, and retrieve it when you need. Cut down on reading time with the AI-enabled summarization tool. Adjust summary size [&hellip;]","og_url":"https:\/\/skimai.com\/pt\/tutorial\/","og_site_name":"Skim AI","article_modified_time":"2023-07-10T17:02:22+00:00","og_image":[{"url":"http:\/\/skimai.com\/wp-content\/uploads\/2019\/09\/1.png","type":"","width":"","height":""}],"twitter_card":"summary_large_image","twitter_misc":{"Tempo estimado de leitura":"1 minuto"},"schema":{"@context":"https:\/\/schema.org","@graph":[{"@type":"WebPage","@id":"https:\/\/skimai.com\/tutorial\/","url":"https:\/\/skimai.com\/tutorial\/","name":"Confirma\u00e7\u00e3o de instala\u00e7\u00e3o - Skim AI","isPartOf":{"@id":"https:\/\/skimai.com\/uk\/#website"},"primaryImageOfPage":{"@id":"https:\/\/skimai.com\/tutorial\/#primaryimage"},"image":{"@id":"https:\/\/skimai.com\/tutorial\/#primaryimage"},"thumbnailUrl":"http:\/\/skimai.com\/wp-content\/uploads\/2019\/09\/1.png","datePublished":"2019-06-20T18:59:50+00:00","dateModified":"2023-07-10T17:02:22+00:00","breadcrumb":{"@id":"https:\/\/skimai.com\/tutorial\/#breadcrumb"},"inLanguage":"pt-PT","potentialAction":[{"@type":"ReadAction","target":["https:\/\/skimai.com\/tutorial\/"]}]},{"@type":"ImageObject","inLanguage":"pt-PT","@id":"https:\/\/skimai.com\/tutorial\/#primaryimage","url":"http:\/\/skimai.com\/wp-content\/uploads\/2019\/09\/1.png","contentUrl":"http:\/\/skimai.com\/wp-content\/uploads\/2019\/09\/1.png"},{"@type":"BreadcrumbList","@id":"https:\/\/skimai.com\/tutorial\/#breadcrumb","itemListElement":[{"@type":"ListItem","position":1,"name":"Home","item":"https:\/\/skimai.com\/"},{"@type":"ListItem","position":2,"name":"Install Confirmation"}]},{"@type":"WebSite","@id":"https:\/\/skimai.com\/uk\/#website","url":"https:\/\/skimai.com\/uk\/","name":"IA de desnata\u00e7\u00e3o","description":"A plataforma de for\u00e7a de trabalho de agentes de IA","publisher":{"@id":"https:\/\/skimai.com\/uk\/#organization"},"potentialAction":[{"@type":"SearchAction","target":{"@type":"EntryPoint","urlTemplate":"https:\/\/skimai.com\/uk\/?s={search_term_string}"},"query-input":{"@type":"PropertyValueSpecification","valueRequired":true,"valueName":"search_term_string"}}],"inLanguage":"pt-PT"},{"@type":"Organization","@id":"https:\/\/skimai.com\/uk\/#organization","name":"IA de desnata\u00e7\u00e3o","url":"https:\/\/skimai.com\/uk\/","logo":{"@type":"ImageObject","inLanguage":"pt-PT","@id":"https:\/\/skimai.com\/uk\/#\/schema\/logo\/image\/","url":"http:\/\/skimai.com\/wp-content\/uploads\/2020\/07\/SKIM-AI-Header-Logo.png","contentUrl":"http:\/\/skimai.com\/wp-content\/uploads\/2020\/07\/SKIM-AI-Header-Logo.png","width":194,"height":58,"caption":"Skim AI"},"image":{"@id":"https:\/\/skimai.com\/uk\/#\/schema\/logo\/image\/"},"sameAs":["https:\/\/www.linkedin.com\/company\/skim-ai"]}]}},"_links":{"self":[{"href":"https:\/\/skimai.com\/pt\/wp-json\/wp\/v2\/pages\/1604","targetHints":{"allow":["GET"]}}],"collection":[{"href":"https:\/\/skimai.com\/pt\/wp-json\/wp\/v2\/pages"}],"about":[{"href":"https:\/\/skimai.com\/pt\/wp-json\/wp\/v2\/types\/page"}],"author":[{"embeddable":true,"href":"https:\/\/skimai.com\/pt\/wp-json\/wp\/v2\/users\/1003"}],"replies":[{"embeddable":true,"href":"https:\/\/skimai.com\/pt\/wp-json\/wp\/v2\/comments?post=1604"}],"version-history":[{"count":0,"href":"https:\/\/skimai.com\/pt\/wp-json\/wp\/v2\/pages\/1604\/revisions"}],"wp:attachment":[{"href":"https:\/\/skimai.com\/pt\/wp-json\/wp\/v2\/media?parent=1604"}],"curies":[{"name":"wp","href":"https:\/\/api.w.org\/{rel}","templated":true}]}}