{"id":1119,"date":"2019-03-12T07:04:17","date_gmt":"2019-03-12T07:04:17","guid":{"rendered":"http:\/\/ec2-54-145-54-64.compute-1.amazonaws.com\/?page_id=1119"},"modified":"2023-07-10T19:05:07","modified_gmt":"2023-07-10T19:05:07","slug":"politica-de-privacidade","status":"publish","type":"page","link":"https:\/\/skimai.com\/pt\/privacy-policy\/","title":{"rendered":"Pol\u00edtica de privacidade"},"content":{"rendered":"<h5>\n<h1 id=\"ppHeader\">Pol\u00edtica de privacidade<\/h1>\n<p>&nbsp;&nbsp;Esta pol\u00edtica de privacidade foi compilada para melhor servir aqueles que est\u00e3o preocupados com a forma como as suas \"Informa\u00e7\u00f5es Pessoais Identific\u00e1veis\" (IPI) est\u00e3o a ser utilizadas em linha. As PII, tal como descritas na lei de privacidade e seguran\u00e7a da informa\u00e7\u00e3o dos EUA, s\u00e3o informa\u00e7\u00f5es que podem ser utilizadas isoladamente ou em conjunto com outras informa\u00e7\u00f5es para identificar, contactar ou localizar uma \u00fanica pessoa, ou para identificar um indiv\u00edduo num contexto. Leia atentamente a nossa pol\u00edtica de privacidade para compreender claramente a forma como recolhemos, utilizamos, protegemos ou tratamos as suas Informa\u00e7\u00f5es Pessoais Identific\u00e1veis de acordo com o nosso s\u00edtio Web.&nbsp;<\/p>\n<p><strong>Que informa\u00e7\u00f5es pessoais recolhemos das pessoas que visitam o nosso blogue, s\u00edtio Web ou aplica\u00e7\u00e3o?<\/strong>Ao encomendar ou registar-se no nosso site, conforme apropriado, poder\u00e1 ser-lhe pedido que introduza o seu nome, endere\u00e7o de correio eletr\u00f3nico, endere\u00e7o postal, n\u00famero de telefone, informa\u00e7\u00f5es do cart\u00e3o de cr\u00e9dito, Dados de utiliza\u00e7\u00e3o ou outros detalhes para o ajudar na sua experi\u00eancia.<strong><br \/><\/strong><strong>Quando \u00e9 que recolhemos informa\u00e7\u00f5es?<\/strong>Recolhemos informa\u00e7\u00f5es do utilizador quando este se regista no nosso site, efectua uma encomenda, responde a um inqu\u00e9rito ou introduz informa\u00e7\u00f5es no nosso site.<\/p>\n<p>Fornecer-nos feedback sobre os nossos produtos ou servi\u00e7os Utilizar a aplica\u00e7\u00e3o&nbsp;<\/p>\n<p><strong><br \/><\/strong><strong>Como \u00e9 que utilizamos as suas informa\u00e7\u00f5es?<\/strong><\/p>\n<p>Podemos utilizar as informa\u00e7\u00f5es que recolhemos do utilizador quando se regista, faz uma compra, subscreve a nossa newsletter, responde a um inqu\u00e9rito ou a uma comunica\u00e7\u00e3o de marketing, navega no s\u00edtio Web ou utiliza outras funcionalidades do s\u00edtio das seguintes formas<\/p>\n<p>&nbsp;&nbsp;&nbsp;&nbsp;&nbsp;&nbsp;<strong>-<\/strong>&nbsp;Para personalizar a sua experi\u00eancia e para nos permitir fornecer o tipo de conte\u00fado e ofertas de produtos em que est\u00e1 mais interessado.&nbsp;&nbsp;&nbsp;&nbsp;&nbsp;&nbsp;<strong>-<\/strong>&nbsp;Para melhorar o nosso s\u00edtio Web, a fim de o servir melhor.&nbsp;&nbsp;&nbsp;&nbsp;&nbsp;&nbsp;<strong>-<\/strong>&nbsp;Para nos permitir prestar um melhor servi\u00e7o ao utilizador, respondendo aos seus pedidos de assist\u00eancia ao cliente.&nbsp;&nbsp;&nbsp;&nbsp;&nbsp;&nbsp;<strong>-<\/strong>&nbsp;Para administrar um concurso, promo\u00e7\u00e3o, inqu\u00e9rito ou outra funcionalidade do s\u00edtio.&nbsp;&nbsp;&nbsp;&nbsp;&nbsp;&nbsp;<strong>-<\/strong>&nbsp;Para processar rapidamente as suas transac\u00e7\u00f5es.&nbsp;&nbsp;&nbsp;&nbsp;&nbsp;&nbsp;<strong>-<\/strong>&nbsp;Para pedir classifica\u00e7\u00f5es e cr\u00edticas de servi\u00e7os ou produtos&nbsp;&nbsp;&nbsp;&nbsp;&nbsp;&nbsp;<strong>-<\/strong>&nbsp;Para fazer o acompanhamento ap\u00f3s a correspond\u00eancia (chat em direto, correio eletr\u00f3nico ou pedidos de informa\u00e7\u00e3o por telefone)<\/p>\n<p>&nbsp;<\/p>\n<p><strong>Como \u00e9 que protegemos as suas informa\u00e7\u00f5es?<\/strong><\/p>\n<p>O nosso s\u00edtio Web \u00e9 analisado regularmente para detetar falhas de seguran\u00e7a e vulnerabilidades conhecidas, a fim de tornar a sua visita ao nosso s\u00edtio o mais segura poss\u00edvel.<\/p>\n<p>Utilizamos a verifica\u00e7\u00e3o regular de malware.<\/p>\n<p>As informa\u00e7\u00f5es pessoais do utilizador est\u00e3o contidas em redes seguras e s\u00f3 s\u00e3o acess\u00edveis a um n\u00famero limitado de pessoas que t\u00eam direitos de acesso especiais a esses sistemas e s\u00e3o obrigadas a manter as informa\u00e7\u00f5es confidenciais. Implementamos uma s\u00e9rie de medidas de seguran\u00e7a quando um utilizador faz uma encomenda, introduz, submete ou acede \u00e0s suas informa\u00e7\u00f5es para manter a seguran\u00e7a das suas informa\u00e7\u00f5es pessoais. Todas as transac\u00e7\u00f5es s\u00e3o processadas atrav\u00e9s de um fornecedor de gateway e n\u00e3o s\u00e3o armazenadas ou processadas nos nossos servidores.<\/p>\n<p>&nbsp;<\/p>\n<p><strong>Utilizamos \"cookies\"?<\/strong>Sim. Os cookies s\u00e3o pequenos ficheiros que um site ou o seu fornecedor de servi\u00e7os transfere para o disco r\u00edgido do seu computador atrav\u00e9s do seu browser da Web (se o permitir) que permite que os sistemas do site ou do fornecedor de servi\u00e7os reconhe\u00e7am o seu browser e capturem e recordem determinadas informa\u00e7\u00f5es. Por exemplo, utilizamos cookies para nos ajudar a recordar e processar os itens do seu carrinho de compras. Tamb\u00e9m s\u00e3o utilizados para nos ajudar a compreender as suas prefer\u00eancias com base na atividade anterior ou atual do s\u00edtio, o que nos permite fornecer-lhe servi\u00e7os melhorados. Tamb\u00e9m utilizamos cookies para nos ajudar a compilar dados agregados sobre o tr\u00e1fego e a intera\u00e7\u00e3o no s\u00edtio, de modo a podermos oferecer melhores experi\u00eancias e ferramentas no futuro.<strong><br \/><\/strong><strong>Utilizamos cookies para:<\/strong>&nbsp;&nbsp;&nbsp;&nbsp;&nbsp;&nbsp;<strong>-<\/strong>&nbsp;Compreender e guardar as prefer\u00eancias do utilizador para futuras visitas.&nbsp;&nbsp;&nbsp;&nbsp;&nbsp;&nbsp;<strong>-<\/strong>&nbsp;Acompanhar os an\u00fancios.&nbsp;&nbsp;&nbsp;&nbsp;&nbsp;&nbsp;<strong>-<\/strong>&nbsp;Compilar dados agregados sobre o tr\u00e1fego e as interac\u00e7\u00f5es do s\u00edtio, de modo a oferecer melhores experi\u00eancias e ferramentas no futuro. O utilizador pode optar por que o seu computador o avise sempre que um cookie estiver a ser enviado, ou pode optar por desativar todos os cookies. Isto pode ser feito atrav\u00e9s das defini\u00e7\u00f5es do seu browser. Uma vez que os browsers s\u00e3o um pouco diferentes, consulte o menu de ajuda do seu browser para saber qual a forma correcta de modificar os seus cookies.<strong><br \/><\/strong><strong>Se os utilizadores desactivarem os cookies no seu browser:<\/strong>Se desativar os cookies, algumas das funcionalidades que tornam a sua experi\u00eancia no s\u00edtio mais eficiente poder\u00e3o n\u00e3o funcionar corretamente.<\/p>\n<p>&nbsp;<\/p>\n<p><strong>Divulga\u00e7\u00e3o por terceiros<\/strong><\/p>\n<p>N\u00e3o vendemos, trocamos ou transferimos de outra forma para terceiros as suas Informa\u00e7\u00f5es Pessoais Identific\u00e1veis, a menos que avisemos os utilizadores com anteced\u00eancia. Isto n\u00e3o inclui parceiros de alojamento de s\u00edtios Web e outras partes que nos ajudam a operar o nosso s\u00edtio Web, a conduzir o nosso neg\u00f3cio ou a servir os nossos utilizadores, desde que essas partes concordem em manter estas informa\u00e7\u00f5es confidenciais. Tamb\u00e9m podemos divulgar informa\u00e7\u00f5es quando a sua divulga\u00e7\u00e3o for adequada para cumprir a lei, aplicar as pol\u00edticas do nosso s\u00edtio ou proteger os nossos direitos, propriedade ou seguran\u00e7a ou os de terceiros.<\/p>\n<p>No entanto, as informa\u00e7\u00f5es n\u00e3o pessoalmente identific\u00e1veis dos visitantes podem ser fornecidas a outras entidades para fins de marketing, publicidade ou outras utiliza\u00e7\u00f5es.<\/p>\n<p>&nbsp;<\/p>\n<p><strong>Liga\u00e7\u00f5es de terceiros<\/strong>Ocasionalmente, \u00e0 nossa discri\u00e7\u00e3o, podemos incluir ou oferecer produtos ou servi\u00e7os de terceiros no nosso s\u00edtio Web. Estes s\u00edtios de terceiros t\u00eam pol\u00edticas de privacidade separadas e independentes. Por conseguinte, n\u00e3o temos qualquer responsabilidade pelo conte\u00fado e actividades desses s\u00edtios ligados. No entanto, procuramos proteger a integridade do nosso s\u00edtio e agradecemos qualquer coment\u00e1rio sobre esses s\u00edtios.<\/p>\n<p>&nbsp;<\/p>\n<p><strong>Google<\/strong><\/p>\n<p>Os requisitos de publicidade da Google podem ser resumidos nos Princ\u00edpios de publicidade da Google. Estes princ\u00edpios foram criados para proporcionar uma experi\u00eancia positiva aos utilizadores. https:\/\/support.google.com\/adwordspolicy\/answer\/1316548?hl=en<\/p>\n<p>Utilizamos a publicidade do Google AdSense no nosso s\u00edtio Web. O Google, como fornecedor de terceiros, utiliza cookies para apresentar an\u00fancios no nosso s\u00edtio. A utiliza\u00e7\u00e3o do cookie DART pelo Google permite-lhe apresentar an\u00fancios aos nossos utilizadores com base em visitas anteriores ao nosso site e a outros sites na Internet. Os utilizadores podem optar por n\u00e3o utilizar o cookie DART visitando a pol\u00edtica de privacidade da Rede de conte\u00fado e an\u00fancios do Google.<strong><br \/><\/strong><strong>Implement\u00e1mos o seguinte:<\/strong>N\u00f3s, juntamente com fornecedores terceiros, como a Google, utilizamos cookies pr\u00f3prios (como os cookies do Google Analytics) e cookies de terceiros (como o cookie DoubleClick) ou outros identificadores de terceiros para compilar dados relativos \u00e0s interac\u00e7\u00f5es dos utilizadores com impress\u00f5es de an\u00fancios e outras fun\u00e7\u00f5es de servi\u00e7os de an\u00fancios relacionadas com o nosso s\u00edtio Web.<strong><br \/><\/strong><strong>Optar por n\u00e3o participar:<\/strong><br \/>Os utilizadores podem definir prefer\u00eancias quanto \u00e0 forma como o Google lhe faz publicidade utilizando a p\u00e1gina Defini\u00e7\u00f5es de an\u00fancios do Google. Em alternativa, o utilizador pode optar por n\u00e3o participar visitando a p\u00e1gina de exclus\u00e3o da Network Advertising Initiative ou utilizando o suplemento do navegador para exclus\u00e3o do Google Analytics.<\/p>\n<p>&nbsp;<\/p>\n<p><strong>Lei de Prote\u00e7\u00e3o da Privacidade em Linha da Calif\u00f3rnia<\/strong>A CalOPPA \u00e9 a primeira lei estatal do pa\u00eds a exigir que os s\u00edtios Web comerciais e os servi\u00e7os em linha publiquem uma pol\u00edtica de privacidade. O alcance da lei vai muito al\u00e9m da Calif\u00f3rnia, exigindo que qualquer pessoa ou empresa nos Estados Unidos (e possivelmente no mundo) que opere s\u00edtios Web que recolham informa\u00e7\u00f5es pessoais identific\u00e1veis de consumidores da Calif\u00f3rnia publique uma pol\u00edtica de privacidade vis\u00edvel no seu s\u00edtio Web, indicando exatamente as informa\u00e7\u00f5es recolhidas e os indiv\u00edduos ou empresas com quem s\u00e3o partilhadas. - Ver mais em: http:\/\/consumercal.org\/california-online-privacy-protection-act-caloppa\/#sthash.0FdRbT51.dpuf<strong><br \/><\/strong><strong>De acordo com a CalOPPA, concordamos com o seguinte:<\/strong>Os utilizadores podem visitar o nosso site de forma an\u00f3nima. Assim que esta pol\u00edtica de privacidade for criada, adicionaremos uma hiperliga\u00e7\u00e3o para a mesma na nossa p\u00e1gina inicial ou, no m\u00ednimo, na primeira p\u00e1gina significativa depois de entrar no nosso site. A nossa hiperliga\u00e7\u00e3o para a pol\u00edtica de privacidade inclui a palavra \"Privacidade\" e pode ser facilmente encontrada na p\u00e1gina especificada acima:&nbsp;&nbsp;&nbsp;&nbsp;&nbsp;&nbsp;<strong>-<\/strong>&nbsp;Na nossa p\u00e1gina Pol\u00edtica de privacidadePode alterar as suas informa\u00e7\u00f5es pessoais:&nbsp;&nbsp;&nbsp;&nbsp;&nbsp;&nbsp;<strong>-<\/strong>&nbsp;Ao iniciar sess\u00e3o na sua conta<strong><br \/><\/strong><strong>Como \u00e9 que o nosso s\u00edtio lida com os sinais de n\u00e3o rastreio?<\/strong>N\u00e3o respeitamos os sinais de N\u00e3o rastrear e N\u00e3o rastrear, n\u00e3o instalamos cookies nem utilizamos publicidade quando um mecanismo de navegador N\u00e3o rastrear (DNT) est\u00e1 em vigor. N\u00e3o os respeitamos porque:Somos uma pequena empresa e ainda n\u00e3o sabemos como o fazer.<strong><br \/><\/strong><strong>O nosso s\u00edtio permite o rastreio comportamental por parte de terceiros?<\/strong>Tamb\u00e9m \u00e9 importante notar que n\u00e3o permitimos o rastreio comportamental de terceiros<\/p>\n<p>&nbsp;<\/p>\n<p><strong>COPPA (Children Online Privacy Protection Act)<\/strong><\/p>\n<p>No que diz respeito \u00e0 recolha de informa\u00e7\u00f5es pessoais de crian\u00e7as com menos de 13 anos de idade, a Lei de Prote\u00e7\u00e3o da Privacidade em Linha das Crian\u00e7as (COPPA) coloca os pais no controlo. A Federal Trade Commission, a ag\u00eancia de prote\u00e7\u00e3o do consumidor dos Estados Unidos, aplica a Regra COPPA, que especifica o que os operadores de s\u00edtios Web e servi\u00e7os em linha devem fazer para proteger a privacidade e a seguran\u00e7a das crian\u00e7as em linha.<\/p>\n<p>N\u00e3o comercializamos especificamente para crian\u00e7as com idade inferior a 13 anos. Permitimos que terceiros, incluindo redes de an\u00fancios ou plug-ins, recolham informa\u00e7\u00f5es que identificam pessoalmente crian\u00e7as com idade inferior a 13 anos?<\/p>\n<p>&nbsp;<\/p>\n<p><strong>Pr\u00e1ticas leais de informa\u00e7\u00e3o<\/strong><\/p>\n<p>Os Princ\u00edpios de Pr\u00e1ticas de Informa\u00e7\u00e3o Justas constituem a espinha dorsal da legisla\u00e7\u00e3o sobre privacidade nos Estados Unidos e os conceitos que incluem t\u00eam desempenhado um papel significativo no desenvolvimento de leis de prote\u00e7\u00e3o de dados em todo o mundo. Compreender os Princ\u00edpios de Pr\u00e1ticas de Informa\u00e7\u00e3o Justas e a forma como devem ser implementados \u00e9 fundamental para cumprir as v\u00e1rias leis de privacidade que protegem as informa\u00e7\u00f5es pessoais.<\/p>\n<p><strong><br \/><\/strong><strong>Para estarmos em conformidade com as pr\u00e1ticas de informa\u00e7\u00e3o justas, tomaremos as seguintes medidas de resposta, caso ocorra uma viola\u00e7\u00e3o de dados:<\/strong>Ser\u00e1 notificado por correio eletr\u00f3nico&nbsp;&nbsp;&nbsp;&nbsp;&nbsp;&nbsp;<strong>-<\/strong>&nbsp;OutrosAssim que conseguirmos compreender o \u00e2mbito da viola\u00e7\u00e3o, tamb\u00e9m concordamos com o Princ\u00edpio da Repara\u00e7\u00e3o Individual, que exige que os indiv\u00edduos tenham o direito de exercer direitos legais contra os colectores e processadores de dados que n\u00e3o cumpram a lei. Este princ\u00edpio exige n\u00e3o s\u00f3 que os indiv\u00edduos tenham direitos execut\u00f3rios contra os utilizadores de dados, mas tamb\u00e9m que os indiv\u00edduos recorram a tribunais ou ag\u00eancias governamentais para investigar e\/ou processar o incumprimento por parte dos processadores de dados.<\/p>\n<p>&nbsp;<\/p>\n<p><strong>Lei CAN SPAM<\/strong><\/p>\n<p>A Lei CAN-SPAM \u00e9 uma lei que define as regras para o correio eletr\u00f3nico comercial, estabelece requisitos para as mensagens comerciais, d\u00e1 aos destinat\u00e1rios o direito de n\u00e3o receberem mais mensagens de correio eletr\u00f3nico e define san\u00e7\u00f5es severas para as viola\u00e7\u00f5es.<\/p>\n<p><strong><br \/><\/strong><strong>Recolhemos o seu endere\u00e7o de correio eletr\u00f3nico para:<\/strong>&nbsp;&nbsp;&nbsp;&nbsp;&nbsp;&nbsp;<strong>-<\/strong>&nbsp;Enviar informa\u00e7\u00f5es, responder a inqu\u00e9ritos e\/ou outros pedidos ou quest\u00f5es&nbsp;&nbsp;&nbsp;&nbsp;&nbsp;&nbsp;<strong>-<\/strong>&nbsp;Processar encomendas e enviar informa\u00e7\u00f5es e actualiza\u00e7\u00f5es relativas a encomendas.&nbsp;&nbsp;&nbsp;&nbsp;&nbsp;&nbsp;<strong>-<\/strong>&nbsp;Enviar-lhe informa\u00e7\u00f5es adicionais relacionadas com o seu produto e\/ou servi\u00e7o&nbsp;&nbsp;&nbsp;&nbsp;&nbsp;&nbsp;<strong>-<\/strong>&nbsp;Comercializar a nossa lista de correio eletr\u00f3nico ou continuar a enviar mensagens de correio eletr\u00f3nico aos nossos clientes ap\u00f3s a realiza\u00e7\u00e3o da transa\u00e7\u00e3o original.<strong><br \/><\/strong><strong>Para estar em conformidade com o CANSPAM, concordamos com o seguinte:<\/strong>&nbsp;&nbsp;&nbsp;&nbsp;&nbsp;&nbsp;<strong>-<\/strong>&nbsp;N\u00e3o utilizar assuntos ou endere\u00e7os electr\u00f3nicos falsos ou enganadores.&nbsp;&nbsp;&nbsp;&nbsp;&nbsp;&nbsp;<strong>-<\/strong>&nbsp;Identificar a mensagem como um an\u00fancio publicit\u00e1rio de uma forma razo\u00e1vel.&nbsp;&nbsp;&nbsp;&nbsp;&nbsp;&nbsp;<strong>-<\/strong>&nbsp;Incluir o endere\u00e7o f\u00edsico da sede da empresa ou do local.&nbsp;&nbsp;&nbsp;&nbsp;&nbsp;&nbsp;<strong>-<\/strong>&nbsp;Monitorizar a conformidade dos servi\u00e7os de marketing por correio eletr\u00f3nico de terceiros, caso sejam utilizados.&nbsp;&nbsp;&nbsp;&nbsp;&nbsp;&nbsp;<strong>-<\/strong>&nbsp;Atender rapidamente aos pedidos de opt-out\/anula\u00e7\u00e3o de subscri\u00e7\u00e3o.&nbsp;&nbsp;&nbsp;&nbsp;&nbsp;&nbsp;<strong>-<\/strong>&nbsp;Permitir que os utilizadores cancelem a subscri\u00e7\u00e3o utilizando a liga\u00e7\u00e3o na parte inferior de cada mensagem de correio eletr\u00f3nico.<strong><br \/>Se, em qualquer altura, pretender cancelar a subscri\u00e7\u00e3o de futuras mensagens de correio eletr\u00f3nico, pode enviar-nos um e-mail para<\/strong>&nbsp;&nbsp;&nbsp;&nbsp;&nbsp;&nbsp;<strong>-<\/strong>&nbsp;Siga as instru\u00e7\u00f5es na parte inferior de cada correio eletr\u00f3nico.<\/p>\n<p>e retir\u00e1-lo-emos imediatamente do&nbsp;<strong>TODOS<\/strong>&nbsp;correspond\u00eancia.<\/p>\n<p>&nbsp;<\/p>\n<p><strong>Pol\u00edtica sujeita a altera\u00e7\u00f5es<\/strong><\/p>\n<p>&nbsp;<\/p>\n<p>\u00c0 medida que a empresa evolui, \u00e9 prov\u00e1vel que a pol\u00edtica de privacidade sofra altera\u00e7\u00f5es. A pol\u00edtica atual n\u00e3o \u00e9 uma garantia de que os termos n\u00e3o ser\u00e3o alterados e \u00e9 um come\u00e7o de boa f\u00e9 de uma startup em fase de arranque. Se a pol\u00edtica mudar, os utilizadores ser\u00e3o notificados e ser-lhes-\u00e1 pedido que aceitem se quiserem continuar a utilizar o servi\u00e7o.<\/p>\n<p>&nbsp;<\/p>\n<p><strong>Como contactar-nos<\/strong><\/p>\n<p>&nbsp;<\/p>\n<p>Se tiver alguma d\u00favida sobre esta pol\u00edtica de privacidade, pode contactar-nos utilizando as informa\u00e7\u00f5es abaixo.<\/p>\n<p>www.skimai.com244 5th Ave STE 2720<\/p>\n<p>NY, NY 10001<\/p>\n<p>U.S.A.support@skimai.comLast Editado em 2018-03-13<\/p>\n<\/h5>","protected":false},"excerpt":{"rendered":"<p>Privacy Policy &nbsp;&nbsp;This privacy policy has been compiled to better serve those who are concerned with how their &#8216;Personally Identifiable Information&#8217; (PII) is being used online. PII, as described in US privacy law and information security, is information that can be used on its own or with other information to identify, contact, or locate a [&hellip;]<\/p>\n","protected":false},"author":1003,"featured_media":0,"parent":0,"menu_order":0,"comment_status":"closed","ping_status":"closed","template":"elementor_header_footer","meta":{"_et_pb_use_builder":"","_et_pb_old_content":"","_et_gb_content_width":"","footnotes":""},"class_list":["post-1119","page","type-page","status-publish","hentry"],"yoast_head":"<!-- This site is optimized with the Yoast SEO plugin v24.1 - https:\/\/yoast.com\/wordpress\/plugins\/seo\/ -->\n<title>Privacy Policy - Skim AI<\/title>\n<meta name=\"robots\" content=\"index, follow, max-snippet:-1, max-image-preview:large, max-video-preview:-1\" \/>\n<link rel=\"canonical\" href=\"https:\/\/skimai.com\/pt\/politica-de-privacidade\/\" \/>\n<meta property=\"og:locale\" content=\"pt_PT\" \/>\n<meta property=\"og:type\" content=\"article\" \/>\n<meta property=\"og:title\" content=\"Privacy Policy - Skim AI\" \/>\n<meta property=\"og:description\" content=\"Privacy Policy &nbsp;&nbsp;This privacy policy has been compiled to better serve those who are concerned with how their &#8216;Personally Identifiable Information&#8217; (PII) is being used online. PII, as described in US privacy law and information security, is information that can be used on its own or with other information to identify, contact, or locate a [&hellip;]\" \/>\n<meta property=\"og:url\" content=\"https:\/\/skimai.com\/pt\/politica-de-privacidade\/\" \/>\n<meta property=\"og:site_name\" content=\"Skim AI\" \/>\n<meta property=\"article:modified_time\" content=\"2023-07-10T19:05:07+00:00\" \/>\n<meta name=\"twitter:card\" content=\"summary_large_image\" \/>\n<meta name=\"twitter:label1\" content=\"Tempo estimado de leitura\" \/>\n\t<meta name=\"twitter:data1\" content=\"10 minutos\" \/>\n<script type=\"application\/ld+json\" class=\"yoast-schema-graph\">{\"@context\":\"https:\/\/schema.org\",\"@graph\":[{\"@type\":\"WebPage\",\"@id\":\"https:\/\/skimai.com\/de\/datenschutzbestimmungen\/\",\"url\":\"https:\/\/skimai.com\/de\/datenschutzbestimmungen\/\",\"name\":\"Privacy Policy - Skim AI\",\"isPartOf\":{\"@id\":\"https:\/\/skimai.com\/uk\/#website\"},\"datePublished\":\"2019-03-12T07:04:17+00:00\",\"dateModified\":\"2023-07-10T19:05:07+00:00\",\"breadcrumb\":{\"@id\":\"https:\/\/skimai.com\/de\/datenschutzbestimmungen\/#breadcrumb\"},\"inLanguage\":\"pt-PT\",\"potentialAction\":[{\"@type\":\"ReadAction\",\"target\":[\"https:\/\/skimai.com\/de\/datenschutzbestimmungen\/\"]}]},{\"@type\":\"BreadcrumbList\",\"@id\":\"https:\/\/skimai.com\/de\/datenschutzbestimmungen\/#breadcrumb\",\"itemListElement\":[{\"@type\":\"ListItem\",\"position\":1,\"name\":\"Home\",\"item\":\"https:\/\/skimai.com\/\"},{\"@type\":\"ListItem\",\"position\":2,\"name\":\"Privacy Policy\"}]},{\"@type\":\"WebSite\",\"@id\":\"https:\/\/skimai.com\/uk\/#website\",\"url\":\"https:\/\/skimai.com\/uk\/\",\"name\":\"Skim AI\",\"description\":\"The AI Agent Workforce Platform\",\"publisher\":{\"@id\":\"https:\/\/skimai.com\/uk\/#organization\"},\"potentialAction\":[{\"@type\":\"SearchAction\",\"target\":{\"@type\":\"EntryPoint\",\"urlTemplate\":\"https:\/\/skimai.com\/uk\/?s={search_term_string}\"},\"query-input\":{\"@type\":\"PropertyValueSpecification\",\"valueRequired\":true,\"valueName\":\"search_term_string\"}}],\"inLanguage\":\"pt-PT\"},{\"@type\":\"Organization\",\"@id\":\"https:\/\/skimai.com\/uk\/#organization\",\"name\":\"Skim AI\",\"url\":\"https:\/\/skimai.com\/uk\/\",\"logo\":{\"@type\":\"ImageObject\",\"inLanguage\":\"pt-PT\",\"@id\":\"https:\/\/skimai.com\/uk\/#\/schema\/logo\/image\/\",\"url\":\"http:\/\/skimai.com\/wp-content\/uploads\/2020\/07\/SKIM-AI-Header-Logo.png\",\"contentUrl\":\"http:\/\/skimai.com\/wp-content\/uploads\/2020\/07\/SKIM-AI-Header-Logo.png\",\"width\":194,\"height\":58,\"caption\":\"Skim AI\"},\"image\":{\"@id\":\"https:\/\/skimai.com\/uk\/#\/schema\/logo\/image\/\"},\"sameAs\":[\"https:\/\/www.linkedin.com\/company\/skim-ai\"]}]}<\/script>\n<!-- \/ Yoast SEO plugin. -->","yoast_head_json":{"title":"Pol\u00edtica de privacidade - Skim AI","robots":{"index":"index","follow":"follow","max-snippet":"max-snippet:-1","max-image-preview":"max-image-preview:large","max-video-preview":"max-video-preview:-1"},"canonical":"https:\/\/skimai.com\/pt\/politica-de-privacidade\/","og_locale":"pt_PT","og_type":"article","og_title":"Privacy Policy - Skim AI","og_description":"Privacy Policy &nbsp;&nbsp;This privacy policy has been compiled to better serve those who are concerned with how their &#8216;Personally Identifiable Information&#8217; (PII) is being used online. PII, as described in US privacy law and information security, is information that can be used on its own or with other information to identify, contact, or locate a [&hellip;]","og_url":"https:\/\/skimai.com\/pt\/politica-de-privacidade\/","og_site_name":"Skim AI","article_modified_time":"2023-07-10T19:05:07+00:00","twitter_card":"summary_large_image","twitter_misc":{"Tempo estimado de leitura":"10 minutos"},"schema":{"@context":"https:\/\/schema.org","@graph":[{"@type":"WebPage","@id":"https:\/\/skimai.com\/de\/datenschutzbestimmungen\/","url":"https:\/\/skimai.com\/de\/datenschutzbestimmungen\/","name":"Pol\u00edtica de privacidade - Skim AI","isPartOf":{"@id":"https:\/\/skimai.com\/uk\/#website"},"datePublished":"2019-03-12T07:04:17+00:00","dateModified":"2023-07-10T19:05:07+00:00","breadcrumb":{"@id":"https:\/\/skimai.com\/de\/datenschutzbestimmungen\/#breadcrumb"},"inLanguage":"pt-PT","potentialAction":[{"@type":"ReadAction","target":["https:\/\/skimai.com\/de\/datenschutzbestimmungen\/"]}]},{"@type":"BreadcrumbList","@id":"https:\/\/skimai.com\/de\/datenschutzbestimmungen\/#breadcrumb","itemListElement":[{"@type":"ListItem","position":1,"name":"Home","item":"https:\/\/skimai.com\/"},{"@type":"ListItem","position":2,"name":"Privacy Policy"}]},{"@type":"WebSite","@id":"https:\/\/skimai.com\/uk\/#website","url":"https:\/\/skimai.com\/uk\/","name":"IA de desnata\u00e7\u00e3o","description":"A plataforma de for\u00e7a de trabalho de agentes de IA","publisher":{"@id":"https:\/\/skimai.com\/uk\/#organization"},"potentialAction":[{"@type":"SearchAction","target":{"@type":"EntryPoint","urlTemplate":"https:\/\/skimai.com\/uk\/?s={search_term_string}"},"query-input":{"@type":"PropertyValueSpecification","valueRequired":true,"valueName":"search_term_string"}}],"inLanguage":"pt-PT"},{"@type":"Organization","@id":"https:\/\/skimai.com\/uk\/#organization","name":"IA de desnata\u00e7\u00e3o","url":"https:\/\/skimai.com\/uk\/","logo":{"@type":"ImageObject","inLanguage":"pt-PT","@id":"https:\/\/skimai.com\/uk\/#\/schema\/logo\/image\/","url":"http:\/\/skimai.com\/wp-content\/uploads\/2020\/07\/SKIM-AI-Header-Logo.png","contentUrl":"http:\/\/skimai.com\/wp-content\/uploads\/2020\/07\/SKIM-AI-Header-Logo.png","width":194,"height":58,"caption":"Skim AI"},"image":{"@id":"https:\/\/skimai.com\/uk\/#\/schema\/logo\/image\/"},"sameAs":["https:\/\/www.linkedin.com\/company\/skim-ai"]}]}},"_links":{"self":[{"href":"https:\/\/skimai.com\/pt\/wp-json\/wp\/v2\/pages\/1119","targetHints":{"allow":["GET"]}}],"collection":[{"href":"https:\/\/skimai.com\/pt\/wp-json\/wp\/v2\/pages"}],"about":[{"href":"https:\/\/skimai.com\/pt\/wp-json\/wp\/v2\/types\/page"}],"author":[{"embeddable":true,"href":"https:\/\/skimai.com\/pt\/wp-json\/wp\/v2\/users\/1003"}],"replies":[{"embeddable":true,"href":"https:\/\/skimai.com\/pt\/wp-json\/wp\/v2\/comments?post=1119"}],"version-history":[{"count":0,"href":"https:\/\/skimai.com\/pt\/wp-json\/wp\/v2\/pages\/1119\/revisions"}],"wp:attachment":[{"href":"https:\/\/skimai.com\/pt\/wp-json\/wp\/v2\/media?parent=1119"}],"curies":[{"name":"wp","href":"https:\/\/api.w.org\/{rel}","templated":true}]}}