{"id":1119,"date":"2019-03-12T07:04:17","date_gmt":"2019-03-12T07:04:17","guid":{"rendered":"http:\/\/ec2-54-145-54-64.compute-1.amazonaws.com\/?page_id=1119"},"modified":"2023-07-10T19:05:07","modified_gmt":"2023-07-10T19:05:07","slug":"informativa-sulla-privacy","status":"publish","type":"page","link":"https:\/\/skimai.com\/it\/privacy-policy\/","title":{"rendered":"Informativa sulla privacy"},"content":{"rendered":"<h5>\n<h1 id=\"ppHeader\">Informativa sulla privacy<\/h1>\n<p>&nbsp;&nbsp;La presente informativa sulla privacy \u00e8 stata redatta per servire al meglio coloro che sono preoccupati per l'utilizzo online delle loro \"Informazioni di identificazione personale\" (PII). Le PII, come descritto nella legge statunitense sulla privacy e sulla sicurezza delle informazioni, sono informazioni che possono essere utilizzate da sole o con altre informazioni per identificare, contattare o localizzare una singola persona, o per identificare un individuo in un contesto. Vi invitiamo a leggere attentamente la nostra politica sulla privacy per comprendere chiaramente come raccogliamo, utilizziamo, proteggiamo o gestiamo in altro modo le vostre Informazioni di identificazione personale in conformit\u00e0 con il nostro sito web.&nbsp;<\/p>\n<p><strong>Quali informazioni personali raccogliamo dalle persone che visitano il nostro blog, sito web o app?<\/strong>Al momento dell'ordine o della registrazione sul nostro sito, a seconda dei casi, potrebbe esservi chiesto di inserire il vostro nome, indirizzo e-mail, indirizzo postale, numero di telefono, informazioni sulla carta di credito, Dati di utilizzo o altri dettagli per aiutarvi nella vostra esperienza.<strong><br \/><\/strong><strong>Quando raccogliamo le informazioni?<\/strong>Raccogliamo informazioni dall'utente quando si registra sul nostro sito, effettua un ordine, risponde a un sondaggio o inserisce informazioni sul nostro sito.<\/p>\n<p>Fornirci un feedback sui nostri prodotti o servizi Utilizzare l'applicazione&nbsp;<\/p>\n<p><strong><br \/><\/strong><strong>Come utilizziamo le vostre informazioni?<\/strong><\/p>\n<p>Possiamo utilizzare le informazioni che raccogliamo quando vi registrate, fate un acquisto, vi iscrivete alla nostra newsletter, rispondete a un sondaggio o a una comunicazione di marketing, navigate sul sito web o utilizzate alcune altre funzioni del sito nei seguenti modi:<\/p>\n<p>&nbsp;&nbsp;&nbsp;&nbsp;&nbsp;&nbsp;<strong>-<\/strong>&nbsp;Per personalizzare l'esperienza dell'utente e consentirci di fornire il tipo di contenuti e offerte di prodotti a cui l'utente \u00e8 maggiormente interessato.&nbsp;&nbsp;&nbsp;&nbsp;&nbsp;&nbsp;<strong>-<\/strong>&nbsp;Per migliorare il nostro sito web al fine di servirvi meglio.&nbsp;&nbsp;&nbsp;&nbsp;&nbsp;&nbsp;<strong>-<\/strong>&nbsp;Per consentirci di offrire un servizio migliore in risposta alle vostre richieste di assistenza clienti.&nbsp;&nbsp;&nbsp;&nbsp;&nbsp;&nbsp;<strong>-<\/strong>&nbsp;Per gestire un concorso, una promozione, un sondaggio o altre funzioni del sito.&nbsp;&nbsp;&nbsp;&nbsp;&nbsp;&nbsp;<strong>-<\/strong>&nbsp;Per elaborare rapidamente le vostre transazioni.&nbsp;&nbsp;&nbsp;&nbsp;&nbsp;&nbsp;<strong>-<\/strong>&nbsp;Per chiedere valutazioni e recensioni di servizi o prodotti&nbsp;&nbsp;&nbsp;&nbsp;&nbsp;&nbsp;<strong>-<\/strong>&nbsp;Seguire i clienti dopo la corrispondenza (live chat, e-mail o richieste telefoniche)<\/p>\n<p>&nbsp;<\/p>\n<p><strong>Come proteggiamo le vostre informazioni?<\/strong><\/p>\n<p>Il nostro sito web viene scansionato regolarmente per individuare eventuali falle di sicurezza e vulnerabilit\u00e0 note, al fine di rendere la vostra visita al nostro sito il pi\u00f9 sicura possibile.<\/p>\n<p>Utilizziamo regolarmente la scansione del malware.<\/p>\n<p>Le informazioni personali dell'utente sono contenute in reti protette e sono accessibili solo da un numero limitato di persone che hanno diritti di accesso speciali a tali sistemi e sono tenute a mantenere le informazioni riservate. Inoltre, tutte le informazioni sensibili\/creditizie fornite dall'utente sono criptate tramite la tecnologia Secure Socket Layer (SSL).Implementiamo una serie di misure di sicurezza quando un utente effettua un ordine, inserisce, invia o accede alle proprie informazioni per mantenere la sicurezza delle informazioni personali dell'utente.Tutte le transazioni vengono elaborate tramite un fornitore di gateway e non vengono memorizzate o elaborate sui nostri server.<\/p>\n<p>&nbsp;<\/p>\n<p><strong>Utilizziamo i \"cookie\"?<\/strong>S\u00ec. I cookie sono piccoli file che un sito o il suo fornitore di servizi trasferisce sul disco rigido del computer dell'utente attraverso il browser Web (se l'utente lo consente) e che permettono ai sistemi del sito o del fornitore di servizi di riconoscere il browser dell'utente e di acquisire e ricordare determinate informazioni. Ad esempio, utilizziamo i cookie per aiutarci a ricordare ed elaborare gli articoli del vostro carrello. Vengono inoltre utilizzati per aiutarci a capire le preferenze dell'utente in base alle attivit\u00e0 precedenti o attuali del sito, il che ci consente di fornire servizi migliori. Utilizziamo i cookie anche per aiutarci a compilare dati aggregati sul traffico e sull'interazione del sito, in modo da poter offrire esperienze e strumenti migliori in futuro.<strong><br \/><\/strong><strong>Utilizziamo i cookie per:<\/strong>&nbsp;&nbsp;&nbsp;&nbsp;&nbsp;&nbsp;<strong>-<\/strong>&nbsp;Comprendere e salvare le preferenze dell'utente per le visite future.&nbsp;&nbsp;&nbsp;&nbsp;&nbsp;&nbsp;<strong>-<\/strong>&nbsp;Tenere traccia degli annunci pubblicitari.&nbsp;&nbsp;&nbsp;&nbsp;&nbsp;&nbsp;<strong>-<\/strong>&nbsp;Compilare dati aggregati sul traffico e sulle interazioni del sito per offrire in futuro esperienze e strumenti migliori. Possiamo anche utilizzare servizi di terze parti di fiducia che tracciano queste informazioni per nostro conto. Potete scegliere di farvi avvisare dal vostro computer ogni volta che viene inviato un cookie, oppure potete scegliere di disattivare tutti i cookie. Questo pu\u00f2 essere fatto attraverso le impostazioni del browser. Ogni browser \u00e8 diverso dall'altro, quindi consultate il menu di aiuto del vostro browser per conoscere il modo corretto di modificare i cookie.<strong><br \/><\/strong><strong>Se gli utenti disabilitano i cookie nel loro browser:<\/strong>Se si disattivano i cookie, alcune delle caratteristiche che rendono l'esperienza del sito pi\u00f9 efficiente potrebbero non funzionare correttamente.Alcune delle caratteristiche che rendono l'esperienza del sito pi\u00f9 efficiente e potrebbero non funzionare correttamente.<\/p>\n<p>&nbsp;<\/p>\n<p><strong>Divulgazione da parte di terzi<\/strong><\/p>\n<p>Non vendiamo, scambiamo o trasferiamo in altro modo a terzi le informazioni di identificazione personale degli utenti, a meno che non ne diamo preavviso agli utenti. Ci\u00f2 non include i partner di hosting del sito web e altre parti che ci assistono nella gestione del nostro sito web, nella conduzione della nostra attivit\u00e0 o nel servizio ai nostri utenti, a condizione che tali parti accettino di mantenere riservate tali informazioni. Possiamo anche rilasciare informazioni quando il loro rilascio \u00e8 appropriato per rispettare la legge, applicare le politiche del nostro sito o proteggere i nostri o altrui diritti, propriet\u00e0 o sicurezza.<\/p>\n<p>Tuttavia, le informazioni non personali dei visitatori possono essere fornite ad altre parti per scopi di marketing, pubblicit\u00e0 o altri usi.<\/p>\n<p>&nbsp;<\/p>\n<p><strong>Link di terze parti<\/strong>Occasionalmente, a nostra discrezione, possiamo includere o offrire prodotti o servizi di terzi sul nostro sito web. Questi siti di terzi hanno politiche sulla privacy separate e indipendenti. Pertanto, non abbiamo alcuna responsabilit\u00e0 per il contenuto e le attivit\u00e0 di questi siti collegati. Ciononostante, cerchiamo di proteggere l'integrit\u00e0 del nostro sito e accogliamo con favore qualsiasi feedback su questi siti.<\/p>\n<p>&nbsp;<\/p>\n<p><strong>Google<\/strong><\/p>\n<p>I requisiti pubblicitari di Google possono essere riassunti nei Principi pubblicitari di Google. Sono stati messi in atto per fornire un'esperienza positiva agli utenti. https:\/\/support.google.com\/adwordspolicy\/answer\/1316548?hl=en<\/p>\n<p>Sul nostro sito web utilizziamo la pubblicit\u00e0 di Google AdSense. Google, in qualit\u00e0 di fornitore terzo, utilizza i cookie per pubblicare gli annunci sul nostro sito. L'utilizzo del cookie DART da parte di Google consente di pubblicare annunci per i nostri utenti in base alle precedenti visite al nostro sito e ad altri siti Internet. Gli utenti possono scegliere di non utilizzare il cookie DART visitando l'informativa sulla privacy di Google Ad and Content Network.<strong><br \/><\/strong><strong>Abbiamo implementato quanto segue:<\/strong>Noi, insieme a fornitori terzi come Google, utilizziamo cookie di prima parte (come i cookie di Google Analytics) e cookie di terze parti (come il cookie DoubleClick) o altri identificatori di terze parti per raccogliere dati relativi alle interazioni degli utenti con le impressioni pubblicitarie e altre funzioni del servizio pubblicitario in relazione al nostro sito web.<strong><br \/><\/strong><strong>Opting out:<\/strong><br \/>Gli utenti possono impostare le preferenze per le modalit\u00e0 di pubblicit\u00e0 di Google utilizzando la pagina Impostazioni annunci di Google. In alternativa, \u00e8 possibile rinunciare visitando la pagina Network Advertising Initiative Opt Out o utilizzando l'add on del browser Google Analytics Opt Out.<\/p>\n<p>&nbsp;<\/p>\n<p><strong>Legge sulla protezione della privacy online in California<\/strong>Il CalOPPA \u00e8 la prima legge statale della nazione che impone ai siti web commerciali e ai servizi online di pubblicare un'informativa sulla privacy. La portata della legge si estende ben oltre la California, richiedendo a qualsiasi persona o societ\u00e0 negli Stati Uniti (e plausibilmente nel mondo) che gestisce siti web che raccolgono informazioni di identificazione personale da consumatori californiani di pubblicare sul proprio sito web un'informativa sulla privacy ben visibile che indichi esattamente le informazioni raccolte e gli individui o le societ\u00e0 con cui vengono condivise. - Per saperne di pi\u00f9: http:\/\/consumercal.org\/california-online-privacy-protection-act-caloppa\/#sthash.0FdRbT51.dpuf<strong><br \/><\/strong><strong>Secondo il CalOPPA, accettiamo quanto segue:<\/strong>Gli utenti possono visitare il nostro sito in modo anonimo.Una volta creata questa informativa sulla privacy, aggiungeremo un link ad essa sulla nostra home page o, come minimo, sulla prima pagina significativa dopo essere entrati nel nostro sito web.Il nostro link all'informativa sulla privacy include la parola \"Privacy\" e pu\u00f2 essere facilmente trovato nella pagina specificata sopra.Sarete avvisati di qualsiasi modifica all'informativa sulla privacy:&nbsp;&nbsp;&nbsp;&nbsp;&nbsp;&nbsp;<strong>-<\/strong>&nbsp;Sulla pagina dell'Informativa sulla privacy \u00e8 possibile modificare i propri dati personali:&nbsp;&nbsp;&nbsp;&nbsp;&nbsp;&nbsp;<strong>-<\/strong>&nbsp;Accedendo al proprio account<strong><br \/><\/strong><strong>In che modo il nostro sito gestisce i segnali Do Not Track?<\/strong>Non rispettiamo i segnali Do Not Track e Do Not Track, non impiantiamo cookie e non utilizziamo pubblicit\u00e0 quando \u00e8 attivo un meccanismo Do Not Track (DNT) del browser. Non li rispettiamo perch\u00e9: siamo una piccola azienda e non sappiamo ancora come fare.<strong><br \/><\/strong><strong>Il nostro sito consente il tracciamento comportamentale da parte di terzi?<\/strong>\u00c8 inoltre importante notare che non consentiamo il tracciamento comportamentale da parte di terzi.<\/p>\n<p>&nbsp;<\/p>\n<p><strong>COPPA (Children Online Privacy Protection Act)<\/strong><\/p>\n<p>Quando si tratta di raccogliere informazioni personali da bambini di et\u00e0 inferiore ai 13 anni, il Children's Online Privacy Protection Act (COPPA) mette i genitori sotto controllo. La Federal Trade Commission, l'agenzia statunitense per la tutela dei consumatori, applica la COPPA Rule, che stabilisce cosa devono fare gli operatori di siti web e servizi online per proteggere la privacy e la sicurezza dei bambini online.<\/p>\n<p>Non commercializziamo specificamente a bambini di et\u00e0 inferiore ai 13 anni.Permettiamo a terzi, comprese le reti pubblicitarie o i plug-in, di raccogliere PII da bambini di et\u00e0 inferiore ai 13 anni?<\/p>\n<p>&nbsp;<\/p>\n<p><strong>Pratiche di informazione corretta<\/strong><\/p>\n<p>I Fair Information Practices Principles costituiscono la spina dorsale della legge sulla privacy negli Stati Uniti e i concetti in essi contenuti hanno svolto un ruolo significativo nello sviluppo delle leggi sulla protezione dei dati in tutto il mondo. La comprensione dei Fair Information Practice Principles e della loro applicazione \u00e8 fondamentale per rispettare le varie leggi sulla privacy che proteggono le informazioni personali.<\/p>\n<p><strong><br \/><\/strong><strong>Al fine di essere in linea con le Fair Information Practices, adotteremo le seguenti misure di risposta, nel caso in cui si verifichi una violazione dei dati:<\/strong>Vi informeremo via e-mail&nbsp;&nbsp;&nbsp;&nbsp;&nbsp;&nbsp;<strong>-<\/strong>&nbsp;Accettiamo anche il Principio del Ricorso Individuale, che prevede che le persone abbiano il diritto di far valere i propri diritti nei confronti di coloro che raccolgono ed elaborano i dati e che non rispettano la legge. Questo principio richiede non solo che gli individui abbiano diritti azionabili nei confronti degli utenti dei dati, ma anche che gli individui abbiano la possibilit\u00e0 di ricorrere ai tribunali o alle agenzie governative per indagare e\/o perseguire la non conformit\u00e0 da parte dei responsabili del trattamento dei dati.<\/p>\n<p>&nbsp;<\/p>\n<p><strong>Legge CAN SPAM<\/strong><\/p>\n<p>Il CAN-SPAM Act \u00e8 una legge che stabilisce le regole per le e-mail commerciali, stabilisce i requisiti per i messaggi commerciali, d\u00e0 ai destinatari il diritto di far cessare l'invio di e-mail e prevede severe sanzioni in caso di violazione.<\/p>\n<p><strong><br \/><\/strong><strong>Raccogliamo il vostro indirizzo e-mail al fine di:<\/strong>&nbsp;&nbsp;&nbsp;&nbsp;&nbsp;&nbsp;<strong>-<\/strong>&nbsp;Inviare informazioni, rispondere alle richieste di informazioni e\/o ad altre richieste o domande.&nbsp;&nbsp;&nbsp;&nbsp;&nbsp;&nbsp;<strong>-<\/strong>&nbsp;Elaborare gli ordini e inviare informazioni e aggiornamenti relativi agli ordini.&nbsp;&nbsp;&nbsp;&nbsp;&nbsp;&nbsp;<strong>-<\/strong>&nbsp;inviarvi ulteriori informazioni relative al vostro prodotto e\/o servizio&nbsp;&nbsp;&nbsp;&nbsp;&nbsp;&nbsp;<strong>-<\/strong>&nbsp;commercializzare la nostra mailing list o continuare a inviare e-mail ai nostri clienti dopo che si \u00e8 verificata la transazione originale.<strong><br \/><\/strong><strong>Per essere in regola con il CANSPAM, accettiamo quanto segue:<\/strong>&nbsp;&nbsp;&nbsp;&nbsp;&nbsp;&nbsp;<strong>-<\/strong>&nbsp;Non utilizzare soggetti o indirizzi e-mail falsi o fuorvianti.&nbsp;&nbsp;&nbsp;&nbsp;&nbsp;&nbsp;<strong>-<\/strong>&nbsp;Identificare il messaggio come pubblicit\u00e0 in modo ragionevole.&nbsp;&nbsp;&nbsp;&nbsp;&nbsp;&nbsp;<strong>-<\/strong>&nbsp;Includere l'indirizzo fisico della sede aziendale o del sito.&nbsp;&nbsp;&nbsp;&nbsp;&nbsp;&nbsp;<strong>-<\/strong>&nbsp;Monitorare la conformit\u00e0 dei servizi di email marketing di terze parti, se utilizzati.&nbsp;&nbsp;&nbsp;&nbsp;&nbsp;&nbsp;<strong>-<\/strong>&nbsp;Accogliete rapidamente le richieste di opt-out\/annullamento dell'iscrizione.&nbsp;&nbsp;&nbsp;&nbsp;&nbsp;&nbsp;<strong>-<\/strong>&nbsp;Consentite agli utenti di annullare l'iscrizione utilizzando il link in fondo a ogni e-mail.<strong><br \/>Se in qualsiasi momento si desidera annullare l'iscrizione alla ricezione di future e-mail, \u00e8 possibile inviare un'e-mail a<\/strong>&nbsp;&nbsp;&nbsp;&nbsp;&nbsp;&nbsp;<strong>-<\/strong>&nbsp;Seguite le istruzioni in fondo a ogni e-mail.<\/p>\n<p>e noi vi rimuoveremo prontamente da&nbsp;<strong>TUTTI<\/strong>&nbsp;corrispondenza.<\/p>\n<p>&nbsp;<\/p>\n<p><strong>Politica soggetta a modifiche<\/strong><\/p>\n<p>&nbsp;<\/p>\n<p>Con l'evoluzione dell'azienda, \u00e8 probabile che l'informativa sulla privacy cambi. L'attuale politica non garantisce che i termini non cambieranno e rappresenta un inizio in buona fede da parte di una startup in fase di avvio. Se la politica dovesse cambiare, gli utenti saranno avvisati e verr\u00e0 chiesto loro di accettare se vogliono continuare a utilizzare il servizio.<\/p>\n<p>&nbsp;<\/p>\n<p><strong>Contattateci<\/strong><\/p>\n<p>&nbsp;<\/p>\n<p>In caso di domande relative alla presente informativa sulla privacy, \u00e8 possibile contattarci utilizzando le informazioni riportate di seguito.<\/p>\n<p>www.skimai.com244 5th Ave STE 2720<\/p>\n<p>NY, NY 10001<\/p>\n<p>U.S.A.support@skimai.comLast Modificato il 2018-03-13<\/p>\n<\/h5>","protected":false},"excerpt":{"rendered":"<p>Privacy Policy &nbsp;&nbsp;This privacy policy has been compiled to better serve those who are concerned with how their &#8216;Personally Identifiable Information&#8217; (PII) is being used online. PII, as described in US privacy law and information security, is information that can be used on its own or with other information to identify, contact, or locate a [&hellip;]<\/p>\n","protected":false},"author":1003,"featured_media":0,"parent":0,"menu_order":0,"comment_status":"closed","ping_status":"closed","template":"elementor_header_footer","meta":{"_et_pb_use_builder":"","_et_pb_old_content":"","_et_gb_content_width":"","footnotes":""},"class_list":["post-1119","page","type-page","status-publish","hentry"],"yoast_head":"<!-- This site is optimized with the Yoast SEO plugin v24.1 - https:\/\/yoast.com\/wordpress\/plugins\/seo\/ -->\n<title>Privacy Policy - Skim AI<\/title>\n<meta name=\"robots\" content=\"index, follow, max-snippet:-1, max-image-preview:large, max-video-preview:-1\" \/>\n<link rel=\"canonical\" href=\"https:\/\/skimai.com\/it\/informativa-sulla-privacy\/\" \/>\n<meta property=\"og:locale\" content=\"it_IT\" \/>\n<meta property=\"og:type\" content=\"article\" \/>\n<meta property=\"og:title\" content=\"Privacy Policy - Skim AI\" \/>\n<meta property=\"og:description\" content=\"Privacy Policy &nbsp;&nbsp;This privacy policy has been compiled to better serve those who are concerned with how their &#8216;Personally Identifiable Information&#8217; (PII) is being used online. PII, as described in US privacy law and information security, is information that can be used on its own or with other information to identify, contact, or locate a [&hellip;]\" \/>\n<meta property=\"og:url\" content=\"https:\/\/skimai.com\/it\/informativa-sulla-privacy\/\" \/>\n<meta property=\"og:site_name\" content=\"Skim AI\" \/>\n<meta property=\"article:modified_time\" content=\"2023-07-10T19:05:07+00:00\" \/>\n<meta name=\"twitter:card\" content=\"summary_large_image\" \/>\n<meta name=\"twitter:label1\" content=\"Tempo di lettura stimato\" \/>\n\t<meta name=\"twitter:data1\" content=\"10 minuti\" \/>\n<script type=\"application\/ld+json\" class=\"yoast-schema-graph\">{\"@context\":\"https:\/\/schema.org\",\"@graph\":[{\"@type\":\"WebPage\",\"@id\":\"https:\/\/skimai.com\/de\/datenschutzbestimmungen\/\",\"url\":\"https:\/\/skimai.com\/de\/datenschutzbestimmungen\/\",\"name\":\"Privacy Policy - Skim AI\",\"isPartOf\":{\"@id\":\"https:\/\/skimai.com\/uk\/#website\"},\"datePublished\":\"2019-03-12T07:04:17+00:00\",\"dateModified\":\"2023-07-10T19:05:07+00:00\",\"breadcrumb\":{\"@id\":\"https:\/\/skimai.com\/de\/datenschutzbestimmungen\/#breadcrumb\"},\"inLanguage\":\"it-IT\",\"potentialAction\":[{\"@type\":\"ReadAction\",\"target\":[\"https:\/\/skimai.com\/de\/datenschutzbestimmungen\/\"]}]},{\"@type\":\"BreadcrumbList\",\"@id\":\"https:\/\/skimai.com\/de\/datenschutzbestimmungen\/#breadcrumb\",\"itemListElement\":[{\"@type\":\"ListItem\",\"position\":1,\"name\":\"Home\",\"item\":\"https:\/\/skimai.com\/\"},{\"@type\":\"ListItem\",\"position\":2,\"name\":\"Privacy Policy\"}]},{\"@type\":\"WebSite\",\"@id\":\"https:\/\/skimai.com\/uk\/#website\",\"url\":\"https:\/\/skimai.com\/uk\/\",\"name\":\"Skim AI\",\"description\":\"The AI Agent Workforce Platform\",\"publisher\":{\"@id\":\"https:\/\/skimai.com\/uk\/#organization\"},\"potentialAction\":[{\"@type\":\"SearchAction\",\"target\":{\"@type\":\"EntryPoint\",\"urlTemplate\":\"https:\/\/skimai.com\/uk\/?s={search_term_string}\"},\"query-input\":{\"@type\":\"PropertyValueSpecification\",\"valueRequired\":true,\"valueName\":\"search_term_string\"}}],\"inLanguage\":\"it-IT\"},{\"@type\":\"Organization\",\"@id\":\"https:\/\/skimai.com\/uk\/#organization\",\"name\":\"Skim AI\",\"url\":\"https:\/\/skimai.com\/uk\/\",\"logo\":{\"@type\":\"ImageObject\",\"inLanguage\":\"it-IT\",\"@id\":\"https:\/\/skimai.com\/uk\/#\/schema\/logo\/image\/\",\"url\":\"http:\/\/skimai.com\/wp-content\/uploads\/2020\/07\/SKIM-AI-Header-Logo.png\",\"contentUrl\":\"http:\/\/skimai.com\/wp-content\/uploads\/2020\/07\/SKIM-AI-Header-Logo.png\",\"width\":194,\"height\":58,\"caption\":\"Skim AI\"},\"image\":{\"@id\":\"https:\/\/skimai.com\/uk\/#\/schema\/logo\/image\/\"},\"sameAs\":[\"https:\/\/www.linkedin.com\/company\/skim-ai\"]}]}<\/script>\n<!-- \/ Yoast SEO plugin. -->","yoast_head_json":{"title":"Informativa sulla privacy - Skim AI","robots":{"index":"index","follow":"follow","max-snippet":"max-snippet:-1","max-image-preview":"max-image-preview:large","max-video-preview":"max-video-preview:-1"},"canonical":"https:\/\/skimai.com\/it\/informativa-sulla-privacy\/","og_locale":"it_IT","og_type":"article","og_title":"Privacy Policy - Skim AI","og_description":"Privacy Policy &nbsp;&nbsp;This privacy policy has been compiled to better serve those who are concerned with how their &#8216;Personally Identifiable Information&#8217; (PII) is being used online. PII, as described in US privacy law and information security, is information that can be used on its own or with other information to identify, contact, or locate a [&hellip;]","og_url":"https:\/\/skimai.com\/it\/informativa-sulla-privacy\/","og_site_name":"Skim AI","article_modified_time":"2023-07-10T19:05:07+00:00","twitter_card":"summary_large_image","twitter_misc":{"Tempo di lettura stimato":"10 minuti"},"schema":{"@context":"https:\/\/schema.org","@graph":[{"@type":"WebPage","@id":"https:\/\/skimai.com\/de\/datenschutzbestimmungen\/","url":"https:\/\/skimai.com\/de\/datenschutzbestimmungen\/","name":"Informativa sulla privacy - Skim AI","isPartOf":{"@id":"https:\/\/skimai.com\/uk\/#website"},"datePublished":"2019-03-12T07:04:17+00:00","dateModified":"2023-07-10T19:05:07+00:00","breadcrumb":{"@id":"https:\/\/skimai.com\/de\/datenschutzbestimmungen\/#breadcrumb"},"inLanguage":"it-IT","potentialAction":[{"@type":"ReadAction","target":["https:\/\/skimai.com\/de\/datenschutzbestimmungen\/"]}]},{"@type":"BreadcrumbList","@id":"https:\/\/skimai.com\/de\/datenschutzbestimmungen\/#breadcrumb","itemListElement":[{"@type":"ListItem","position":1,"name":"Home","item":"https:\/\/skimai.com\/"},{"@type":"ListItem","position":2,"name":"Privacy Policy"}]},{"@type":"WebSite","@id":"https:\/\/skimai.com\/uk\/#website","url":"https:\/\/skimai.com\/uk\/","name":"Skim AI","description":"La piattaforma per la forza lavoro degli agenti AI","publisher":{"@id":"https:\/\/skimai.com\/uk\/#organization"},"potentialAction":[{"@type":"SearchAction","target":{"@type":"EntryPoint","urlTemplate":"https:\/\/skimai.com\/uk\/?s={search_term_string}"},"query-input":{"@type":"PropertyValueSpecification","valueRequired":true,"valueName":"search_term_string"}}],"inLanguage":"it-IT"},{"@type":"Organization","@id":"https:\/\/skimai.com\/uk\/#organization","name":"Skim AI","url":"https:\/\/skimai.com\/uk\/","logo":{"@type":"ImageObject","inLanguage":"it-IT","@id":"https:\/\/skimai.com\/uk\/#\/schema\/logo\/image\/","url":"http:\/\/skimai.com\/wp-content\/uploads\/2020\/07\/SKIM-AI-Header-Logo.png","contentUrl":"http:\/\/skimai.com\/wp-content\/uploads\/2020\/07\/SKIM-AI-Header-Logo.png","width":194,"height":58,"caption":"Skim AI"},"image":{"@id":"https:\/\/skimai.com\/uk\/#\/schema\/logo\/image\/"},"sameAs":["https:\/\/www.linkedin.com\/company\/skim-ai"]}]}},"_links":{"self":[{"href":"https:\/\/skimai.com\/it\/wp-json\/wp\/v2\/pages\/1119","targetHints":{"allow":["GET"]}}],"collection":[{"href":"https:\/\/skimai.com\/it\/wp-json\/wp\/v2\/pages"}],"about":[{"href":"https:\/\/skimai.com\/it\/wp-json\/wp\/v2\/types\/page"}],"author":[{"embeddable":true,"href":"https:\/\/skimai.com\/it\/wp-json\/wp\/v2\/users\/1003"}],"replies":[{"embeddable":true,"href":"https:\/\/skimai.com\/it\/wp-json\/wp\/v2\/comments?post=1119"}],"version-history":[{"count":0,"href":"https:\/\/skimai.com\/it\/wp-json\/wp\/v2\/pages\/1119\/revisions"}],"wp:attachment":[{"href":"https:\/\/skimai.com\/it\/wp-json\/wp\/v2\/media?parent=1119"}],"curies":[{"name":"wp","href":"https:\/\/api.w.org\/{rel}","templated":true}]}}