{"id":31,"date":"2024-04-09T20:53:47","date_gmt":"2024-04-09T20:53:47","guid":{"rendered":"https:\/\/54.161.208.105\/?page_id=31"},"modified":"2025-12-31T11:43:33","modified_gmt":"2025-12-31T16:43:33","slug":"blog","status":"publish","type":"page","link":"https:\/\/skimai.com\/fr\/blog\/","title":{"rendered":"Blog"},"content":{"rendered":"<p>[et_pb_section fb_built=&#8221;1&#8243; custom_padding_last_edited=&#8221;on|tablet&#8221; module_class=&#8221;blog-sec&#8221; _builder_version=&#8221;4.24.0&#8243; _module_preset=&#8221;default&#8221; background_image=&#8221;http:\/\/skimai.com\/wp-content\/uploads\/2024\/05\/blog-page-banner.jpg&#8221; background_size=&#8221;stretch&#8221; custom_margin=&#8221;||||false|false&#8221; custom_padding=&#8221;180px||0px||false|false&#8221; custom_padding_tablet=&#8221;180px||0px||false|false&#8221; custom_padding_phone=&#8221;180px||0px||false|false&#8221; locked=&#8221;off&#8221; global_colors_info=&#8221;{}&#8221;][et_pb_row _builder_version=&#8221;4.24.0&#8243; _module_preset=&#8221;default&#8221; width=&#8221;95%&#8221; max_width=&#8221;1600px&#8221; min_height=&#8221;480.1px&#8221; global_colors_info=&#8221;{}&#8221;][et_pb_column type=&#8221;4_4&#8243; _builder_version=&#8221;4.24.0&#8243; _module_preset=&#8221;default&#8221; global_colors_info=&#8221;{}&#8221;][et_pb_post_slider posts_number=&#8221;7&#8243; include_categories=&#8221;all&#8221; show_more_button=&#8221;off&#8221; excerpt_length=&#8221;400&#8243; show_meta=&#8221;off&#8221; image_placement=&#8221;left&#8221; use_bg_overlay=&#8221;off&#8221; arrows_custom_color=&#8221;#000000&#8243; dot_nav_custom_color=&#8221;#000000&#8243; _builder_version=&#8221;4.24.0&#8243; _module_preset=&#8221;default&#8221; header_text_color=&#8221;#00205b&#8221; header_font_size=&#8221;32px&#8221; body_font=&#8221;||||||||&#8221; body_text_color=&#8221;#000000&#8243; body_font_size=&#8221;20px&#8221; meta_text_color=&#8221;#000000&#8243; meta_font_size=&#8221;18px&#8221; background_color=&#8221;#FFFFFF&#8221; custom_button=&#8221;on&#8221; button_text_color=&#8221;#FFFFFF&#8221; button_bg_color=&#8221;#00205b&#8221; button_border_radius=&#8221;100px&#8221; custom_margin=&#8221;0px||0px||false|false&#8221; custom_padding=&#8221;40px|0px|40px|0px|true|true&#8221; link_option_url_new_window=&#8221;on&#8221; custom_css_free_form=&#8221;.et_pb_slide:first-child .et_pb_slide_image img {||    opacity: 1!important;||}&#8221; border_radii=&#8221;on|20px|20px|20px|20px&#8221; border_radii_image=&#8221;off|20px|||20px&#8221; border_radii_image_tablet=&#8221;off|20px|||20px&#8221; border_radii_image_phone=&#8221;on|0px|0px|0px|0px&#8221; border_radii_image_last_edited=&#8221;on|phone&#8221; box_shadow_style=&#8221;preset1&#8243; global_colors_info=&#8221;{}&#8221;][\/et_pb_post_slider][\/et_pb_column][\/et_pb_row][\/et_pb_section][et_pb_section fb_built=&#8221;1&#8243; custom_padding_last_edited=&#8221;on|desktop&#8221; module_class=&#8221;first-blog-sec&#8221; _builder_version=&#8221;4.24.0&#8243; _module_preset=&#8221;default&#8221; background_color=&#8221;#FFFFFF&#8221; background_image=&#8221;http:\/\/skimai.com\/wp-content\/uploads\/2024\/05\/blog-page.png&#8221; background_size=&#8221;initial&#8221; background_position=&#8221;top_center&#8221; custom_margin=&#8221;||0px||false|false&#8221; custom_margin_tablet=&#8221;||-20px||false|false&#8221; custom_margin_phone=&#8221;||-20px||false|false&#8221; custom_margin_last_edited=&#8221;on|tablet&#8221; custom_padding=&#8221;0px||0px||true|false&#8221; custom_padding_tablet=&#8221;0px||0px||true|false&#8221; custom_padding_phone=&#8221;0px||0px||true|false&#8221; global_colors_info=&#8221;{}&#8221;][et_pb_row custom_padding_last_edited=&#8221;on|desktop&#8221; _builder_version=&#8221;4.24.0&#8243; _module_preset=&#8221;default&#8221; width=&#8221;95%&#8221; max_width=&#8221;1500px&#8221; custom_margin=&#8221;0px||0px||false|false&#8221; custom_padding=&#8221;40px||||false|false&#8221; custom_padding_tablet=&#8221;0px||||false|false&#8221; custom_padding_phone=&#8221;0px||||false|false&#8221; global_colors_info=&#8221;{}&#8221;][et_pb_column type=&#8221;4_4&#8243; _builder_version=&#8221;4.23.2&#8243; _module_preset=&#8221;default&#8221; global_colors_info=&#8221;{}&#8221;][et_pb_text disabled_on=&#8221;off|off|off&#8221; _builder_version=&#8221;4.24.0&#8243; _module_preset=&#8221;default&#8221; custom_margin=&#8221;-25px||||false|false&#8221; custom_margin_tablet=&#8221;0px||||false|false&#8221; custom_margin_phone=&#8221;0px||||false|false&#8221; custom_margin_last_edited=&#8221;on|phone&#8221; global_colors_info=&#8221;{}&#8221;]<\/p>\n\n\t\t\t\t<form action=\"\" method=\"post\" class=\"searchandfilter\">\n\t\t\t\t\t<div><ul><li><input type=\"text\" name=\"ofsearch\" placeholder=\"Search &hellip;\" value=\"\"><\/li><li><select  name='ofcategory' id='ofcategory' class='postform'>\n\t<option value='0' selected='selected'>Toutes<\/option>\n\t<option class=\"level-0\" value=\"132\">Advertising &amp; Marketing<\/option>\n\t<option class=\"level-0\" value=\"166\">Agents<\/option>\n\t<option class=\"level-0\" value=\"129\">Ed-Tech<\/option>\n\t<option class=\"level-0\" value=\"125\">Enterprise AI<\/option>\n\t<option class=\"level-0\" value=\"100\">Generative AI<\/option>\n\t<option class=\"level-0\" value=\"64\">How to<\/option>\n\t<option class=\"level-0\" value=\"97\">Image \/ Video \/ CV<\/option>\n\t<option class=\"level-0\" value=\"167\">LLM Integration<\/option>\n\t<option class=\"level-0\" value=\"67\">LLMs \/ NLP<\/option>\n\t<option class=\"level-0\" value=\"131\">Music<\/option>\n\t<option class=\"level-0\" value=\"109\">Newsletter<\/option>\n\t<option class=\"level-0\" value=\"128\">Opinion<\/option>\n\t<option class=\"level-0\" value=\"78\">Project Management<\/option>\n\t<option class=\"level-0\" value=\"119\">Prompt Engineering<\/option>\n\t<option class=\"level-0\" value=\"134\">Research \/ Stats<\/option>\n\t<option class=\"level-0\" value=\"127\">Startups + VC<\/option>\n\t<option class=\"level-0\" value=\"130\">TV, Film &amp; Content<\/option>\n\t<option class=\"level-0\" value=\"1\">Uncategorized<\/option>\n<\/select>\n<input type=\"hidden\" name=\"ofcategory_operator\" value=\"and\" \/><\/li><li><input type=\"hidden\" id=\"_searchandfilter_nonce\" name=\"_searchandfilter_nonce\" value=\"461c59d2ab\" \/><input type=\"hidden\" name=\"_wp_http_referer\" value=\"\/fr\/wp-json\/wp\/v2\/pages\/31\" \/><input type=\"hidden\" name=\"ofsubmitted\" value=\"1\"><input type=\"submit\" value=\"Submit\"><\/li><\/ul><\/div><\/form>\n<p>[\/et_pb_text][\/et_pb_column][\/et_pb_row][et_pb_row _builder_version=&#8221;4.24.0&#8243; _module_preset=&#8221;default&#8221; background_color=&#8221;#FFFFFF&#8221; width=&#8221;95%&#8221; max_width=&#8221;1500px&#8221; global_colors_info=&#8221;{}&#8221;][et_pb_column type=&#8221;4_4&#8243; _builder_version=&#8221;4.23.2&#8243; _module_preset=&#8221;default&#8221; global_colors_info=&#8221;{}&#8221;][et_pb_blog fullwidth=&#8221;off&#8221; posts_number=&#8221;24&#8243; _builder_version=&#8221;4.24.0&#8243; _module_preset=&#8221;default&#8221; header_font=&#8221;||||||||&#8221; header_font_size=&#8221;26px&#8221; meta_text_color=&#8221;#0C71C3&#8243; header_font_size_tablet=&#8221;26px&#8221; header_font_size_phone=&#8221;26px&#8221; header_font_size_last_edited=&#8221;on|phone&#8221; global_colors_info=&#8221;{}&#8221;][\/et_pb_blog][\/et_pb_column][\/et_pb_row][\/et_pb_section][et_pb_section fb_built=&#8221;1&#8243; module_class=&#8221;second-blog-sec&#8221; _builder_version=&#8221;4.23.2&#8243; _module_preset=&#8221;default&#8221; use_background_color_gradient=&#8221;on&#8221; background_color_gradient_stops=&#8221;#d6ecf5 0%|#ffffff 100%&#8221; background_image=&#8221;\/\/d11qlje7gx84z0.cloudfront.net\/wp-content\/uploads\/2024\/05\/blog-post-1.png&#8221; background_size=&#8221;initial&#8221; background_position=&#8221;top_center&#8221; custom_padding=&#8221;60px||||false|false&#8221; global_colors_info=&#8221;{}&#8221;][\/et_pb_section][et_pb_section fb_built=&#8221;1&#8243; module_class=&#8221;your-business&#8221; _builder_version=&#8221;4.24.0&#8243; _module_preset=&#8221;default&#8221; background_color=&#8221;RGBA(255,255,255,0)&#8221; background_image=&#8221;\/\/d11qlje7gx84z0.cloudfront.net\/wp-content\/uploads\/2024\/05\/business-bg.png&#8221; background_size=&#8221;initial&#8221; background_position=&#8221;top_center&#8221; custom_padding=&#8221;100px||150px||false|false&#8221; locked=&#8221;off&#8221; global_colors_info=&#8221;{}&#8221;][et_pb_row column_structure=&#8221;2_3,1_3&#8243; _builder_version=&#8221;4.23.2&#8243; _module_preset=&#8221;default&#8221; width=&#8221;95%&#8221; max_width=&#8221;1600px&#8221; scroll_fade_enable=&#8221;on&#8221; hover_enabled=&#8221;0&#8243; global_colors_info=&#8221;{}&#8221; sticky_enabled=&#8221;0&#8243;][et_pb_column type=&#8221;2_3&#8243; _builder_version=&#8221;4.23.1&#8243; _module_preset=&#8221;default&#8221; global_colors_info=&#8221;{}&#8221;][et_pb_heading title=&#8221;Ready to grow your business with AI? Get in touch&#8221; module_class=&#8221;animate__animated animate__flipInX&#8221; _builder_version=&#8221;4.24.0&#8243; _module_preset=&#8221;default&#8221; title_level=&#8221;h2&#8243; title_font=&#8221;|700|||||||&#8221; title_text_color=&#8221;#00205b&#8221; title_font_size=&#8221;60px&#8221; global_colors_info=&#8221;{}&#8221;][\/et_pb_heading][\/et_pb_column][et_pb_column type=&#8221;1_3&#8243; _builder_version=&#8221;4.23.1&#8243; _module_preset=&#8221;default&#8221; global_colors_info=&#8221;{}&#8221;][et_pb_code _builder_version=&#8221;4.24.0&#8243; _module_preset=&#8221;default&#8221; link_option_url=&#8221;https:\/\/calendly.com\/gregg-e\/agents-for-hire-ai-demo&#8221; link_option_url_new_window=&#8221;on&#8221; hover_enabled=&#8221;0&#8243; global_colors_info=&#8221;{}&#8221; sticky_enabled=&#8221;0&#8243;]<\/p>\n<div class=\"radius\"><!-- [et_pb_line_break_holder] -->  <span class=\"place\">Book a <!\u2013- [et_pb_br_holder] -\u2013>Call<\/span><!-- [et_pb_line_break_holder] -->  <span class=\"border-animation ba1\"><\/span><!-- [et_pb_line_break_holder] -->  <span class=\"border-animation ba2\"><\/span><!-- [et_pb_line_break_holder] -->  <span class=\"border-animation ba3\"><\/span><!-- [et_pb_line_break_holder] --><\/div>\n<p>[\/et_pb_code][\/et_pb_column][\/et_pb_row][\/et_pb_section]<\/p>\n","protected":false},"excerpt":{"rendered":"<form action=\"\" method=\"post\" class=\"searchandfilter\" data-trp-original-action=\"\">\n\t\t\t\t\t<div><ul><li><input type=\"text\" name=\"ofsearch\" placeholder=\"Recherche ...\" value=\"\"><\/li><li><select  name='ofcategory' id='ofcategory' class='postform'>\n\t<option value='0' selected='selected'>Toutes<\/option>\n\t<option class=\"level-0\" value=\"132\">Publicit\u00e9 et marketing<\/option>\n\t<option class=\"level-0\" value=\"166\">Agents<\/option>\n\t<option class=\"level-0\" value=\"129\">Ed-Tech<\/option>\n\t<option class=\"level-0\" value=\"125\">IA d'entreprise<\/option>\n\t<option class=\"level-0\" value=\"100\">IA g\u00e9n\u00e9rative<\/option>\n\t<option class=\"level-0\" value=\"64\">Comment faire<\/option>\n\t<option class=\"level-0\" value=\"97\">Image \/ Vid\u00e9o \/ CV<\/option>\n\t<option class=\"level-0\" value=\"167\">Int\u00e9gration du LLM<\/option>\n\t<option class=\"level-0\" value=\"67\">LLMs \/ NLP<\/option>\n\t<option class=\"level-0\" value=\"131\">Musique<\/option>\n\t<option class=\"level-0\" value=\"109\">Bulletin d'information<\/option>\n\t<option class=\"level-0\" value=\"128\">Avis<\/option>\n\t<option class=\"level-0\" value=\"78\">Gestion de projet<\/option>\n\t<option class=\"level-0\" value=\"119\">Ing\u00e9nierie rapide<\/option>\n\t<option class=\"level-0\" value=\"134\">Recherche \/ Statistiques<\/option>\n\t<option class=\"level-0\" value=\"127\">Startups + VC<\/option>\n\t<option class=\"level-0\" value=\"130\">T\u00e9l\u00e9vision, cin\u00e9ma et contenu<\/option>\n\t<option class=\"level-0\" value=\"1\">Non class\u00e9<\/option>\n<\/select>\n<input type=\"hidden\" name=\"ofcategory_operator\" value=\"and\" \/><\/li><li><input type=\"hidden\" id=\"_searchandfilter_nonce\" name=\"_searchandfilter_nonce\" value=\"461c59d2ab\" \/><input type=\"hidden\" name=\"_wp_http_referer\" value=\"\/fr\/wp-json\/wp\/v2\/pages\/31\" \/><input type=\"hidden\" name=\"ofsubmitted\" value=\"1\"><input type=\"submit\" value=\"Soumettre\"><\/li><\/ul><\/div><input type=\"hidden\" name=\"trp-form-language\" value=\"fr\"\/><\/form>","protected":false},"author":1003,"featured_media":0,"parent":0,"menu_order":0,"comment_status":"closed","ping_status":"closed","template":"","meta":{"_et_pb_use_builder":"on","_et_pb_old_content":"<!-- wp:divi\/placeholder \/-->","_et_gb_content_width":"","footnotes":""},"class_list":["post-31","page","type-page","status-publish","hentry"],"yoast_head":"<!-- This site is optimized with the Yoast SEO plugin v24.1 - https:\/\/yoast.com\/wordpress\/plugins\/seo\/ -->\n<title>Artificial Intelligence &amp; Machine Learning Insights + News | Skim AI<\/title>\n<meta name=\"description\" content=\"Learn how to make the most of AI and ML with this collection of free how-to guides, project management checklists, and educational content from Skim AI.\" \/>\n<meta name=\"robots\" content=\"index, follow, max-snippet:-1, max-image-preview:large, max-video-preview:-1\" \/>\n<link rel=\"canonical\" href=\"https:\/\/skimai.com\/fr\/blog\/\" \/>\n<meta property=\"og:locale\" content=\"fr_FR\" \/>\n<meta property=\"og:type\" content=\"article\" \/>\n<meta property=\"og:title\" content=\"Artificial Intelligence &amp; Machine Learning Insights + News | Skim AI\" \/>\n<meta property=\"og:description\" content=\"Learn how to make the most of AI and ML with this collection of free how-to guides, project management checklists, and educational content from Skim AI.\" \/>\n<meta property=\"og:url\" content=\"https:\/\/skimai.com\/fr\/blog\/\" \/>\n<meta property=\"og:site_name\" content=\"Skim AI\" \/>\n<meta property=\"article:modified_time\" content=\"2025-12-31T16:43:33+00:00\" \/>\n<meta name=\"twitter:card\" content=\"summary_large_image\" \/>\n<meta name=\"twitter:label1\" content=\"Dur\u00e9e de lecture estim\u00e9e\" \/>\n\t<meta name=\"twitter:data1\" content=\"15 minutes\" \/>\n<script type=\"application\/ld+json\" class=\"yoast-schema-graph\">{\"@context\":\"https:\/\/schema.org\",\"@graph\":[{\"@type\":\"WebPage\",\"@id\":\"https:\/\/skimai.com\/blog\/\",\"url\":\"https:\/\/skimai.com\/blog\/\",\"name\":\"Artificial Intelligence & Machine Learning Insights + News | Skim AI\",\"isPartOf\":{\"@id\":\"https:\/\/skimai.com\/uk\/#website\"},\"datePublished\":\"2024-04-09T20:53:47+00:00\",\"dateModified\":\"2025-12-31T16:43:33+00:00\",\"description\":\"Learn how to make the most of AI and ML with this collection of free how-to guides, project management checklists, and educational content from Skim AI.\",\"breadcrumb\":{\"@id\":\"https:\/\/skimai.com\/blog\/#breadcrumb\"},\"inLanguage\":\"fr-FR\",\"potentialAction\":[{\"@type\":\"ReadAction\",\"target\":[\"https:\/\/skimai.com\/blog\/\"]}]},{\"@type\":\"BreadcrumbList\",\"@id\":\"https:\/\/skimai.com\/blog\/#breadcrumb\",\"itemListElement\":[{\"@type\":\"ListItem\",\"position\":1,\"name\":\"Home\",\"item\":\"https:\/\/skimai.com\/\"},{\"@type\":\"ListItem\",\"position\":2,\"name\":\"Blog\"}]},{\"@type\":\"WebSite\",\"@id\":\"https:\/\/skimai.com\/uk\/#website\",\"url\":\"https:\/\/skimai.com\/uk\/\",\"name\":\"Skim AI\",\"description\":\"The AI Agent Workforce Platform\",\"publisher\":{\"@id\":\"https:\/\/skimai.com\/uk\/#organization\"},\"potentialAction\":[{\"@type\":\"SearchAction\",\"target\":{\"@type\":\"EntryPoint\",\"urlTemplate\":\"https:\/\/skimai.com\/uk\/?s={search_term_string}\"},\"query-input\":{\"@type\":\"PropertyValueSpecification\",\"valueRequired\":true,\"valueName\":\"search_term_string\"}}],\"inLanguage\":\"fr-FR\"},{\"@type\":\"Organization\",\"@id\":\"https:\/\/skimai.com\/uk\/#organization\",\"name\":\"Skim AI\",\"url\":\"https:\/\/skimai.com\/uk\/\",\"logo\":{\"@type\":\"ImageObject\",\"inLanguage\":\"fr-FR\",\"@id\":\"https:\/\/skimai.com\/uk\/#\/schema\/logo\/image\/\",\"url\":\"http:\/\/skimai.com\/wp-content\/uploads\/2020\/07\/SKIM-AI-Header-Logo.png\",\"contentUrl\":\"http:\/\/skimai.com\/wp-content\/uploads\/2020\/07\/SKIM-AI-Header-Logo.png\",\"width\":194,\"height\":58,\"caption\":\"Skim AI\"},\"image\":{\"@id\":\"https:\/\/skimai.com\/uk\/#\/schema\/logo\/image\/\"},\"sameAs\":[\"https:\/\/www.linkedin.com\/company\/skim-ai\"]}]}<\/script>\n<!-- \/ Yoast SEO plugin. -->","yoast_head_json":{"title":"Intelligence Artificielle &amp; Machine Learning Insights + News | Skim AI","description":"Apprenez \u00e0 tirer le meilleur parti de l'IA et de la ML gr\u00e2ce \u00e0 cette collection de guides pratiques gratuits, de listes de contr\u00f4le de gestion de projet et de contenu \u00e9ducatif de Skim AI.","robots":{"index":"index","follow":"follow","max-snippet":"max-snippet:-1","max-image-preview":"max-image-preview:large","max-video-preview":"max-video-preview:-1"},"canonical":"https:\/\/skimai.com\/fr\/blog\/","og_locale":"fr_FR","og_type":"article","og_title":"Artificial Intelligence & Machine Learning Insights + News | Skim AI","og_description":"Learn how to make the most of AI and ML with this collection of free how-to guides, project management checklists, and educational content from Skim AI.","og_url":"https:\/\/skimai.com\/fr\/blog\/","og_site_name":"Skim AI","article_modified_time":"2025-12-31T16:43:33+00:00","twitter_card":"summary_large_image","twitter_misc":{"Dur\u00e9e de lecture estim\u00e9e":"15 minutes"},"schema":{"@context":"https:\/\/schema.org","@graph":[{"@type":"WebPage","@id":"https:\/\/skimai.com\/blog\/","url":"https:\/\/skimai.com\/blog\/","name":"Intelligence Artificielle &amp; Machine Learning Insights + News | Skim AI","isPartOf":{"@id":"https:\/\/skimai.com\/uk\/#website"},"datePublished":"2024-04-09T20:53:47+00:00","dateModified":"2025-12-31T16:43:33+00:00","description":"Apprenez \u00e0 tirer le meilleur parti de l'IA et de la ML gr\u00e2ce \u00e0 cette collection de guides pratiques gratuits, de listes de contr\u00f4le de gestion de projet et de contenu \u00e9ducatif de Skim AI.","breadcrumb":{"@id":"https:\/\/skimai.com\/blog\/#breadcrumb"},"inLanguage":"fr-FR","potentialAction":[{"@type":"ReadAction","target":["https:\/\/skimai.com\/blog\/"]}]},{"@type":"BreadcrumbList","@id":"https:\/\/skimai.com\/blog\/#breadcrumb","itemListElement":[{"@type":"ListItem","position":1,"name":"Home","item":"https:\/\/skimai.com\/"},{"@type":"ListItem","position":2,"name":"Blog"}]},{"@type":"WebSite","@id":"https:\/\/skimai.com\/uk\/#website","url":"https:\/\/skimai.com\/uk\/","name":"Skim AI","description":"La plateforme de travail des agents de l'IA","publisher":{"@id":"https:\/\/skimai.com\/uk\/#organization"},"potentialAction":[{"@type":"SearchAction","target":{"@type":"EntryPoint","urlTemplate":"https:\/\/skimai.com\/uk\/?s={search_term_string}"},"query-input":{"@type":"PropertyValueSpecification","valueRequired":true,"valueName":"search_term_string"}}],"inLanguage":"fr-FR"},{"@type":"Organization","@id":"https:\/\/skimai.com\/uk\/#organization","name":"Skim AI","url":"https:\/\/skimai.com\/uk\/","logo":{"@type":"ImageObject","inLanguage":"fr-FR","@id":"https:\/\/skimai.com\/uk\/#\/schema\/logo\/image\/","url":"http:\/\/skimai.com\/wp-content\/uploads\/2020\/07\/SKIM-AI-Header-Logo.png","contentUrl":"http:\/\/skimai.com\/wp-content\/uploads\/2020\/07\/SKIM-AI-Header-Logo.png","width":194,"height":58,"caption":"Skim AI"},"image":{"@id":"https:\/\/skimai.com\/uk\/#\/schema\/logo\/image\/"},"sameAs":["https:\/\/www.linkedin.com\/company\/skim-ai"]}]}},"_links":{"self":[{"href":"https:\/\/skimai.com\/fr\/wp-json\/wp\/v2\/pages\/31","targetHints":{"allow":["GET"]}}],"collection":[{"href":"https:\/\/skimai.com\/fr\/wp-json\/wp\/v2\/pages"}],"about":[{"href":"https:\/\/skimai.com\/fr\/wp-json\/wp\/v2\/types\/page"}],"author":[{"embeddable":true,"href":"https:\/\/skimai.com\/fr\/wp-json\/wp\/v2\/users\/1003"}],"replies":[{"embeddable":true,"href":"https:\/\/skimai.com\/fr\/wp-json\/wp\/v2\/comments?post=31"}],"version-history":[{"count":6,"href":"https:\/\/skimai.com\/fr\/wp-json\/wp\/v2\/pages\/31\/revisions"}],"predecessor-version":[{"id":13563,"href":"https:\/\/skimai.com\/fr\/wp-json\/wp\/v2\/pages\/31\/revisions\/13563"}],"wp:attachment":[{"href":"https:\/\/skimai.com\/fr\/wp-json\/wp\/v2\/media?parent=31"}],"curies":[{"name":"wp","href":"https:\/\/api.w.org\/{rel}","templated":true}]}}