{"id":2513,"date":"2019-11-04T16:19:24","date_gmt":"2019-11-04T16:19:24","guid":{"rendered":"http:\/\/skimai.com\/?page_id=2513"},"modified":"2023-07-10T19:04:36","modified_gmt":"2023-07-10T19:04:36","slug":"outils-de-paraphrase","status":"publish","type":"page","link":"https:\/\/skimai.com\/fr\/paraphrase-tools\/","title":{"rendered":"Outils de paraphrase"},"content":{"rendered":"<h1>Outils de paraphrase gratuits en ligne<\/h1>\n<pre><code>        <a href=\"https:\/\/chrome.google.com\/webstore\/detail\/1-click-summarizer-web-to\/pndpokngaffecpfmicdfeibpgkpofebn\">\n                    Installer gratuitement\n                <\/a>\n                                            <img decoding=\"async\" width=\"683\" height=\"768\" src=\"http:\/\/skimai.com\/wp-content\/uploads\/2019\/11\/paraphrase-tool-683x768.png\" alt=\"outil de paraphrase e1572884136770\" loading=\"lazy\" srcset=\"http:\/\/skimai.com\/wp-content\/uploads\/2019\/11\/paraphrase-tool-683x768.png 683w, http:\/\/skimai.com\/wp-content\/uploads\/2019\/11\/paraphrase-tool-267x300.png 267w, http:\/\/skimai.com\/wp-content\/uploads\/2019\/11\/paraphrase-tool-320x360.png 320w, http:\/\/skimai.com\/wp-content\/uploads\/2019\/11\/paraphrase-tool-640x720.png 640w, http:\/\/skimai.com\/wp-content\/uploads\/2019\/11\/paraphrase-tool-360x405.png 360w, http:\/\/skimai.com\/wp-content\/uploads\/2019\/11\/paraphrase-tool-720x810.png 720w, http:\/\/skimai.com\/wp-content\/uploads\/2019\/11\/paraphrase-tool-768x864.png 768w, http:\/\/skimai.com\/wp-content\/uploads\/2019\/11\/paraphrase-tool-800x900.png 800w, http:\/\/skimai.com\/wp-content\/uploads\/2019\/11\/paraphrase-tool-300x338.png 300w, http:\/\/skimai.com\/wp-content\/uploads\/2019\/11\/paraphrase-tool-600x675.png 600w, http:\/\/skimai.com\/wp-content\/uploads\/2019\/11\/paraphrase-tool-e1572884136770.png 619w\" sizes=\"auto, (max-width: 683px) 100vw, 683px\" \/>                                                     \n        <h2>Paraphraser sans plagier<\/h2>      \n    Gr\u00e2ce aux fonctions d'intelligence artificielle de Skim, vous pouvez ne retenir que les points importants de n'importe quel texte, qu'il s'agisse d'un article en ligne ou d'un PDF t\u00e9l\u00e9charg\u00e9.<\/p>        \n        <a href=\"https:\/\/chrome.google.com\/webstore\/detail\/1-click-summarizer-web-to\/pndpokngaffecpfmicdfeibpgkpofebn\">\n                    Essayez-le gratuitement\n                <\/a>\n        <h2>Nos outils de paraphrase<\/h2>       \n        <h2>Importez vos propres ressources<\/h2>      \n        <h2>R\u00e9sum\u00e9s et extraction de faits en 1 clic<\/h2>        \n        <h2>enregistrer les sources pour faciliter les citations<\/h2>     \n    <p>Importez n'importe quel livre \u00e9lectronique, \u00e9tude de cas, article scientifique ou autre ressource PDF et utilisez les fonctionnalit\u00e9s de Skim AI pour vos propres ressources ainsi que pour n'importe quel article en ligne.<\/code><\/pre>\n<p>R\u00e9sumez n'importe quel texte en un seul clic. Condensez votre ressource entre 10 et 35% de sa longueur originale pour obtenir le niveau de d\u00e9tail dont vous avez besoin.<\/p>\n<p>Besoin d'enregistrer vos sources pour les citer plus tard ? Enregistrez la ressource originale, le r\u00e9sum\u00e9 en ligne et la source pour les retrouver facilement et les citer plus tard.<\/p>\n<pre><code>    <p style=\"text-align: center;\"><a href=\"http:\/\/skimai.com\/fr\/use-cases\/\">En savoir plus sur les outils de gestion de la recherche de Skim AI<\/a><\/p>     \n                                            <img decoding=\"async\" src=\"http:\/\/skimai.com\/wp-content\/uploads\/2019\/09\/190919-Ipad-Toolbar-1366x768.png\" title=\"\" alt=\"\" loading=\"lazy\" \/>                                                     \n    <p>T\u00e9l\u00e9chargez GRATUITEMENT l'extension Chrome compatible avec l'IA !<\/p>      \n                                                <a href=\"https:\/\/chrome.google.com\/webstore\/detail\/1-click-summarizer-web-to\/pndpokngaffecpfmicdfeibpgkpofebn\">\n                        <img decoding=\"async\" width=\"300\" height=\"91\" src=\"http:\/\/skimai.com\/wp-content\/uploads\/2019\/09\/Chrome-badge-300x91.png\" alt=\"Badge chrom\u00e9\" loading=\"lazy\" srcset=\"http:\/\/skimai.com\/wp-content\/uploads\/2019\/09\/Chrome-badge-300x91.png 300w, http:\/\/skimai.com\/wp-content\/uploads\/2019\/09\/Chrome-badge-320x97.png 320w, http:\/\/skimai.com\/wp-content\/uploads\/2019\/09\/Chrome-badge-360x109.png 360w, http:\/\/skimai.com\/wp-content\/uploads\/2019\/09\/Chrome-badge.png 496w\" sizes=\"auto, (max-width: 300px) 100vw, 300px\" \/>                             <\/a>\n    <p><a href=\"https:\/\/chrome.google.com\/webstore\/detail\/1-click-summarizer-web-to\/pndpokngaffecpfmicdfeibpgkpofebn\">Cliquez ici pour t\u00e9l\u00e9charger<\/a><\/p>        \n        <h2>Vous cherchez une solution d'entreprise ?<\/h2>        \n        <h2>Nos solutions d'entreprise peuvent vous aider, vous et votre \u00e9quipe, \u00e0 organiser, \u00e0 collaborer et \u00e0 extraire des donn\u00e9es de votre base de donn\u00e9es propri\u00e9taire. Le plus beau, c'est que vous pouvez le faire sans l'aide d'un expert en NLP ou d'un analyste de donn\u00e9es. Prenez rendez-vous avec notre \u00e9quipe pour en savoir plus.<\/h2>        \n        <a href=\"http:\/\/skimai.com\/fr\/enterprise-contact-us\/\" target=\"_blank\" rel=\"noopener\">\n                    Obtenir une d\u00e9monstration\n                <\/a><\/code><\/pre>","protected":false},"excerpt":{"rendered":"<p>Free Online Paraphrase Tools Install for Free Paraphrase without plagiarism With Skim&#8217;s AI-enabled features, you can gather only the important points from any text, whether it&#8217;s an online article or uploaded PDF. Try it for Free Our Paraphrase Tools Import your own resources 1-Click Summaries &amp; Fact Extraction save Sources for easy citation Import any [&hellip;]<\/p>\n","protected":false},"author":1003,"featured_media":0,"parent":0,"menu_order":0,"comment_status":"closed","ping_status":"closed","template":"elementor_header_footer","meta":{"_et_pb_use_builder":"","_et_pb_old_content":"","_et_gb_content_width":"","footnotes":""},"class_list":["post-2513","page","type-page","status-publish","hentry"],"yoast_head":"<!-- This site is optimized with the Yoast SEO plugin v24.1 - https:\/\/yoast.com\/wordpress\/plugins\/seo\/ -->\n<title>Paraphrase Tools - Free Online Paraphrasing - Skim AI<\/title>\n<meta name=\"description\" content=\"Free Online Paraphrase Tools by Skim AI help you create original content easily. Install the Chrome Extension for free today!\" \/>\n<meta name=\"robots\" content=\"index, follow, max-snippet:-1, max-image-preview:large, max-video-preview:-1\" \/>\n<link rel=\"canonical\" href=\"https:\/\/skimai.com\/fr\/outils-de-paraphrase\/\" \/>\n<meta property=\"og:locale\" content=\"fr_FR\" \/>\n<meta property=\"og:type\" content=\"article\" \/>\n<meta property=\"og:title\" content=\"Paraphrase Tools - Free Online Paraphrasing - Skim AI\" \/>\n<meta property=\"og:description\" content=\"Free Online Paraphrase Tools by Skim AI help you create original content easily. Install the Chrome Extension for free today!\" \/>\n<meta property=\"og:url\" content=\"https:\/\/skimai.com\/fr\/outils-de-paraphrase\/\" \/>\n<meta property=\"og:site_name\" content=\"Skim AI\" \/>\n<meta property=\"article:modified_time\" content=\"2023-07-10T19:04:36+00:00\" \/>\n<meta property=\"og:image\" content=\"http:\/\/skimai.com\/wp-content\/uploads\/2019\/11\/paraphrase-tool-683x768.png\" \/>\n<meta name=\"twitter:card\" content=\"summary_large_image\" \/>\n<meta name=\"twitter:label1\" content=\"Dur\u00e9e de lecture estim\u00e9e\" \/>\n\t<meta name=\"twitter:data1\" content=\"1 minute\" \/>\n<script type=\"application\/ld+json\" class=\"yoast-schema-graph\">{\"@context\":\"https:\/\/schema.org\",\"@graph\":[{\"@type\":\"WebPage\",\"@id\":\"https:\/\/skimai.com\/paraphrase-tools\/\",\"url\":\"https:\/\/skimai.com\/paraphrase-tools\/\",\"name\":\"Paraphrase Tools - Free Online Paraphrasing - Skim AI\",\"isPartOf\":{\"@id\":\"https:\/\/skimai.com\/uk\/#website\"},\"primaryImageOfPage\":{\"@id\":\"https:\/\/skimai.com\/paraphrase-tools\/#primaryimage\"},\"image\":{\"@id\":\"https:\/\/skimai.com\/paraphrase-tools\/#primaryimage\"},\"thumbnailUrl\":\"http:\/\/skimai.com\/wp-content\/uploads\/2019\/11\/paraphrase-tool-683x768.png\",\"datePublished\":\"2019-11-04T16:19:24+00:00\",\"dateModified\":\"2023-07-10T19:04:36+00:00\",\"description\":\"Free Online Paraphrase Tools by Skim AI help you create original content easily. Install the Chrome Extension for free today!\",\"breadcrumb\":{\"@id\":\"https:\/\/skimai.com\/paraphrase-tools\/#breadcrumb\"},\"inLanguage\":\"fr-FR\",\"potentialAction\":[{\"@type\":\"ReadAction\",\"target\":[\"https:\/\/skimai.com\/paraphrase-tools\/\"]}]},{\"@type\":\"ImageObject\",\"inLanguage\":\"fr-FR\",\"@id\":\"https:\/\/skimai.com\/paraphrase-tools\/#primaryimage\",\"url\":\"http:\/\/skimai.com\/wp-content\/uploads\/2019\/11\/paraphrase-tool-683x768.png\",\"contentUrl\":\"http:\/\/skimai.com\/wp-content\/uploads\/2019\/11\/paraphrase-tool-683x768.png\"},{\"@type\":\"BreadcrumbList\",\"@id\":\"https:\/\/skimai.com\/paraphrase-tools\/#breadcrumb\",\"itemListElement\":[{\"@type\":\"ListItem\",\"position\":1,\"name\":\"Home\",\"item\":\"https:\/\/skimai.com\/\"},{\"@type\":\"ListItem\",\"position\":2,\"name\":\"Paraphrase Tools\"}]},{\"@type\":\"WebSite\",\"@id\":\"https:\/\/skimai.com\/uk\/#website\",\"url\":\"https:\/\/skimai.com\/uk\/\",\"name\":\"Skim AI\",\"description\":\"The AI Agent Workforce Platform\",\"publisher\":{\"@id\":\"https:\/\/skimai.com\/uk\/#organization\"},\"potentialAction\":[{\"@type\":\"SearchAction\",\"target\":{\"@type\":\"EntryPoint\",\"urlTemplate\":\"https:\/\/skimai.com\/uk\/?s={search_term_string}\"},\"query-input\":{\"@type\":\"PropertyValueSpecification\",\"valueRequired\":true,\"valueName\":\"search_term_string\"}}],\"inLanguage\":\"fr-FR\"},{\"@type\":\"Organization\",\"@id\":\"https:\/\/skimai.com\/uk\/#organization\",\"name\":\"Skim AI\",\"url\":\"https:\/\/skimai.com\/uk\/\",\"logo\":{\"@type\":\"ImageObject\",\"inLanguage\":\"fr-FR\",\"@id\":\"https:\/\/skimai.com\/uk\/#\/schema\/logo\/image\/\",\"url\":\"http:\/\/skimai.com\/wp-content\/uploads\/2020\/07\/SKIM-AI-Header-Logo.png\",\"contentUrl\":\"http:\/\/skimai.com\/wp-content\/uploads\/2020\/07\/SKIM-AI-Header-Logo.png\",\"width\":194,\"height\":58,\"caption\":\"Skim AI\"},\"image\":{\"@id\":\"https:\/\/skimai.com\/uk\/#\/schema\/logo\/image\/\"},\"sameAs\":[\"https:\/\/www.linkedin.com\/company\/skim-ai\"]}]}<\/script>\n<!-- \/ Yoast SEO plugin. -->","yoast_head_json":{"title":"Outils de paraphrase - Paraphrase en ligne gratuite - Skim AI","description":"Les outils de paraphrase en ligne gratuits de Skim AI vous aident \u00e0 cr\u00e9er facilement du contenu original. Installez l'extension Chrome gratuitement d\u00e8s aujourd'hui !","robots":{"index":"index","follow":"follow","max-snippet":"max-snippet:-1","max-image-preview":"max-image-preview:large","max-video-preview":"max-video-preview:-1"},"canonical":"https:\/\/skimai.com\/fr\/outils-de-paraphrase\/","og_locale":"fr_FR","og_type":"article","og_title":"Paraphrase Tools - Free Online Paraphrasing - Skim AI","og_description":"Free Online Paraphrase Tools by Skim AI help you create original content easily. Install the Chrome Extension for free today!","og_url":"https:\/\/skimai.com\/fr\/outils-de-paraphrase\/","og_site_name":"Skim AI","article_modified_time":"2023-07-10T19:04:36+00:00","og_image":[{"url":"http:\/\/skimai.com\/wp-content\/uploads\/2019\/11\/paraphrase-tool-683x768.png","type":"","width":"","height":""}],"twitter_card":"summary_large_image","twitter_misc":{"Dur\u00e9e de lecture estim\u00e9e":"1 minute"},"schema":{"@context":"https:\/\/schema.org","@graph":[{"@type":"WebPage","@id":"https:\/\/skimai.com\/paraphrase-tools\/","url":"https:\/\/skimai.com\/paraphrase-tools\/","name":"Outils de paraphrase - Paraphrase en ligne gratuite - Skim AI","isPartOf":{"@id":"https:\/\/skimai.com\/uk\/#website"},"primaryImageOfPage":{"@id":"https:\/\/skimai.com\/paraphrase-tools\/#primaryimage"},"image":{"@id":"https:\/\/skimai.com\/paraphrase-tools\/#primaryimage"},"thumbnailUrl":"http:\/\/skimai.com\/wp-content\/uploads\/2019\/11\/paraphrase-tool-683x768.png","datePublished":"2019-11-04T16:19:24+00:00","dateModified":"2023-07-10T19:04:36+00:00","description":"Les outils de paraphrase en ligne gratuits de Skim AI vous aident \u00e0 cr\u00e9er facilement du contenu original. Installez l'extension Chrome gratuitement d\u00e8s aujourd'hui !","breadcrumb":{"@id":"https:\/\/skimai.com\/paraphrase-tools\/#breadcrumb"},"inLanguage":"fr-FR","potentialAction":[{"@type":"ReadAction","target":["https:\/\/skimai.com\/paraphrase-tools\/"]}]},{"@type":"ImageObject","inLanguage":"fr-FR","@id":"https:\/\/skimai.com\/paraphrase-tools\/#primaryimage","url":"http:\/\/skimai.com\/wp-content\/uploads\/2019\/11\/paraphrase-tool-683x768.png","contentUrl":"http:\/\/skimai.com\/wp-content\/uploads\/2019\/11\/paraphrase-tool-683x768.png"},{"@type":"BreadcrumbList","@id":"https:\/\/skimai.com\/paraphrase-tools\/#breadcrumb","itemListElement":[{"@type":"ListItem","position":1,"name":"Home","item":"https:\/\/skimai.com\/"},{"@type":"ListItem","position":2,"name":"Paraphrase Tools"}]},{"@type":"WebSite","@id":"https:\/\/skimai.com\/uk\/#website","url":"https:\/\/skimai.com\/uk\/","name":"Skim AI","description":"La plateforme de travail des agents de l'IA","publisher":{"@id":"https:\/\/skimai.com\/uk\/#organization"},"potentialAction":[{"@type":"SearchAction","target":{"@type":"EntryPoint","urlTemplate":"https:\/\/skimai.com\/uk\/?s={search_term_string}"},"query-input":{"@type":"PropertyValueSpecification","valueRequired":true,"valueName":"search_term_string"}}],"inLanguage":"fr-FR"},{"@type":"Organization","@id":"https:\/\/skimai.com\/uk\/#organization","name":"Skim AI","url":"https:\/\/skimai.com\/uk\/","logo":{"@type":"ImageObject","inLanguage":"fr-FR","@id":"https:\/\/skimai.com\/uk\/#\/schema\/logo\/image\/","url":"http:\/\/skimai.com\/wp-content\/uploads\/2020\/07\/SKIM-AI-Header-Logo.png","contentUrl":"http:\/\/skimai.com\/wp-content\/uploads\/2020\/07\/SKIM-AI-Header-Logo.png","width":194,"height":58,"caption":"Skim AI"},"image":{"@id":"https:\/\/skimai.com\/uk\/#\/schema\/logo\/image\/"},"sameAs":["https:\/\/www.linkedin.com\/company\/skim-ai"]}]}},"_links":{"self":[{"href":"https:\/\/skimai.com\/fr\/wp-json\/wp\/v2\/pages\/2513","targetHints":{"allow":["GET"]}}],"collection":[{"href":"https:\/\/skimai.com\/fr\/wp-json\/wp\/v2\/pages"}],"about":[{"href":"https:\/\/skimai.com\/fr\/wp-json\/wp\/v2\/types\/page"}],"author":[{"embeddable":true,"href":"https:\/\/skimai.com\/fr\/wp-json\/wp\/v2\/users\/1003"}],"replies":[{"embeddable":true,"href":"https:\/\/skimai.com\/fr\/wp-json\/wp\/v2\/comments?post=2513"}],"version-history":[{"count":0,"href":"https:\/\/skimai.com\/fr\/wp-json\/wp\/v2\/pages\/2513\/revisions"}],"wp:attachment":[{"href":"https:\/\/skimai.com\/fr\/wp-json\/wp\/v2\/media?parent=2513"}],"curies":[{"name":"wp","href":"https:\/\/api.w.org\/{rel}","templated":true}]}}