{"id":2476,"date":"2019-10-25T09:00:32","date_gmt":"2019-10-25T09:00:32","guid":{"rendered":"http:\/\/skimai.com\/?page_id=2476"},"modified":"2023-07-10T19:04:10","modified_gmt":"2023-07-10T19:04:10","slug":"outil-de-synthese-en-ligne","status":"publish","type":"page","link":"https:\/\/skimai.com\/fr\/online-summarization-tool\/","title":{"rendered":"Outil de r\u00e9sum\u00e9 en ligne"},"content":{"rendered":"<h3>G\u00e9n\u00e9rer des r\u00e9sum\u00e9s en 1 clic avec Skim AI's free<\/h3>\n<pre><code>        <h1>Outil de r\u00e9sum\u00e9 en ligne<\/h1>      \n                                            <img decoding=\"async\" width=\"619\" height=\"610\" src=\"http:\/\/skimai.com\/wp-content\/uploads\/2019\/10\/Graphic-1.png\" alt=\"Graphique 1\" loading=\"lazy\" srcset=\"http:\/\/skimai.com\/wp-content\/uploads\/2019\/10\/Graphic-1.png 619w, http:\/\/skimai.com\/wp-content\/uploads\/2019\/10\/Graphic-1-300x296.png 300w, http:\/\/skimai.com\/wp-content\/uploads\/2019\/10\/Graphic-1-320x315.png 320w, http:\/\/skimai.com\/wp-content\/uploads\/2019\/10\/Graphic-1-360x355.png 360w, http:\/\/skimai.com\/wp-content\/uploads\/2019\/10\/Graphic-1-600x591.png 600w, http:\/\/skimai.com\/wp-content\/uploads\/2019\/10\/Graphic-1-100x100.png 100w\" sizes=\"auto, (max-width: 619px) 100vw, 619px\" \/>                                                       \n        <h2>R\u00e9sum\u00e9s en ligne faciles<\/h2>      \n    Gagnez du temps en lisant sans manquer les points importants du texte. Avec l'outil de r\u00e9sum\u00e9 en ligne de Skim AI, r\u00e9sumez rapidement n'importe quel article en ligne ou votre propre PDF t\u00e9l\u00e9charg\u00e9 en quelques secondes, d'un simple clic.<\/p>        \n        <a href=\"https:\/\/chrome.google.com\/webstore\/detail\/1-click-summarizer-web-to\/pndpokngaffecpfmicdfeibpgkpofebn\">\n                    Essayez-le gratuitement\n                <\/a>\n        <h2>R\u00e9sumez votre parcours<\/h2>     \n        <h2>Parcourez vos propres ressources<\/h2>        \n        <h2>personnaliser la longueur du r\u00e9sum\u00e9<\/h2>       \n        <h2>enregistrer les sources pour faciliter les citations<\/h2>     \n                                            <img decoding=\"async\" width=\"150\" height=\"150\" src=\"http:\/\/skimai.com\/wp-content\/uploads\/2019\/09\/5.png\" alt=\"5\" loading=\"lazy\" srcset=\"http:\/\/skimai.com\/wp-content\/uploads\/2019\/09\/5.png 150w, http:\/\/skimai.com\/wp-content\/uploads\/2019\/09\/5-100x100.png 100w\" sizes=\"auto, (max-width: 150px) 100vw, 150px\" \/>                                                       \n                                            <img decoding=\"async\" width=\"150\" height=\"150\" src=\"http:\/\/skimai.com\/wp-content\/uploads\/2019\/09\/3.png\" alt=\"3\" loading=\"lazy\" srcset=\"http:\/\/skimai.com\/wp-content\/uploads\/2019\/09\/3.png 150w, http:\/\/skimai.com\/wp-content\/uploads\/2019\/09\/3-100x100.png 100w\" sizes=\"auto, (max-width: 150px) 100vw, 150px\" \/>                                                       \n                                            <img decoding=\"async\" width=\"150\" height=\"150\" src=\"http:\/\/skimai.com\/wp-content\/uploads\/2019\/09\/4.png\" alt=\"4\" loading=\"lazy\" srcset=\"http:\/\/skimai.com\/wp-content\/uploads\/2019\/09\/4.png 150w, http:\/\/skimai.com\/wp-content\/uploads\/2019\/09\/4-100x100.png 100w\" sizes=\"auto, (max-width: 150px) 100vw, 150px\" \/>                                                       \n    <p>Importez n'importe quel livre \u00e9lectronique, \u00e9tude de cas, article scientifique ou autre ressource PDF et utilisez l'outil de r\u00e9sum\u00e9 en ligne de Skim AI pour vos propres ressources ainsi que pour n'importe quel article en ligne.<\/code><\/pre>\n<p>Utilisez le curseur de longueur du r\u00e9sum\u00e9 pour personnaliser la profondeur de votre r\u00e9sum\u00e9. En fonction du niveau de d\u00e9tail requis, choisissez entre 10% et 35% de la longueur du texte original.<\/p>\n<p>Besoin d'enregistrer vos sources pour les citer plus tard ? Enregistrez la ressource originale, le r\u00e9sum\u00e9 en ligne et la source pour les retrouver facilement et les citer plus tard.<\/p>\n<pre><code>                                            <img decoding=\"async\" width=\"700\" height=\"556\" src=\"http:\/\/skimai.com\/wp-content\/uploads\/2020\/07\/IPAD-768x610.png\" alt=\"IPAD\" loading=\"lazy\" srcset=\"http:\/\/skimai.com\/wp-content\/uploads\/2020\/07\/IPAD-768x610.png 768w, http:\/\/skimai.com\/wp-content\/uploads\/2020\/07\/IPAD-300x238.png 300w, http:\/\/skimai.com\/wp-content\/uploads\/2020\/07\/IPAD.png 967w\" sizes=\"auto, (max-width: 700px) 100vw, 700px\" \/>                                                      \n    <p>T\u00e9l\u00e9chargez GRATUITEMENT l'extension Chrome compatible avec l'IA !<\/p>      \n                                                <a href=\"https:\/\/chrome.google.com\/webstore\/detail\/1-click-summarizer-web-to\/pndpokngaffecpfmicdfeibpgkpofebn\">\n                        <img decoding=\"async\" width=\"300\" height=\"91\" src=\"http:\/\/skimai.com\/wp-content\/uploads\/2019\/09\/Chrome-badge-300x91.png\" alt=\"Badge chrom\u00e9\" loading=\"lazy\" srcset=\"http:\/\/skimai.com\/wp-content\/uploads\/2019\/09\/Chrome-badge-300x91.png 300w, http:\/\/skimai.com\/wp-content\/uploads\/2019\/09\/Chrome-badge-320x97.png 320w, http:\/\/skimai.com\/wp-content\/uploads\/2019\/09\/Chrome-badge-360x109.png 360w, http:\/\/skimai.com\/wp-content\/uploads\/2019\/09\/Chrome-badge.png 496w\" sizes=\"auto, (max-width: 300px) 100vw, 300px\" \/>                             <\/a>\n    <p><a href=\"https:\/\/chrome.google.com\/webstore\/detail\/1-click-summarizer-web-to\/pndpokngaffecpfmicdfeibpgkpofebn\">Cliquez ici pour t\u00e9l\u00e9charger<\/a><\/p>        \n        <h2>Vous cherchez une solution d'entreprise ?<\/h2>        \n        <h2>Nos solutions d'entreprise peuvent vous aider, vous et votre \u00e9quipe, \u00e0 organiser, \u00e0 collaborer et \u00e0 extraire des donn\u00e9es de votre base de donn\u00e9es propri\u00e9taire. Le plus beau, c'est que vous pouvez le faire sans l'aide d'un expert en NLP ou d'un analyste de donn\u00e9es. Prenez rendez-vous avec notre \u00e9quipe pour en savoir plus.<\/h2>        \n        <a href=\"http:\/\/skimai.com\/fr\/contact\/\" target=\"_blank\" rel=\"noopener\">\n                    Obtenir une d\u00e9monstration\n                <\/a><\/code><\/pre>","protected":false},"excerpt":{"rendered":"<p>Generate Summaries in 1-Click with Skim AI&#8217;s free Online Summarization Tool Easy Online Summarization Save time reading without missing out on the important points from the text. With Skim AI&#8217;s online summarization tool, quickly summarize any online article or your own uploaded PDF in seconds with a single click. Try it for Free Summarize your [&hellip;]<\/p>\n","protected":false},"author":1003,"featured_media":2429,"parent":0,"menu_order":0,"comment_status":"closed","ping_status":"closed","template":"elementor_header_footer","meta":{"_et_pb_use_builder":"","_et_pb_old_content":"","_et_gb_content_width":"","footnotes":""},"class_list":["post-2476","page","type-page","status-publish","has-post-thumbnail","hentry"],"yoast_head":"<!-- This site is optimized with the Yoast SEO plugin v24.1 - https:\/\/yoast.com\/wordpress\/plugins\/seo\/ -->\n<title>Online Summarization Tool - Free 1-Click Summaries - Skim AI<\/title>\n<meta name=\"description\" content=\"Generate 1-click summaries from any online article or PDF with Skim AI&#039;s free online summarization tool. Save time without missing what&#039;s important.\" \/>\n<meta name=\"robots\" content=\"index, follow, max-snippet:-1, max-image-preview:large, max-video-preview:-1\" \/>\n<link rel=\"canonical\" href=\"https:\/\/skimai.com\/fr\/outil-de-synthese-en-ligne\/\" \/>\n<meta property=\"og:locale\" content=\"fr_FR\" \/>\n<meta property=\"og:type\" content=\"article\" \/>\n<meta property=\"og:title\" content=\"Online Summarization Tool - Free 1-Click Summaries - Skim AI\" \/>\n<meta property=\"og:description\" content=\"Generate 1-click summaries from any online article or PDF with Skim AI&#039;s free online summarization tool. Save time without missing what&#039;s important.\" \/>\n<meta property=\"og:url\" content=\"https:\/\/skimai.com\/fr\/outil-de-synthese-en-ligne\/\" \/>\n<meta property=\"og:site_name\" content=\"Skim AI\" \/>\n<meta property=\"article:modified_time\" content=\"2023-07-10T19:04:10+00:00\" \/>\n<meta property=\"og:image\" content=\"https:\/\/skimai.com\/wp-content\/uploads\/2019\/10\/Graphic-1.png\" \/>\n\t<meta property=\"og:image:width\" content=\"619\" \/>\n\t<meta property=\"og:image:height\" content=\"610\" \/>\n\t<meta property=\"og:image:type\" content=\"image\/png\" \/>\n<meta name=\"twitter:card\" content=\"summary_large_image\" \/>\n<meta name=\"twitter:label1\" content=\"Dur\u00e9e de lecture estim\u00e9e\" \/>\n\t<meta name=\"twitter:data1\" content=\"1 minute\" \/>\n<script type=\"application\/ld+json\" class=\"yoast-schema-graph\">{\"@context\":\"https:\/\/schema.org\",\"@graph\":[{\"@type\":\"WebPage\",\"@id\":\"https:\/\/skimai.com\/online-summarization-tool\/\",\"url\":\"https:\/\/skimai.com\/online-summarization-tool\/\",\"name\":\"Online Summarization Tool - Free 1-Click Summaries - Skim AI\",\"isPartOf\":{\"@id\":\"https:\/\/skimai.com\/uk\/#website\"},\"primaryImageOfPage\":{\"@id\":\"https:\/\/skimai.com\/online-summarization-tool\/#primaryimage\"},\"image\":{\"@id\":\"https:\/\/skimai.com\/online-summarization-tool\/#primaryimage\"},\"thumbnailUrl\":\"https:\/\/skimai.com\/wp-content\/uploads\/2019\/10\/Graphic-1.png\",\"datePublished\":\"2019-10-25T09:00:32+00:00\",\"dateModified\":\"2023-07-10T19:04:10+00:00\",\"description\":\"Generate 1-click summaries from any online article or PDF with Skim AI's free online summarization tool. Save time without missing what's important.\",\"breadcrumb\":{\"@id\":\"https:\/\/skimai.com\/online-summarization-tool\/#breadcrumb\"},\"inLanguage\":\"fr-FR\",\"potentialAction\":[{\"@type\":\"ReadAction\",\"target\":[\"https:\/\/skimai.com\/online-summarization-tool\/\"]}]},{\"@type\":\"ImageObject\",\"inLanguage\":\"fr-FR\",\"@id\":\"https:\/\/skimai.com\/online-summarization-tool\/#primaryimage\",\"url\":\"https:\/\/skimai.com\/wp-content\/uploads\/2019\/10\/Graphic-1.png\",\"contentUrl\":\"https:\/\/skimai.com\/wp-content\/uploads\/2019\/10\/Graphic-1.png\",\"width\":619,\"height\":610,\"caption\":\"Graphic 1\"},{\"@type\":\"BreadcrumbList\",\"@id\":\"https:\/\/skimai.com\/online-summarization-tool\/#breadcrumb\",\"itemListElement\":[{\"@type\":\"ListItem\",\"position\":1,\"name\":\"Home\",\"item\":\"https:\/\/skimai.com\/\"},{\"@type\":\"ListItem\",\"position\":2,\"name\":\"Online Summarization Tool\"}]},{\"@type\":\"WebSite\",\"@id\":\"https:\/\/skimai.com\/uk\/#website\",\"url\":\"https:\/\/skimai.com\/uk\/\",\"name\":\"Skim AI\",\"description\":\"The AI Agent Workforce Platform\",\"publisher\":{\"@id\":\"https:\/\/skimai.com\/uk\/#organization\"},\"potentialAction\":[{\"@type\":\"SearchAction\",\"target\":{\"@type\":\"EntryPoint\",\"urlTemplate\":\"https:\/\/skimai.com\/uk\/?s={search_term_string}\"},\"query-input\":{\"@type\":\"PropertyValueSpecification\",\"valueRequired\":true,\"valueName\":\"search_term_string\"}}],\"inLanguage\":\"fr-FR\"},{\"@type\":\"Organization\",\"@id\":\"https:\/\/skimai.com\/uk\/#organization\",\"name\":\"Skim AI\",\"url\":\"https:\/\/skimai.com\/uk\/\",\"logo\":{\"@type\":\"ImageObject\",\"inLanguage\":\"fr-FR\",\"@id\":\"https:\/\/skimai.com\/uk\/#\/schema\/logo\/image\/\",\"url\":\"http:\/\/skimai.com\/wp-content\/uploads\/2020\/07\/SKIM-AI-Header-Logo.png\",\"contentUrl\":\"http:\/\/skimai.com\/wp-content\/uploads\/2020\/07\/SKIM-AI-Header-Logo.png\",\"width\":194,\"height\":58,\"caption\":\"Skim AI\"},\"image\":{\"@id\":\"https:\/\/skimai.com\/uk\/#\/schema\/logo\/image\/\"},\"sameAs\":[\"https:\/\/www.linkedin.com\/company\/skim-ai\"]}]}<\/script>\n<!-- \/ Yoast SEO plugin. -->","yoast_head_json":{"title":"Outil de r\u00e9sum\u00e9 en ligne - R\u00e9sum\u00e9s gratuits en 1 clic - Skim AI","description":"G\u00e9n\u00e9rez des r\u00e9sum\u00e9s en un clic \u00e0 partir de n'importe quel article ou PDF en ligne gr\u00e2ce \u00e0 l'outil de r\u00e9sum\u00e9 en ligne gratuit de Skim AI. Gagnez du temps sans manquer l'essentiel.","robots":{"index":"index","follow":"follow","max-snippet":"max-snippet:-1","max-image-preview":"max-image-preview:large","max-video-preview":"max-video-preview:-1"},"canonical":"https:\/\/skimai.com\/fr\/outil-de-synthese-en-ligne\/","og_locale":"fr_FR","og_type":"article","og_title":"Online Summarization Tool - Free 1-Click Summaries - Skim AI","og_description":"Generate 1-click summaries from any online article or PDF with Skim AI's free online summarization tool. Save time without missing what's important.","og_url":"https:\/\/skimai.com\/fr\/outil-de-synthese-en-ligne\/","og_site_name":"Skim AI","article_modified_time":"2023-07-10T19:04:10+00:00","og_image":[{"width":619,"height":610,"url":"https:\/\/skimai.com\/wp-content\/uploads\/2019\/10\/Graphic-1.png","type":"image\/png"}],"twitter_card":"summary_large_image","twitter_misc":{"Dur\u00e9e de lecture estim\u00e9e":"1 minute"},"schema":{"@context":"https:\/\/schema.org","@graph":[{"@type":"WebPage","@id":"https:\/\/skimai.com\/online-summarization-tool\/","url":"https:\/\/skimai.com\/online-summarization-tool\/","name":"Outil de r\u00e9sum\u00e9 en ligne - R\u00e9sum\u00e9s gratuits en 1 clic - Skim AI","isPartOf":{"@id":"https:\/\/skimai.com\/uk\/#website"},"primaryImageOfPage":{"@id":"https:\/\/skimai.com\/online-summarization-tool\/#primaryimage"},"image":{"@id":"https:\/\/skimai.com\/online-summarization-tool\/#primaryimage"},"thumbnailUrl":"https:\/\/skimai.com\/wp-content\/uploads\/2019\/10\/Graphic-1.png","datePublished":"2019-10-25T09:00:32+00:00","dateModified":"2023-07-10T19:04:10+00:00","description":"G\u00e9n\u00e9rez des r\u00e9sum\u00e9s en un clic \u00e0 partir de n'importe quel article ou PDF en ligne gr\u00e2ce \u00e0 l'outil de r\u00e9sum\u00e9 en ligne gratuit de Skim AI. Gagnez du temps sans manquer l'essentiel.","breadcrumb":{"@id":"https:\/\/skimai.com\/online-summarization-tool\/#breadcrumb"},"inLanguage":"fr-FR","potentialAction":[{"@type":"ReadAction","target":["https:\/\/skimai.com\/online-summarization-tool\/"]}]},{"@type":"ImageObject","inLanguage":"fr-FR","@id":"https:\/\/skimai.com\/online-summarization-tool\/#primaryimage","url":"https:\/\/skimai.com\/wp-content\/uploads\/2019\/10\/Graphic-1.png","contentUrl":"https:\/\/skimai.com\/wp-content\/uploads\/2019\/10\/Graphic-1.png","width":619,"height":610,"caption":"Graphic 1"},{"@type":"BreadcrumbList","@id":"https:\/\/skimai.com\/online-summarization-tool\/#breadcrumb","itemListElement":[{"@type":"ListItem","position":1,"name":"Home","item":"https:\/\/skimai.com\/"},{"@type":"ListItem","position":2,"name":"Online Summarization Tool"}]},{"@type":"WebSite","@id":"https:\/\/skimai.com\/uk\/#website","url":"https:\/\/skimai.com\/uk\/","name":"Skim AI","description":"La plateforme de travail des agents de l'IA","publisher":{"@id":"https:\/\/skimai.com\/uk\/#organization"},"potentialAction":[{"@type":"SearchAction","target":{"@type":"EntryPoint","urlTemplate":"https:\/\/skimai.com\/uk\/?s={search_term_string}"},"query-input":{"@type":"PropertyValueSpecification","valueRequired":true,"valueName":"search_term_string"}}],"inLanguage":"fr-FR"},{"@type":"Organization","@id":"https:\/\/skimai.com\/uk\/#organization","name":"Skim AI","url":"https:\/\/skimai.com\/uk\/","logo":{"@type":"ImageObject","inLanguage":"fr-FR","@id":"https:\/\/skimai.com\/uk\/#\/schema\/logo\/image\/","url":"http:\/\/skimai.com\/wp-content\/uploads\/2020\/07\/SKIM-AI-Header-Logo.png","contentUrl":"http:\/\/skimai.com\/wp-content\/uploads\/2020\/07\/SKIM-AI-Header-Logo.png","width":194,"height":58,"caption":"Skim AI"},"image":{"@id":"https:\/\/skimai.com\/uk\/#\/schema\/logo\/image\/"},"sameAs":["https:\/\/www.linkedin.com\/company\/skim-ai"]}]}},"_links":{"self":[{"href":"https:\/\/skimai.com\/fr\/wp-json\/wp\/v2\/pages\/2476","targetHints":{"allow":["GET"]}}],"collection":[{"href":"https:\/\/skimai.com\/fr\/wp-json\/wp\/v2\/pages"}],"about":[{"href":"https:\/\/skimai.com\/fr\/wp-json\/wp\/v2\/types\/page"}],"author":[{"embeddable":true,"href":"https:\/\/skimai.com\/fr\/wp-json\/wp\/v2\/users\/1003"}],"replies":[{"embeddable":true,"href":"https:\/\/skimai.com\/fr\/wp-json\/wp\/v2\/comments?post=2476"}],"version-history":[{"count":0,"href":"https:\/\/skimai.com\/fr\/wp-json\/wp\/v2\/pages\/2476\/revisions"}],"wp:featuredmedia":[{"embeddable":true,"href":"https:\/\/skimai.com\/fr\/wp-json\/wp\/v2\/media\/2429"}],"wp:attachment":[{"href":"https:\/\/skimai.com\/fr\/wp-json\/wp\/v2\/media?parent=2476"}],"curies":[{"name":"wp","href":"https:\/\/api.w.org\/{rel}","templated":true}]}}