{"id":1604,"date":"2019-06-20T18:59:50","date_gmt":"2019-06-20T18:59:50","guid":{"rendered":"http:\/\/skimai.com\/?page_id=1604"},"modified":"2023-07-10T17:02:22","modified_gmt":"2023-07-10T17:02:22","slug":"tutoriel","status":"publish","type":"page","link":"https:\/\/skimai.com\/fr\/tutorial\/","title":{"rendered":"Confirmation d'installation"},"content":{"rendered":"<h2>Pour commencer :<\/h2>\n<pre><code>        <h2>Obtenez les informations que vous recherchez en une fraction de temps et en deux \u00e9tapes simples.<\/h2>      \n        <a href=\"https:\/\/www.youtube.com\/channel\/UCHbayjFsQwGerLe6kEQXLTg\/videos\" role=\"button\">\n                    Regarder les tutoriels\n                <\/a>\n        <h2>Les informations dont vous avez besoin sont disponibles. <br>Skim AI vous aidera \u00e0 le trouver, \u00e0 le sauvegarder et \u00e0 le retrouver lorsque vous en aurez besoin.<\/h2>      \n                                    <img decoding=\"async\" width=\"150\" height=\"150\" src=\"http:\/\/skimai.com\/wp-content\/uploads\/2019\/09\/1.png\" alt=\"\" srcset=\"http:\/\/skimai.com\/wp-content\/uploads\/2019\/09\/1.png 150w, http:\/\/skimai.com\/wp-content\/uploads\/2019\/09\/1-100x100.png 100w\" sizes=\"(max-width: 150px) 100vw, 150px\" \/>                                           \n    <p>R\u00e9duisez le temps de lecture avec le <b>Outil de synth\u00e8se bas\u00e9 sur l'IA<\/b>. Ajustez la taille du r\u00e9sum\u00e9 en pourcentage ou ne retenez que les faits et les opinions de l'article original.<\/p>       \n                                    <img decoding=\"async\" width=\"150\" height=\"150\" src=\"http:\/\/skimai.com\/wp-content\/uploads\/2019\/09\/2.png\" alt=\"\" srcset=\"http:\/\/skimai.com\/wp-content\/uploads\/2019\/09\/2.png 150w, http:\/\/skimai.com\/wp-content\/uploads\/2019\/09\/2-100x100.png 100w\" sizes=\"(max-width: 150px) 100vw, 150px\" \/>                                           \n    <p>Identifiez rapidement les \u00e9l\u00e9ments importants gr\u00e2ce \u00e0 un code couleur pour les faits et les citations dans un article.<\/p>        \n                                    <img decoding=\"async\" width=\"150\" height=\"150\" src=\"http:\/\/skimai.com\/wp-content\/uploads\/2019\/09\/3.png\" alt=\"r\u00e9sum\u00e9 en ligne\" srcset=\"http:\/\/skimai.com\/wp-content\/uploads\/2019\/09\/3.png 150w, http:\/\/skimai.com\/wp-content\/uploads\/2019\/09\/3-100x100.png 100w\" sizes=\"(max-width: 150px) 100vw, 150px\" \/>                                           \n    <p>Gagnez du temps lorsque vous commencez \u00e0 \u00e9crire en g\u00e9rant l'information au niveau de la phrase. Ne conservez de chaque source que les \u00e9l\u00e9ments importants dont vous avez besoin.<\/p>      \n                                    <img decoding=\"async\" width=\"150\" height=\"150\" src=\"http:\/\/skimai.com\/wp-content\/uploads\/2019\/09\/4.png\" alt=\"outil de synth\u00e8se en ligne\" srcset=\"http:\/\/skimai.com\/wp-content\/uploads\/2019\/09\/4.png 150w, http:\/\/skimai.com\/wp-content\/uploads\/2019\/09\/4-100x100.png 100w\" sizes=\"(max-width: 150px) 100vw, 150px\" \/>                                            \n    <p>Clipsez, stockez, organisez et retrouvez toutes les informations sauvegard\u00e9es (et leurs sources) dans votre dossier personnel Skim AI. Recherchez les \u00e9l\u00e9ments sauvegard\u00e9s par mot-cl\u00e9, auteur, sujet et autres filtres avanc\u00e9s.<\/p>     \n                                    <img decoding=\"async\" width=\"150\" height=\"150\" src=\"http:\/\/skimai.com\/wp-content\/uploads\/2019\/09\/5.png\" alt=\"r\u00e9sum\u00e9 en ligne\" srcset=\"http:\/\/skimai.com\/wp-content\/uploads\/2019\/09\/5.png 150w, http:\/\/skimai.com\/wp-content\/uploads\/2019\/09\/5-100x100.png 100w\" sizes=\"(max-width: 150px) 100vw, 150px\" \/>                                         \n    <p>T\u00e9l\u00e9chargez des PDF et utilisez les m\u00eames fonctions que celles disponibles pour les sources en ligne, y compris le r\u00e9sum\u00e9, la recherche par mot-cl\u00e9 et le d\u00e9coupage et l'enregistrement.<\/p>       \n                                    <img decoding=\"async\" width=\"150\" height=\"150\" src=\"http:\/\/skimai.com\/wp-content\/uploads\/2019\/09\/6.png\" alt=\"\" srcset=\"http:\/\/skimai.com\/wp-content\/uploads\/2019\/09\/6.png 150w, http:\/\/skimai.com\/wp-content\/uploads\/2019\/09\/6-100x100.png 100w\" sizes=\"(max-width: 150px) 100vw, 150px\" \/>                                           \n    <p>Recherchez dans la base de donn\u00e9es de Skim AI des nouvelles, des articles, des documents de recherche et bien plus encore, provenant de sources fiables.<\/p>     \n                                    <img decoding=\"async\" src=\"http:\/\/skimai.com\/wp-content\/uploads\/2019\/09\/190919-Ipad-Toolbar-1366x768.png\" title=\"\" alt=\"\" \/>                                            \n        <h2>Vous cherchez une solution d'entreprise ?<\/h2>        \n        <h2>Nos solutions d'entreprise peuvent vous aider, vous et votre \u00e9quipe, \u00e0 organiser, \u00e0 collaborer et \u00e0 extraire des donn\u00e9es de votre base de donn\u00e9es propri\u00e9taire. Le plus beau, c'est que vous pouvez le faire sans l'aide d'un expert en NLP ou d'un analyste de donn\u00e9es. Prenez rendez-vous avec notre \u00e9quipe pour en savoir plus.<\/h2>        \n        <a href=\"http:\/\/skimai.com\/fr\/enterprise-contact-us\/\" target=\"_blank\" role=\"button\" rel=\"noopener noreferrer\">\n                    Connectons-nous\n                <\/a>\n                                    <img decoding=\"async\" width=\"700\" height=\"445\" src=\"http:\/\/skimai.com\/wp-content\/uploads\/2019\/01\/Skim-AI-logo-2-1024x651.png\" alt=\"\" srcset=\"http:\/\/skimai.com\/wp-content\/uploads\/2019\/01\/Skim-AI-logo-2.png 1024w, http:\/\/skimai.com\/wp-content\/uploads\/2019\/01\/Skim-AI-logo-2-300x191.png 300w, http:\/\/skimai.com\/wp-content\/uploads\/2019\/01\/Skim-AI-logo-2-768x488.png 768w, http:\/\/skimai.com\/wp-content\/uploads\/2019\/01\/Skim-AI-logo-2-600x381.png 600w\" sizes=\"(max-width: 700px) 100vw, 700px\" \/>                                            \n                        <a href=\"https:\/\/twitter.com\/Skim_AI\" target=\"_blank\" rel=\"noopener noreferrer\">\n                Twitter\n            <\/a>\n                        <a href=\"\" target=\"_blank\" rel=\"noopener noreferrer\">\n                Facebook\n            <\/a>\n                        <a href=\"https:\/\/www.linkedin.com\/company\/skim-ai\/about\/\" target=\"_blank\" rel=\"noopener noreferrer\">\n                Linkedin\n            <\/a>\n                        <a href=\"https:\/\/www.youtube.com\/channel\/UCHbayjFsQwGerLe6kEQXLTg\" target=\"_blank\" rel=\"noopener noreferrer\">\n                Youtube\n            <\/a>\n        <h2>Commencer<\/h2>        \n                <ul>\n                        <li >\n                <a href=\"http:\/\/skimai.com\/fr\/enterprises\/\">                  Entreprise\n                                        <\/a>\n                                <\/li>\n                            <li >\n                <a href=\"http:\/\/skimai.com\/fr\/individuals\/\">                  Individus\n                                        <\/a>\n                                <\/li>\n                            <li >\n                <a href=\"https:\/\/skimai.docs.apiary.io\/#\">                  API\n                                        <\/a>\n                                <\/li>\n                            <li >\n                <a href=\"http:\/\/skimai.com\/fr\/blog\/\">                 Blog\n                                        <\/a>\n                                <\/li>\n                    <\/ul>\n        <h2>T\u00e9l\u00e9chargements<\/h2>      \n                <ul>\n                        <li >\n                <a href=\"https:\/\/chrome.google.com\/webstore\/detail\/skim-ai\/pndpokngaffecpfmicdfeibpgkpofebn?hl=en\">                     \n                                    Extension Chrome\n                                        <\/a>\n                                <\/li>\n                    <\/ul>\n        <h2>Nous contacter<\/h2>     \n                <ul>\n                        <li >\n                <a href=\"mailto:info@skimai.com\">                    info@skimai.com\n                                        <\/a>\n                                <\/li>\n                            <li >\n                <a href=\"http:\/\/eepurl.com\/dNER6M\">                 Bulletin d'information\n                                        <\/a>\n                                <\/li>\n                    <\/ul><!-- Created with Elementor --><\/code><\/pre>","protected":false},"excerpt":{"rendered":"<p>Getting Started: Get the information you&#8217;re looking for in a fraction of the time in two simple steps. Watch Tutorials The information you need is out there. Skim AI will help you find it, save it, and retrieve it when you need. Cut down on reading time with the AI-enabled summarization tool. Adjust summary size [&hellip;]<\/p>\n","protected":false},"author":1003,"featured_media":0,"parent":0,"menu_order":0,"comment_status":"closed","ping_status":"closed","template":"elementor_header_footer","meta":{"_et_pb_use_builder":"","_et_pb_old_content":"","_et_gb_content_width":"","footnotes":""},"class_list":["post-1604","page","type-page","status-publish","hentry"],"yoast_head":"<!-- This site is optimized with the Yoast SEO plugin v24.1 - https:\/\/yoast.com\/wordpress\/plugins\/seo\/ -->\n<title>Install Confirmation - Skim AI<\/title>\n<meta name=\"robots\" content=\"index, follow, max-snippet:-1, max-image-preview:large, max-video-preview:-1\" \/>\n<link rel=\"canonical\" href=\"https:\/\/skimai.com\/fr\/tutoriel\/\" \/>\n<meta property=\"og:locale\" content=\"fr_FR\" \/>\n<meta property=\"og:type\" content=\"article\" \/>\n<meta property=\"og:title\" content=\"Install Confirmation - Skim AI\" \/>\n<meta property=\"og:description\" content=\"Getting Started: Get the information you&#039;re looking for in a fraction of the time in two simple steps. Watch Tutorials The information you need is out there. Skim AI will help you find it, save it, and retrieve it when you need. Cut down on reading time with the AI-enabled summarization tool. Adjust summary size [&hellip;]\" \/>\n<meta property=\"og:url\" content=\"https:\/\/skimai.com\/fr\/tutoriel\/\" \/>\n<meta property=\"og:site_name\" content=\"Skim AI\" \/>\n<meta property=\"article:modified_time\" content=\"2023-07-10T17:02:22+00:00\" \/>\n<meta property=\"og:image\" content=\"http:\/\/skimai.com\/wp-content\/uploads\/2019\/09\/1.png\" \/>\n<meta name=\"twitter:card\" content=\"summary_large_image\" \/>\n<meta name=\"twitter:label1\" content=\"Dur\u00e9e de lecture estim\u00e9e\" \/>\n\t<meta name=\"twitter:data1\" content=\"1 minute\" \/>\n<script type=\"application\/ld+json\" class=\"yoast-schema-graph\">{\"@context\":\"https:\/\/schema.org\",\"@graph\":[{\"@type\":\"WebPage\",\"@id\":\"https:\/\/skimai.com\/tutorial\/\",\"url\":\"https:\/\/skimai.com\/tutorial\/\",\"name\":\"Install Confirmation - Skim AI\",\"isPartOf\":{\"@id\":\"https:\/\/skimai.com\/uk\/#website\"},\"primaryImageOfPage\":{\"@id\":\"https:\/\/skimai.com\/tutorial\/#primaryimage\"},\"image\":{\"@id\":\"https:\/\/skimai.com\/tutorial\/#primaryimage\"},\"thumbnailUrl\":\"http:\/\/skimai.com\/wp-content\/uploads\/2019\/09\/1.png\",\"datePublished\":\"2019-06-20T18:59:50+00:00\",\"dateModified\":\"2023-07-10T17:02:22+00:00\",\"breadcrumb\":{\"@id\":\"https:\/\/skimai.com\/tutorial\/#breadcrumb\"},\"inLanguage\":\"fr-FR\",\"potentialAction\":[{\"@type\":\"ReadAction\",\"target\":[\"https:\/\/skimai.com\/tutorial\/\"]}]},{\"@type\":\"ImageObject\",\"inLanguage\":\"fr-FR\",\"@id\":\"https:\/\/skimai.com\/tutorial\/#primaryimage\",\"url\":\"http:\/\/skimai.com\/wp-content\/uploads\/2019\/09\/1.png\",\"contentUrl\":\"http:\/\/skimai.com\/wp-content\/uploads\/2019\/09\/1.png\"},{\"@type\":\"BreadcrumbList\",\"@id\":\"https:\/\/skimai.com\/tutorial\/#breadcrumb\",\"itemListElement\":[{\"@type\":\"ListItem\",\"position\":1,\"name\":\"Home\",\"item\":\"https:\/\/skimai.com\/\"},{\"@type\":\"ListItem\",\"position\":2,\"name\":\"Install Confirmation\"}]},{\"@type\":\"WebSite\",\"@id\":\"https:\/\/skimai.com\/uk\/#website\",\"url\":\"https:\/\/skimai.com\/uk\/\",\"name\":\"Skim AI\",\"description\":\"The AI Agent Workforce Platform\",\"publisher\":{\"@id\":\"https:\/\/skimai.com\/uk\/#organization\"},\"potentialAction\":[{\"@type\":\"SearchAction\",\"target\":{\"@type\":\"EntryPoint\",\"urlTemplate\":\"https:\/\/skimai.com\/uk\/?s={search_term_string}\"},\"query-input\":{\"@type\":\"PropertyValueSpecification\",\"valueRequired\":true,\"valueName\":\"search_term_string\"}}],\"inLanguage\":\"fr-FR\"},{\"@type\":\"Organization\",\"@id\":\"https:\/\/skimai.com\/uk\/#organization\",\"name\":\"Skim AI\",\"url\":\"https:\/\/skimai.com\/uk\/\",\"logo\":{\"@type\":\"ImageObject\",\"inLanguage\":\"fr-FR\",\"@id\":\"https:\/\/skimai.com\/uk\/#\/schema\/logo\/image\/\",\"url\":\"http:\/\/skimai.com\/wp-content\/uploads\/2020\/07\/SKIM-AI-Header-Logo.png\",\"contentUrl\":\"http:\/\/skimai.com\/wp-content\/uploads\/2020\/07\/SKIM-AI-Header-Logo.png\",\"width\":194,\"height\":58,\"caption\":\"Skim AI\"},\"image\":{\"@id\":\"https:\/\/skimai.com\/uk\/#\/schema\/logo\/image\/\"},\"sameAs\":[\"https:\/\/www.linkedin.com\/company\/skim-ai\"]}]}<\/script>\n<!-- \/ Yoast SEO plugin. -->","yoast_head_json":{"title":"Confirmation d'installation - Skim AI","robots":{"index":"index","follow":"follow","max-snippet":"max-snippet:-1","max-image-preview":"max-image-preview:large","max-video-preview":"max-video-preview:-1"},"canonical":"https:\/\/skimai.com\/fr\/tutoriel\/","og_locale":"fr_FR","og_type":"article","og_title":"Install Confirmation - Skim AI","og_description":"Getting Started: Get the information you're looking for in a fraction of the time in two simple steps. Watch Tutorials The information you need is out there. Skim AI will help you find it, save it, and retrieve it when you need. Cut down on reading time with the AI-enabled summarization tool. Adjust summary size [&hellip;]","og_url":"https:\/\/skimai.com\/fr\/tutoriel\/","og_site_name":"Skim AI","article_modified_time":"2023-07-10T17:02:22+00:00","og_image":[{"url":"http:\/\/skimai.com\/wp-content\/uploads\/2019\/09\/1.png","type":"","width":"","height":""}],"twitter_card":"summary_large_image","twitter_misc":{"Dur\u00e9e de lecture estim\u00e9e":"1 minute"},"schema":{"@context":"https:\/\/schema.org","@graph":[{"@type":"WebPage","@id":"https:\/\/skimai.com\/tutorial\/","url":"https:\/\/skimai.com\/tutorial\/","name":"Confirmation d'installation - Skim AI","isPartOf":{"@id":"https:\/\/skimai.com\/uk\/#website"},"primaryImageOfPage":{"@id":"https:\/\/skimai.com\/tutorial\/#primaryimage"},"image":{"@id":"https:\/\/skimai.com\/tutorial\/#primaryimage"},"thumbnailUrl":"http:\/\/skimai.com\/wp-content\/uploads\/2019\/09\/1.png","datePublished":"2019-06-20T18:59:50+00:00","dateModified":"2023-07-10T17:02:22+00:00","breadcrumb":{"@id":"https:\/\/skimai.com\/tutorial\/#breadcrumb"},"inLanguage":"fr-FR","potentialAction":[{"@type":"ReadAction","target":["https:\/\/skimai.com\/tutorial\/"]}]},{"@type":"ImageObject","inLanguage":"fr-FR","@id":"https:\/\/skimai.com\/tutorial\/#primaryimage","url":"http:\/\/skimai.com\/wp-content\/uploads\/2019\/09\/1.png","contentUrl":"http:\/\/skimai.com\/wp-content\/uploads\/2019\/09\/1.png"},{"@type":"BreadcrumbList","@id":"https:\/\/skimai.com\/tutorial\/#breadcrumb","itemListElement":[{"@type":"ListItem","position":1,"name":"Home","item":"https:\/\/skimai.com\/"},{"@type":"ListItem","position":2,"name":"Install Confirmation"}]},{"@type":"WebSite","@id":"https:\/\/skimai.com\/uk\/#website","url":"https:\/\/skimai.com\/uk\/","name":"Skim AI","description":"La plateforme de travail des agents de l'IA","publisher":{"@id":"https:\/\/skimai.com\/uk\/#organization"},"potentialAction":[{"@type":"SearchAction","target":{"@type":"EntryPoint","urlTemplate":"https:\/\/skimai.com\/uk\/?s={search_term_string}"},"query-input":{"@type":"PropertyValueSpecification","valueRequired":true,"valueName":"search_term_string"}}],"inLanguage":"fr-FR"},{"@type":"Organization","@id":"https:\/\/skimai.com\/uk\/#organization","name":"Skim AI","url":"https:\/\/skimai.com\/uk\/","logo":{"@type":"ImageObject","inLanguage":"fr-FR","@id":"https:\/\/skimai.com\/uk\/#\/schema\/logo\/image\/","url":"http:\/\/skimai.com\/wp-content\/uploads\/2020\/07\/SKIM-AI-Header-Logo.png","contentUrl":"http:\/\/skimai.com\/wp-content\/uploads\/2020\/07\/SKIM-AI-Header-Logo.png","width":194,"height":58,"caption":"Skim AI"},"image":{"@id":"https:\/\/skimai.com\/uk\/#\/schema\/logo\/image\/"},"sameAs":["https:\/\/www.linkedin.com\/company\/skim-ai"]}]}},"_links":{"self":[{"href":"https:\/\/skimai.com\/fr\/wp-json\/wp\/v2\/pages\/1604","targetHints":{"allow":["GET"]}}],"collection":[{"href":"https:\/\/skimai.com\/fr\/wp-json\/wp\/v2\/pages"}],"about":[{"href":"https:\/\/skimai.com\/fr\/wp-json\/wp\/v2\/types\/page"}],"author":[{"embeddable":true,"href":"https:\/\/skimai.com\/fr\/wp-json\/wp\/v2\/users\/1003"}],"replies":[{"embeddable":true,"href":"https:\/\/skimai.com\/fr\/wp-json\/wp\/v2\/comments?post=1604"}],"version-history":[{"count":0,"href":"https:\/\/skimai.com\/fr\/wp-json\/wp\/v2\/pages\/1604\/revisions"}],"wp:attachment":[{"href":"https:\/\/skimai.com\/fr\/wp-json\/wp\/v2\/media?parent=1604"}],"curies":[{"name":"wp","href":"https:\/\/api.w.org\/{rel}","templated":true}]}}