{"id":1119,"date":"2019-03-12T07:04:17","date_gmt":"2019-03-12T07:04:17","guid":{"rendered":"http:\/\/ec2-54-145-54-64.compute-1.amazonaws.com\/?page_id=1119"},"modified":"2023-07-10T19:05:07","modified_gmt":"2023-07-10T19:05:07","slug":"politique-de-confidentialite","status":"publish","type":"page","link":"https:\/\/skimai.com\/fr\/privacy-policy\/","title":{"rendered":"Politique de confidentialit\u00e9"},"content":{"rendered":"<h5>\n<h1 id=\"ppHeader\">Politique de confidentialit\u00e9<\/h1>\n<p>&nbsp;&nbsp;La pr\u00e9sente politique de confidentialit\u00e9 a \u00e9t\u00e9 \u00e9labor\u00e9e pour mieux servir les personnes qui s'inqui\u00e8tent de la mani\u00e8re dont leurs \"informations personnelles identifiables\" (IPI) sont utilis\u00e9es en ligne. Les IPI, telles qu'elles sont d\u00e9crites dans la l\u00e9gislation am\u00e9ricaine sur la protection de la vie priv\u00e9e et la s\u00e9curit\u00e9 de l'information, sont des informations qui peuvent \u00eatre utilis\u00e9es seules ou avec d'autres informations pour identifier, contacter ou localiser une seule personne, ou pour identifier une personne dans son contexte. Veuillez lire attentivement notre politique de confidentialit\u00e9 pour bien comprendre comment nous collectons, utilisons, prot\u00e9geons ou traitons vos informations d'identification personnelle conform\u00e9ment \u00e0 notre site web.&nbsp;<\/p>\n<p><strong>Quelles informations personnelles recueillons-nous aupr\u00e8s des personnes qui visitent notre blog, notre site web ou notre application ?<\/strong>Lors d'une commande ou d'un enregistrement sur notre site, selon le cas, il peut vous \u00eatre demand\u00e9 de saisir votre nom, votre adresse \u00e9lectronique, votre adresse postale, votre num\u00e9ro de t\u00e9l\u00e9phone, des informations sur votre carte de cr\u00e9dit, des donn\u00e9es d'utilisation ou d'autres d\u00e9tails pour vous aider dans votre exp\u00e9rience.<strong><br \/><\/strong><strong>Quand recueillons-nous des informations ?<\/strong>Nous recueillons des informations aupr\u00e8s de vous lorsque vous vous inscrivez sur notre site, passez une commande, r\u00e9pondez \u00e0 une enqu\u00eate ou saisissez des informations sur notre site.<\/p>\n<p>Nous fournir un retour d'information sur nos produits ou services Utiliser l'application&nbsp;<\/p>\n<p><strong><br \/><\/strong><strong>Comment utilisons-nous vos informations ?<\/strong><\/p>\n<p>Nous pouvons utiliser les informations que nous recueillons aupr\u00e8s de vous lorsque vous vous inscrivez, effectuez un achat, vous inscrivez \u00e0 notre bulletin d'information, r\u00e9pondez \u00e0 une enqu\u00eate ou \u00e0 une communication marketing, naviguez sur le site web ou utilisez certaines autres fonctions du site de la mani\u00e8re suivante :<\/p>\n<p>&nbsp;&nbsp;&nbsp;&nbsp;&nbsp;&nbsp;<strong>-<\/strong>&nbsp;Pour personnaliser votre exp\u00e9rience et nous permettre de vous proposer le type de contenu et d'offres de produits qui vous int\u00e9ressent le plus.&nbsp;&nbsp;&nbsp;&nbsp;&nbsp;&nbsp;<strong>-<\/strong>&nbsp;Am\u00e9liorer notre site web afin de mieux vous servir.&nbsp;&nbsp;&nbsp;&nbsp;&nbsp;&nbsp;<strong>-<\/strong>&nbsp;Pour nous permettre de mieux vous servir en r\u00e9pondant \u00e0 vos demandes de service \u00e0 la client\u00e8le.&nbsp;&nbsp;&nbsp;&nbsp;&nbsp;&nbsp;<strong>-<\/strong>&nbsp;Pour administrer un concours, une promotion, une enqu\u00eate ou une autre fonction du site.&nbsp;&nbsp;&nbsp;&nbsp;&nbsp;&nbsp;<strong>-<\/strong>&nbsp;Pour traiter rapidement vos transactions.&nbsp;&nbsp;&nbsp;&nbsp;&nbsp;&nbsp;<strong>-<\/strong>&nbsp;Demander des \u00e9valuations et des commentaires sur des services ou des produits&nbsp;&nbsp;&nbsp;&nbsp;&nbsp;&nbsp;<strong>-<\/strong>&nbsp;Assurer un suivi apr\u00e8s une correspondance (chat en direct, e-mail ou questions par t\u00e9l\u00e9phone)<\/p>\n<p>&nbsp;<\/p>\n<p><strong>Comment prot\u00e9geons-nous vos informations ?<\/strong><\/p>\n<p>Notre site web est r\u00e9guli\u00e8rement analys\u00e9 pour d\u00e9tecter les failles de s\u00e9curit\u00e9 et les vuln\u00e9rabilit\u00e9s connues afin de rendre votre visite sur notre site aussi s\u00fbre que possible.<\/p>\n<p>Nous proc\u00e9dons r\u00e9guli\u00e8rement \u00e0 des analyses de logiciels malveillants.<\/p>\n<p>Vos informations personnelles sont conserv\u00e9es dans des r\u00e9seaux s\u00e9curis\u00e9s et ne sont accessibles qu'\u00e0 un nombre limit\u00e9 de personnes disposant de droits d'acc\u00e8s sp\u00e9ciaux \u00e0 ces syst\u00e8mes et tenues de pr\u00e9server la confidentialit\u00e9 de ces informations. En outre, toutes les informations sensibles\/de cr\u00e9dit que vous fournissez sont crypt\u00e9es via la technologie Secure Socket Layer (SSL).Nous mettons en \u0153uvre une s\u00e9rie de mesures de s\u00e9curit\u00e9 lorsqu'un utilisateur passe une commande, entre, soumet ou acc\u00e8de \u00e0 ses informations afin de maintenir la s\u00e9curit\u00e9 de vos informations personnelles.Toutes les transactions sont trait\u00e9es par l'interm\u00e9diaire d'un fournisseur de passerelle et ne sont pas stock\u00e9es ou trait\u00e9es sur nos serveurs.<\/p>\n<p>&nbsp;<\/p>\n<p><strong>Utilisons-nous des \"cookies\" ?<\/strong>Oui. Les cookies sont de petits fichiers qu'un site ou son fournisseur de services transf\u00e8re sur le disque dur de votre ordinateur par l'interm\u00e9diaire de votre navigateur Web (si vous l'autorisez) et qui permet aux syst\u00e8mes du site ou du fournisseur de services de reconna\u00eetre votre navigateur et de capturer et m\u00e9moriser certaines informations. Par exemple, nous utilisons des cookies pour nous aider \u00e0 m\u00e9moriser et \u00e0 traiter les articles de votre panier d'achat. Ils sont \u00e9galement utilis\u00e9s pour nous aider \u00e0 comprendre vos pr\u00e9f\u00e9rences en fonction de vos activit\u00e9s ant\u00e9rieures ou actuelles sur le site, ce qui nous permet de vous fournir des services am\u00e9lior\u00e9s. Nous utilisons \u00e9galement des cookies pour nous aider \u00e0 compiler des donn\u00e9es globales sur le trafic et l'interaction sur le site afin de pouvoir offrir de meilleures exp\u00e9riences et de meilleurs outils \u00e0 l'avenir.<strong><br \/><\/strong><strong>Nous utilisons des cookies pour :<\/strong>&nbsp;&nbsp;&nbsp;&nbsp;&nbsp;&nbsp;<strong>-<\/strong>&nbsp;Comprendre et enregistrer les pr\u00e9f\u00e9rences de l'utilisateur pour les visites ult\u00e9rieures.&nbsp;&nbsp;&nbsp;&nbsp;&nbsp;&nbsp;<strong>-<\/strong>&nbsp;Gardez une trace des publicit\u00e9s.&nbsp;&nbsp;&nbsp;&nbsp;&nbsp;&nbsp;<strong>-<\/strong>&nbsp;Compiler des donn\u00e9es globales sur le trafic et les interactions sur le site afin d'offrir de meilleures exp\u00e9riences et de meilleurs outils \u00e0 l'avenir. Vous pouvez choisir de faire en sorte que votre ordinateur vous avertisse chaque fois qu'un cookie est envoy\u00e9, ou vous pouvez choisir de d\u00e9sactiver tous les cookies. Vous pouvez le faire par le biais des param\u00e8tres de votre navigateur. Chaque navigateur \u00e9tant l\u00e9g\u00e8rement diff\u00e9rent, consultez le menu d'aide de votre navigateur pour savoir comment modifier vos cookies.<strong><br \/><\/strong><strong>Si les utilisateurs d\u00e9sactivent les cookies dans leur navigateur :<\/strong>Si vous d\u00e9sactivez les cookies, certaines des fonctions qui rendent votre exp\u00e9rience du site plus efficace peuvent ne pas fonctionner correctement.certaines des fonctions qui rendent votre exp\u00e9rience du site plus efficace et peuvent ne pas fonctionner correctement.<\/p>\n<p>&nbsp;<\/p>\n<p><strong>Divulgation aux tiers<\/strong><\/p>\n<p>Nous ne vendons pas, n'\u00e9changeons pas et ne transf\u00e9rons pas de quelque mani\u00e8re que ce soit \u00e0 des tiers vos informations personnellement identifiables, \u00e0 moins que nous n'en informions les utilisateurs \u00e0 l'avance. Cela n'inclut pas les partenaires d'h\u00e9bergement du site web et les autres parties qui nous aident \u00e0 exploiter notre site web, \u00e0 mener nos activit\u00e9s ou \u00e0 servir nos utilisateurs, pour autant que ces parties acceptent de garder ces informations confidentielles. Nous pouvons \u00e9galement divulguer des informations lorsque leur divulgation est n\u00e9cessaire pour se conformer \u00e0 la loi, appliquer les politiques de notre site ou prot\u00e9ger nos droits, notre propri\u00e9t\u00e9 ou notre s\u00e9curit\u00e9, ou ceux d'autres personnes.<\/p>\n<p>Toutefois, des informations non personnellement identifiables sur les visiteurs peuvent \u00eatre fournies \u00e0 d'autres parties \u00e0 des fins de marketing, de publicit\u00e9 ou autres.<\/p>\n<p>&nbsp;<\/p>\n<p><strong>Liens avec des tiers<\/strong>Occasionnellement, \u00e0 notre discr\u00e9tion, nous pouvons inclure ou offrir des produits ou services de tiers sur notre site web. Ces sites tiers ont des politiques de confidentialit\u00e9 distinctes et ind\u00e9pendantes. Nous ne sommes donc pas responsables du contenu et des activit\u00e9s de ces sites. N\u00e9anmoins, nous cherchons \u00e0 prot\u00e9ger l'int\u00e9grit\u00e9 de notre site et nous accueillons volontiers tout retour d'information concernant ces sites.<\/p>\n<p>&nbsp;<\/p>\n<p><strong>Google<\/strong><\/p>\n<p>Les exigences de Google en mati\u00e8re de publicit\u00e9 peuvent \u00eatre r\u00e9sum\u00e9es par les principes de Google en mati\u00e8re de publicit\u00e9. Ils sont mis en place pour offrir une exp\u00e9rience positive aux utilisateurs. https:\/\/support.google.com\/adwordspolicy\/answer\/1316548?hl=en<\/p>\n<p>Nous utilisons la publicit\u00e9 Google AdSense sur notre site web. Google, en tant que fournisseur tiers, utilise des cookies pour diffuser des annonces sur notre site. L'utilisation par Google du cookie DART lui permet de diffuser des annonces \u00e0 nos utilisateurs en fonction de leurs pr\u00e9c\u00e9dentes visites sur notre site et sur d'autres sites Internet. Les utilisateurs peuvent d\u00e9sactiver l'utilisation du cookie DART en consultant les r\u00e8gles de confidentialit\u00e9 de Google Ad and Content Network.<strong><br \/><\/strong><strong>Nous avons mis en \u0153uvre les mesures suivantes :<\/strong>Nous, ainsi que des fournisseurs tiers tels que Google, utilisons des cookies de premi\u00e8re partie (tels que les cookies Google Analytics) et des cookies de tierce partie (tels que le cookie DoubleClick) ou d'autres identificateurs de tierce partie pour compiler des donn\u00e9es concernant les interactions des utilisateurs avec les impressions publicitaires et d'autres fonctions de service publicitaire en rapport avec notre site web.<strong><br \/><\/strong><strong>Refus de participer :<\/strong><br \/>Les utilisateurs peuvent d\u00e9finir leurs pr\u00e9f\u00e9rences en ce qui concerne la publicit\u00e9 diffus\u00e9e par Google \u00e0 l'aide de la page Param\u00e8tres des annonces Google. Vous pouvez \u00e9galement d\u00e9sactiver cette option en consultant la page de d\u00e9sactivation de la Network Advertising Initiative ou en utilisant le module compl\u00e9mentaire Google Analytics Opt Out Browser.<\/p>\n<p>&nbsp;<\/p>\n<p><strong>Loi californienne sur la protection de la vie priv\u00e9e en ligne<\/strong>La CalOPPA est la premi\u00e8re loi nationale qui oblige les sites web commerciaux et les services en ligne \u00e0 publier une politique de protection de la vie priv\u00e9e. La port\u00e9e de cette loi s'\u00e9tend bien au-del\u00e0 de la Californie et exige de toute personne ou entreprise aux \u00c9tats-Unis (et probablement dans le monde entier) qui exploite des sites web recueillant des informations personnellement identifiables aupr\u00e8s de consommateurs californiens qu'elle publie sur son site web une politique de confidentialit\u00e9 bien visible indiquant exactement les informations recueillies et les personnes ou entreprises avec lesquelles elles sont partag\u00e9es. - Pour en savoir plus : http:\/\/consumercal.org\/california-online-privacy-protection-act-caloppa\/#sthash.0FdRbT51.dpuf<strong><br \/><\/strong><strong>Conform\u00e9ment \u00e0 la CalOPPA, nous acceptons ce qui suit :<\/strong>Les utilisateurs peuvent visiter notre site de mani\u00e8re anonyme.Une fois cette politique de confidentialit\u00e9 cr\u00e9\u00e9e, nous ajouterons un lien vers celle-ci sur notre page d'accueil ou, au minimum, sur la premi\u00e8re page importante apr\u00e8s avoir acc\u00e9d\u00e9 \u00e0 notre site.Notre lien vers la politique de confidentialit\u00e9 comprend le mot \"Privacy\" et peut facilement \u00eatre trouv\u00e9 sur la page sp\u00e9cifi\u00e9e ci-dessus.Vous serez inform\u00e9 de toute modification de la politique de confidentialit\u00e9 :&nbsp;&nbsp;&nbsp;&nbsp;&nbsp;&nbsp;<strong>-<\/strong>&nbsp;Sur notre page Politique de confidentialit\u00e9Peuvent \u00eatre modifi\u00e9es vos informations personnelles :&nbsp;&nbsp;&nbsp;&nbsp;&nbsp;&nbsp;<strong>-<\/strong>&nbsp;En vous connectant \u00e0 votre compte<strong><br \/><\/strong><strong>Comment notre site g\u00e8re-t-il les signaux \"Do Not Track\" ?<\/strong>Nous n'honorons pas les signaux Do Not Track et Do Not Track, ne pla\u00e7ons pas de cookies et n'utilisons pas de publicit\u00e9 lorsqu'un m\u00e9canisme de navigation Do Not Track (DNT) est en place. Nous ne les respectons pas pour les raisons suivantes : nous sommes une petite entreprise et nous ne savons pas encore comment proc\u00e9der.<strong><br \/><\/strong><strong>Notre site autorise-t-il le suivi comportemental par des tiers ?<\/strong>Il est \u00e9galement important de noter que nous n'autorisons pas le suivi comportemental par des tiers.<\/p>\n<p>&nbsp;<\/p>\n<p><strong>COPPA (loi sur la protection de la vie priv\u00e9e des enfants en ligne)<\/strong><\/p>\n<p>En ce qui concerne la collecte d'informations personnelles aupr\u00e8s d'enfants de moins de 13 ans, la loi sur la protection de la vie priv\u00e9e des enfants en ligne (Children's Online Privacy Protection Act - COPPA) permet aux parents de contr\u00f4ler la situation. La Federal Trade Commission, l'agence am\u00e9ricaine de protection des consommateurs, veille \u00e0 l'application de la r\u00e8gle COPPA, qui pr\u00e9cise ce que les exploitants de sites web et de services en ligne doivent faire pour prot\u00e9ger la vie priv\u00e9e et la s\u00e9curit\u00e9 des enfants en ligne.<\/p>\n<p>Nous ne nous adressons pas sp\u00e9cifiquement aux enfants de moins de 13 ans. Permettons-nous \u00e0 des tiers, y compris des r\u00e9seaux publicitaires ou des modules d'extension, de collecter des informations nominatives aupr\u00e8s d'enfants de moins de 13 ans ?<\/p>\n<p>&nbsp;<\/p>\n<p><strong>Pratiques d'information \u00e9quitables<\/strong><\/p>\n<p>Les principes relatifs aux pratiques loyales en mati\u00e8re d'information constituent l'\u00e9pine dorsale de la l\u00e9gislation sur la protection de la vie priv\u00e9e aux \u00c9tats-Unis et les concepts qu'ils incluent ont jou\u00e9 un r\u00f4le important dans l'\u00e9laboration des lois sur la protection des donn\u00e9es dans le monde entier. Il est essentiel de comprendre les principes des pratiques loyales en mati\u00e8re d'information et la mani\u00e8re dont ils doivent \u00eatre mis en \u0153uvre pour se conformer aux diverses lois sur la protection de la vie priv\u00e9e qui prot\u00e8gent les informations personnelles.<\/p>\n<p><strong><br \/><\/strong><strong>Afin d'\u00eatre en conformit\u00e9 avec les pratiques \u00e9quitables en mati\u00e8re d'information, nous prendrons les mesures suivantes en cas de violation de donn\u00e9es :<\/strong>Nous vous informerons par e-mail&nbsp;&nbsp;&nbsp;&nbsp;&nbsp;&nbsp;<strong>-<\/strong>&nbsp;Nous acceptons \u00e9galement le principe de recours individuel qui exige que les personnes aient le droit d'exercer l\u00e9galement des droits ex\u00e9cutoires contre les collecteurs de donn\u00e9es et les sous-traitants qui ne respectent pas la loi. Ce principe exige non seulement que les individus aient des droits ex\u00e9cutoires contre les utilisateurs de donn\u00e9es, mais aussi qu'ils aient recours aux tribunaux ou aux agences gouvernementales pour enqu\u00eater et\/ou poursuivre les responsables du traitement des donn\u00e9es qui ne respectent pas la loi.<\/p>\n<p>&nbsp;<\/p>\n<p><strong>Loi CAN SPAM<\/strong><\/p>\n<p>La loi CAN-SPAM fixe les r\u00e8gles applicables au courrier \u00e9lectronique commercial, \u00e9tablit des exigences pour les messages commerciaux, donne aux destinataires le droit de faire cesser l'envoi de courriers \u00e9lectroniques et pr\u00e9voit des sanctions s\u00e9v\u00e8res en cas d'infraction.<\/p>\n<p><strong><br \/><\/strong><strong>Nous recueillons votre adresse \u00e9lectronique afin de :<\/strong>&nbsp;&nbsp;&nbsp;&nbsp;&nbsp;&nbsp;<strong>-<\/strong>&nbsp;Envoyer des informations, r\u00e9pondre \u00e0 des demandes de renseignements et\/ou \u00e0 d'autres demandes ou questions&nbsp;&nbsp;&nbsp;&nbsp;&nbsp;&nbsp;<strong>-<\/strong>&nbsp;Traiter les commandes et envoyer des informations et des mises \u00e0 jour concernant les commandes.&nbsp;&nbsp;&nbsp;&nbsp;&nbsp;&nbsp;<strong>-<\/strong>&nbsp;vous envoyer des informations suppl\u00e9mentaires concernant votre produit et\/ou service&nbsp;&nbsp;&nbsp;&nbsp;&nbsp;&nbsp;<strong>-<\/strong>&nbsp;faire de la publicit\u00e9 pour notre liste de diffusion ou continuer \u00e0 envoyer des courriels \u00e0 nos clients apr\u00e8s la transaction initiale.<strong><br \/><\/strong><strong>Pour \u00eatre en accord avec CANSPAM, nous acceptons ce qui suit :<\/strong>&nbsp;&nbsp;&nbsp;&nbsp;&nbsp;&nbsp;<strong>-<\/strong>&nbsp;Ne pas utiliser de sujets ou d'adresses \u00e9lectroniques faux ou trompeurs.&nbsp;&nbsp;&nbsp;&nbsp;&nbsp;&nbsp;<strong>-<\/strong>&nbsp;Identifier le message comme \u00e9tant une publicit\u00e9 d'une mani\u00e8re raisonnable.&nbsp;&nbsp;&nbsp;&nbsp;&nbsp;&nbsp;<strong>-<\/strong>&nbsp;Indiquer l'adresse physique du si\u00e8ge de l'entreprise ou du site.&nbsp;&nbsp;&nbsp;&nbsp;&nbsp;&nbsp;<strong>-<\/strong>&nbsp;Contr\u00f4ler la conformit\u00e9 des services tiers de marketing par courrier \u00e9lectronique, s'ils sont utilis\u00e9s.&nbsp;&nbsp;&nbsp;&nbsp;&nbsp;&nbsp;<strong>-<\/strong>&nbsp;Honorer rapidement les demandes d'exclusion ou de d\u00e9sinscription.&nbsp;&nbsp;&nbsp;&nbsp;&nbsp;&nbsp;<strong>-<\/strong>&nbsp;Permettre aux utilisateurs de se d\u00e9sinscrire en utilisant le lien situ\u00e9 au bas de chaque e-mail.<strong><br \/>Si, \u00e0 tout moment, vous souhaitez vous d\u00e9sinscrire pour ne plus recevoir de courriers \u00e9lectroniques, vous pouvez nous envoyer un courrier \u00e9lectronique \u00e0 l'adresse suivante<\/strong>&nbsp;&nbsp;&nbsp;&nbsp;&nbsp;&nbsp;<strong>-<\/strong>&nbsp;Suivez les instructions figurant au bas de chaque courriel.<\/p>\n<p>et nous vous retirerons rapidement de&nbsp;<strong>TOUS<\/strong>&nbsp;correspondance.<\/p>\n<p>&nbsp;<\/p>\n<p><strong>Politique sujette \u00e0 modification<\/strong><\/p>\n<p>&nbsp;<\/p>\n<p>Au fur et \u00e0 mesure de l'\u00e9volution de l'entreprise, la politique de confidentialit\u00e9 est susceptible d'\u00eatre modifi\u00e9e. La politique actuelle ne garantit pas que les conditions ne changeront pas et constitue un d\u00e9but de bonne foi de la part d'une startup en phase d'amor\u00e7age. En cas de modification de la politique, les utilisateurs en seront inform\u00e9s et seront invit\u00e9s \u00e0 l'accepter s'ils souhaitent continuer \u00e0 utiliser le service.<\/p>\n<p>&nbsp;<\/p>\n<p><strong>Nous contacter<\/strong><\/p>\n<p>&nbsp;<\/p>\n<p>Si vous avez des questions concernant cette politique de confidentialit\u00e9, vous pouvez nous contacter en utilisant les informations ci-dessous.<\/p>\n<p>www.skimai.com244 5th Ave STE 2720<\/p>\n<p>NY, NY 10001<\/p>\n<p>U.S.A.support@skimai.comLast \u00c9dit\u00e9e le 2018-03-13<\/p>\n<\/h5>","protected":false},"excerpt":{"rendered":"<p>Privacy Policy &nbsp;&nbsp;This privacy policy has been compiled to better serve those who are concerned with how their &#8216;Personally Identifiable Information&#8217; (PII) is being used online. PII, as described in US privacy law and information security, is information that can be used on its own or with other information to identify, contact, or locate a [&hellip;]<\/p>\n","protected":false},"author":1003,"featured_media":0,"parent":0,"menu_order":0,"comment_status":"closed","ping_status":"closed","template":"elementor_header_footer","meta":{"_et_pb_use_builder":"","_et_pb_old_content":"","_et_gb_content_width":"","footnotes":""},"class_list":["post-1119","page","type-page","status-publish","hentry"],"yoast_head":"<!-- This site is optimized with the Yoast SEO plugin v24.1 - https:\/\/yoast.com\/wordpress\/plugins\/seo\/ -->\n<title>Privacy Policy - Skim AI<\/title>\n<meta name=\"robots\" content=\"index, follow, max-snippet:-1, max-image-preview:large, max-video-preview:-1\" \/>\n<link rel=\"canonical\" href=\"https:\/\/skimai.com\/fr\/politique-de-confidentialite\/\" \/>\n<meta property=\"og:locale\" content=\"fr_FR\" \/>\n<meta property=\"og:type\" content=\"article\" \/>\n<meta property=\"og:title\" content=\"Privacy Policy - Skim AI\" \/>\n<meta property=\"og:description\" content=\"Privacy Policy &nbsp;&nbsp;This privacy policy has been compiled to better serve those who are concerned with how their &#8216;Personally Identifiable Information&#8217; (PII) is being used online. PII, as described in US privacy law and information security, is information that can be used on its own or with other information to identify, contact, or locate a [&hellip;]\" \/>\n<meta property=\"og:url\" content=\"https:\/\/skimai.com\/fr\/politique-de-confidentialite\/\" \/>\n<meta property=\"og:site_name\" content=\"Skim AI\" \/>\n<meta property=\"article:modified_time\" content=\"2023-07-10T19:05:07+00:00\" \/>\n<meta name=\"twitter:card\" content=\"summary_large_image\" \/>\n<meta name=\"twitter:label1\" content=\"Dur\u00e9e de lecture estim\u00e9e\" \/>\n\t<meta name=\"twitter:data1\" content=\"10 minutes\" \/>\n<script type=\"application\/ld+json\" class=\"yoast-schema-graph\">{\"@context\":\"https:\/\/schema.org\",\"@graph\":[{\"@type\":\"WebPage\",\"@id\":\"https:\/\/skimai.com\/de\/datenschutzbestimmungen\/\",\"url\":\"https:\/\/skimai.com\/de\/datenschutzbestimmungen\/\",\"name\":\"Privacy Policy - Skim AI\",\"isPartOf\":{\"@id\":\"https:\/\/skimai.com\/uk\/#website\"},\"datePublished\":\"2019-03-12T07:04:17+00:00\",\"dateModified\":\"2023-07-10T19:05:07+00:00\",\"breadcrumb\":{\"@id\":\"https:\/\/skimai.com\/de\/datenschutzbestimmungen\/#breadcrumb\"},\"inLanguage\":\"fr-FR\",\"potentialAction\":[{\"@type\":\"ReadAction\",\"target\":[\"https:\/\/skimai.com\/de\/datenschutzbestimmungen\/\"]}]},{\"@type\":\"BreadcrumbList\",\"@id\":\"https:\/\/skimai.com\/de\/datenschutzbestimmungen\/#breadcrumb\",\"itemListElement\":[{\"@type\":\"ListItem\",\"position\":1,\"name\":\"Home\",\"item\":\"https:\/\/skimai.com\/\"},{\"@type\":\"ListItem\",\"position\":2,\"name\":\"Privacy Policy\"}]},{\"@type\":\"WebSite\",\"@id\":\"https:\/\/skimai.com\/uk\/#website\",\"url\":\"https:\/\/skimai.com\/uk\/\",\"name\":\"Skim AI\",\"description\":\"The AI Agent Workforce Platform\",\"publisher\":{\"@id\":\"https:\/\/skimai.com\/uk\/#organization\"},\"potentialAction\":[{\"@type\":\"SearchAction\",\"target\":{\"@type\":\"EntryPoint\",\"urlTemplate\":\"https:\/\/skimai.com\/uk\/?s={search_term_string}\"},\"query-input\":{\"@type\":\"PropertyValueSpecification\",\"valueRequired\":true,\"valueName\":\"search_term_string\"}}],\"inLanguage\":\"fr-FR\"},{\"@type\":\"Organization\",\"@id\":\"https:\/\/skimai.com\/uk\/#organization\",\"name\":\"Skim AI\",\"url\":\"https:\/\/skimai.com\/uk\/\",\"logo\":{\"@type\":\"ImageObject\",\"inLanguage\":\"fr-FR\",\"@id\":\"https:\/\/skimai.com\/uk\/#\/schema\/logo\/image\/\",\"url\":\"http:\/\/skimai.com\/wp-content\/uploads\/2020\/07\/SKIM-AI-Header-Logo.png\",\"contentUrl\":\"http:\/\/skimai.com\/wp-content\/uploads\/2020\/07\/SKIM-AI-Header-Logo.png\",\"width\":194,\"height\":58,\"caption\":\"Skim AI\"},\"image\":{\"@id\":\"https:\/\/skimai.com\/uk\/#\/schema\/logo\/image\/\"},\"sameAs\":[\"https:\/\/www.linkedin.com\/company\/skim-ai\"]}]}<\/script>\n<!-- \/ Yoast SEO plugin. -->","yoast_head_json":{"title":"Politique de confidentialit\u00e9 - Skim AI","robots":{"index":"index","follow":"follow","max-snippet":"max-snippet:-1","max-image-preview":"max-image-preview:large","max-video-preview":"max-video-preview:-1"},"canonical":"https:\/\/skimai.com\/fr\/politique-de-confidentialite\/","og_locale":"fr_FR","og_type":"article","og_title":"Privacy Policy - Skim AI","og_description":"Privacy Policy &nbsp;&nbsp;This privacy policy has been compiled to better serve those who are concerned with how their &#8216;Personally Identifiable Information&#8217; (PII) is being used online. PII, as described in US privacy law and information security, is information that can be used on its own or with other information to identify, contact, or locate a [&hellip;]","og_url":"https:\/\/skimai.com\/fr\/politique-de-confidentialite\/","og_site_name":"Skim AI","article_modified_time":"2023-07-10T19:05:07+00:00","twitter_card":"summary_large_image","twitter_misc":{"Dur\u00e9e de lecture estim\u00e9e":"10 minutes"},"schema":{"@context":"https:\/\/schema.org","@graph":[{"@type":"WebPage","@id":"https:\/\/skimai.com\/de\/datenschutzbestimmungen\/","url":"https:\/\/skimai.com\/de\/datenschutzbestimmungen\/","name":"Politique de confidentialit\u00e9 - Skim AI","isPartOf":{"@id":"https:\/\/skimai.com\/uk\/#website"},"datePublished":"2019-03-12T07:04:17+00:00","dateModified":"2023-07-10T19:05:07+00:00","breadcrumb":{"@id":"https:\/\/skimai.com\/de\/datenschutzbestimmungen\/#breadcrumb"},"inLanguage":"fr-FR","potentialAction":[{"@type":"ReadAction","target":["https:\/\/skimai.com\/de\/datenschutzbestimmungen\/"]}]},{"@type":"BreadcrumbList","@id":"https:\/\/skimai.com\/de\/datenschutzbestimmungen\/#breadcrumb","itemListElement":[{"@type":"ListItem","position":1,"name":"Home","item":"https:\/\/skimai.com\/"},{"@type":"ListItem","position":2,"name":"Privacy Policy"}]},{"@type":"WebSite","@id":"https:\/\/skimai.com\/uk\/#website","url":"https:\/\/skimai.com\/uk\/","name":"Skim AI","description":"La plateforme de travail des agents de l'IA","publisher":{"@id":"https:\/\/skimai.com\/uk\/#organization"},"potentialAction":[{"@type":"SearchAction","target":{"@type":"EntryPoint","urlTemplate":"https:\/\/skimai.com\/uk\/?s={search_term_string}"},"query-input":{"@type":"PropertyValueSpecification","valueRequired":true,"valueName":"search_term_string"}}],"inLanguage":"fr-FR"},{"@type":"Organization","@id":"https:\/\/skimai.com\/uk\/#organization","name":"Skim AI","url":"https:\/\/skimai.com\/uk\/","logo":{"@type":"ImageObject","inLanguage":"fr-FR","@id":"https:\/\/skimai.com\/uk\/#\/schema\/logo\/image\/","url":"http:\/\/skimai.com\/wp-content\/uploads\/2020\/07\/SKIM-AI-Header-Logo.png","contentUrl":"http:\/\/skimai.com\/wp-content\/uploads\/2020\/07\/SKIM-AI-Header-Logo.png","width":194,"height":58,"caption":"Skim AI"},"image":{"@id":"https:\/\/skimai.com\/uk\/#\/schema\/logo\/image\/"},"sameAs":["https:\/\/www.linkedin.com\/company\/skim-ai"]}]}},"_links":{"self":[{"href":"https:\/\/skimai.com\/fr\/wp-json\/wp\/v2\/pages\/1119","targetHints":{"allow":["GET"]}}],"collection":[{"href":"https:\/\/skimai.com\/fr\/wp-json\/wp\/v2\/pages"}],"about":[{"href":"https:\/\/skimai.com\/fr\/wp-json\/wp\/v2\/types\/page"}],"author":[{"embeddable":true,"href":"https:\/\/skimai.com\/fr\/wp-json\/wp\/v2\/users\/1003"}],"replies":[{"embeddable":true,"href":"https:\/\/skimai.com\/fr\/wp-json\/wp\/v2\/comments?post=1119"}],"version-history":[{"count":0,"href":"https:\/\/skimai.com\/fr\/wp-json\/wp\/v2\/pages\/1119\/revisions"}],"wp:attachment":[{"href":"https:\/\/skimai.com\/fr\/wp-json\/wp\/v2\/media?parent=1119"}],"curies":[{"name":"wp","href":"https:\/\/api.w.org\/{rel}","templated":true}]}}