{"id":4373,"date":"2022-06-07T10:16:59","date_gmt":"2022-06-07T10:16:59","guid":{"rendered":"http:\/\/skimai.com\/?page_id=4373"},"modified":"2023-08-15T10:52:33","modified_gmt":"2023-08-15T15:52:33","slug":"soluciones","status":"publish","type":"page","link":"https:\/\/skimai.com\/es\/solutions\/","title":{"rendered":"Soluciones"},"content":{"rendered":"<h1>Soluciones de aprendizaje autom\u00e1tico, IA e inteligencia de datos para tomar mejores decisiones, para particulares y empresas.... <\/h1>\n<pre><code>        <h2>Ofrecemos servicios personalizados y gestionados para crear, formar y mantener una soluci\u00f3n adecuada para usted y sus objetivos.<\/h2>      \n        <h2>SKIM AI para empresas<\/code><\/pre>\n<\/h2>\n<p>\n<a href=\"http:\/\/skimai.com\/es\/advisory\/\"><br \/>\n<img decoding=\"async\" width=\"50\" height=\"50\" src=\"http:\/\/skimai.com\/wp-content\/uploads\/2022\/06\/aia.png\" alt=\"aia\" loading=\"lazy\" \/>                             <\/a><\/p>\n<h3><a href=\"http:\/\/skimai.com\/es\/advisory\/\">Asesor\u00eda AI<\/a><\/h3>\n<pre><code>                                                            <a href=\"http:\/\/skimai.com\/es\/services\/\">\n                        <img decoding=\"async\" width=\"60\" height=\"60\" src=\"http:\/\/skimai.com\/wp-content\/uploads\/2022\/06\/ais.png\" alt=\"ais\" loading=\"lazy\" \/>                             <\/a>\n        <h3><a href=\"http:\/\/skimai.com\/es\/services\/\">IA como servicio<\/code><\/pre>\n<p><\/a><\/h3>\n<p>\n<a href=\"http:\/\/skimai.com\/es\/empresas-de-contenidos\/\"><br \/>\n<img decoding=\"async\" width=\"50\" height=\"50\" src=\"http:\/\/skimai.com\/wp-content\/uploads\/2022\/06\/cc.png\" alt=\"cc\" loading=\"lazy\" \/>                               <\/a><\/p>\n<h3><a href=\"http:\/\/skimai.com\/es\/empresas-de-contenidos\/\">Creadores de contenidos<\/a><\/h3>\n<pre><code>                                                            <a href=\"http:\/\/skimai.com\/es\/empresas-de-tecnologia-educativa\/\">\n                        <img decoding=\"async\" width=\"60\" height=\"50\" src=\"http:\/\/skimai.com\/wp-content\/uploads\/2022\/06\/et.png\" alt=\"et\" loading=\"lazy\" \/>                               <\/a>\n        <h3><a href=\"http:\/\/skimai.com\/es\/empresas-de-tecnologia-educativa\/\">Tecnolog\u00eda educativa<\/a><\/h3>      \n                                                            <a href=\"http:\/\/skimai.com\/es\/diligencia-debida-en-materia-de-inversion\/\">\n                        <img decoding=\"async\" width=\"50\" height=\"43\" src=\"http:\/\/skimai.com\/wp-content\/uploads\/2022\/06\/idd.png\" alt=\"idd\" loading=\"lazy\" \/>                             <\/a>\n        <h3><a href=\"http:\/\/skimai.com\/es\/diligencia-debida-en-materia-de-inversion\/\">Diligencia debida en materia de inversi\u00f3n<\/a><\/h3>        \n                                                            <a href=\"http:\/\/skimai.com\/es\/produccion-fotografica-y-cinematografica-2-3\/\">\n                        <img decoding=\"async\" width=\"50\" height=\"65\" src=\"http:\/\/skimai.com\/wp-content\/uploads\/2022\/06\/pfp.png\" alt=\"pfp\" loading=\"lazy\" \/>                             <\/a>\n        <h3><a href=\"http:\/\/skimai.com\/es\/produccion-fotografica-y-cinematografica-2-3\/\">Producci\u00f3n fotogr\u00e1fica y cinematogr\u00e1fica<\/a><\/h3>        \n                                                            <a href=\"http:\/\/skimai.com\/es\/relaciones-publicas-2\/\">\n                        <img decoding=\"async\" width=\"60\" height=\"60\" src=\"http:\/\/skimai.com\/wp-content\/uploads\/2022\/06\/pr.png\" alt=\"pr\" loading=\"lazy\" \/>                               <\/a>\n        <h3><a href=\"http:\/\/skimai.com\/es\/relaciones-publicas-2\/\">Relaciones p\u00fablicas<\/a><\/h3>        \n                                                            <a href=\"https:\/\/chrome.google.com\/webstore\/detail\/skim-ai\/pndpokngaffecpfmicdfeibpgkpofebn?hl=en\" target=\"_blank\" rel=\"noopener\">\n                        <img decoding=\"async\" width=\"60\" height=\"60\" src=\"http:\/\/skimai.com\/wp-content\/uploads\/2022\/06\/cx.png\" alt=\"cx\" loading=\"lazy\" \/>                               <\/a>\n        <h3><a href=\"https:\/\/chrome.google.com\/webstore\/detail\/skim-ai\/pndpokngaffecpfmicdfeibpgkpofebn?hl=en\" target=\"_blank\" rel=\"noopener\">Extensi\u00f3n de Chrome<\/a><\/h3><\/code><\/pre>","protected":false},"excerpt":{"rendered":"<p>Machine Learning, AI, and Data Intelligence solutions for better decisions, for individuals and enterprises.. We offer customized, managed services to build, train, and maintain a solution that is right for you and your objectives. SKIM AI for Enterprises AI Advisory AI as a Service Content Creators Educational Technology Investment Due Diligence Photo &#038; Film Production [&hellip;]<\/p>\n","protected":false},"author":1003,"featured_media":0,"parent":0,"menu_order":0,"comment_status":"closed","ping_status":"closed","template":"elementor_header_footer","meta":{"_et_pb_use_builder":"","_et_pb_old_content":"","_et_gb_content_width":"","footnotes":""},"class_list":["post-4373","page","type-page","status-publish","hentry"],"yoast_head":"<!-- This site is optimized with the Yoast SEO plugin v24.1 - https:\/\/yoast.com\/wordpress\/plugins\/seo\/ -->\n<title>Solutions - Skim AI<\/title>\n<meta name=\"robots\" content=\"index, follow, max-snippet:-1, max-image-preview:large, max-video-preview:-1\" \/>\n<link rel=\"canonical\" href=\"https:\/\/skimai.com\/es\/soluciones\/\" \/>\n<meta property=\"og:locale\" content=\"es_ES\" \/>\n<meta property=\"og:type\" content=\"article\" \/>\n<meta property=\"og:title\" content=\"Solutions - Skim AI\" \/>\n<meta property=\"og:description\" content=\"Machine Learning, AI, and Data Intelligence solutions for better decisions, for individuals and enterprises.. We offer customized, managed services to build, train, and maintain a solution that is right for you and your objectives. SKIM AI for Enterprises AI Advisory AI as a Service Content Creators Educational Technology Investment Due Diligence Photo &amp; Film Production [&hellip;]\" \/>\n<meta property=\"og:url\" content=\"https:\/\/skimai.com\/es\/soluciones\/\" \/>\n<meta property=\"og:site_name\" content=\"Skim AI\" \/>\n<meta property=\"article:modified_time\" content=\"2023-08-15T15:52:33+00:00\" \/>\n<meta property=\"og:image\" content=\"http:\/\/skimai.com\/wp-content\/uploads\/2022\/06\/aia.png\" \/>\n<meta name=\"twitter:card\" content=\"summary_large_image\" \/>\n<meta name=\"twitter:label1\" content=\"Tiempo de lectura\" \/>\n\t<meta name=\"twitter:data1\" content=\"2 minutos\" \/>\n<script type=\"application\/ld+json\" class=\"yoast-schema-graph\">{\"@context\":\"https:\/\/schema.org\",\"@graph\":[{\"@type\":\"WebPage\",\"@id\":\"https:\/\/skimai.com\/solutions\/\",\"url\":\"https:\/\/skimai.com\/solutions\/\",\"name\":\"Solutions - Skim AI\",\"isPartOf\":{\"@id\":\"https:\/\/skimai.com\/uk\/#website\"},\"primaryImageOfPage\":{\"@id\":\"https:\/\/skimai.com\/solutions\/#primaryimage\"},\"image\":{\"@id\":\"https:\/\/skimai.com\/solutions\/#primaryimage\"},\"thumbnailUrl\":\"http:\/\/skimai.com\/wp-content\/uploads\/2022\/06\/aia.png\",\"datePublished\":\"2022-06-07T10:16:59+00:00\",\"dateModified\":\"2023-08-15T15:52:33+00:00\",\"breadcrumb\":{\"@id\":\"https:\/\/skimai.com\/solutions\/#breadcrumb\"},\"inLanguage\":\"es\",\"potentialAction\":[{\"@type\":\"ReadAction\",\"target\":[\"https:\/\/skimai.com\/solutions\/\"]}]},{\"@type\":\"ImageObject\",\"inLanguage\":\"es\",\"@id\":\"https:\/\/skimai.com\/solutions\/#primaryimage\",\"url\":\"http:\/\/skimai.com\/wp-content\/uploads\/2022\/06\/aia.png\",\"contentUrl\":\"http:\/\/skimai.com\/wp-content\/uploads\/2022\/06\/aia.png\"},{\"@type\":\"BreadcrumbList\",\"@id\":\"https:\/\/skimai.com\/solutions\/#breadcrumb\",\"itemListElement\":[{\"@type\":\"ListItem\",\"position\":1,\"name\":\"Home\",\"item\":\"https:\/\/skimai.com\/\"},{\"@type\":\"ListItem\",\"position\":2,\"name\":\"Solutions\"}]},{\"@type\":\"WebSite\",\"@id\":\"https:\/\/skimai.com\/uk\/#website\",\"url\":\"https:\/\/skimai.com\/uk\/\",\"name\":\"Skim AI\",\"description\":\"The AI Agent Workforce Platform\",\"publisher\":{\"@id\":\"https:\/\/skimai.com\/uk\/#organization\"},\"potentialAction\":[{\"@type\":\"SearchAction\",\"target\":{\"@type\":\"EntryPoint\",\"urlTemplate\":\"https:\/\/skimai.com\/uk\/?s={search_term_string}\"},\"query-input\":{\"@type\":\"PropertyValueSpecification\",\"valueRequired\":true,\"valueName\":\"search_term_string\"}}],\"inLanguage\":\"es\"},{\"@type\":\"Organization\",\"@id\":\"https:\/\/skimai.com\/uk\/#organization\",\"name\":\"Skim AI\",\"url\":\"https:\/\/skimai.com\/uk\/\",\"logo\":{\"@type\":\"ImageObject\",\"inLanguage\":\"es\",\"@id\":\"https:\/\/skimai.com\/uk\/#\/schema\/logo\/image\/\",\"url\":\"http:\/\/skimai.com\/wp-content\/uploads\/2020\/07\/SKIM-AI-Header-Logo.png\",\"contentUrl\":\"http:\/\/skimai.com\/wp-content\/uploads\/2020\/07\/SKIM-AI-Header-Logo.png\",\"width\":194,\"height\":58,\"caption\":\"Skim AI\"},\"image\":{\"@id\":\"https:\/\/skimai.com\/uk\/#\/schema\/logo\/image\/\"},\"sameAs\":[\"https:\/\/www.linkedin.com\/company\/skim-ai\"]}]}<\/script>\n<!-- \/ Yoast SEO plugin. -->","yoast_head_json":{"title":"Soluciones - Skim AI","robots":{"index":"index","follow":"follow","max-snippet":"max-snippet:-1","max-image-preview":"max-image-preview:large","max-video-preview":"max-video-preview:-1"},"canonical":"https:\/\/skimai.com\/es\/soluciones\/","og_locale":"es_ES","og_type":"article","og_title":"Solutions - Skim AI","og_description":"Machine Learning, AI, and Data Intelligence solutions for better decisions, for individuals and enterprises.. We offer customized, managed services to build, train, and maintain a solution that is right for you and your objectives. SKIM AI for Enterprises AI Advisory AI as a Service Content Creators Educational Technology Investment Due Diligence Photo & Film Production [&hellip;]","og_url":"https:\/\/skimai.com\/es\/soluciones\/","og_site_name":"Skim AI","article_modified_time":"2023-08-15T15:52:33+00:00","og_image":[{"url":"http:\/\/skimai.com\/wp-content\/uploads\/2022\/06\/aia.png","type":"","width":"","height":""}],"twitter_card":"summary_large_image","twitter_misc":{"Tiempo de lectura":"2 minutos"},"schema":{"@context":"https:\/\/schema.org","@graph":[{"@type":"WebPage","@id":"https:\/\/skimai.com\/solutions\/","url":"https:\/\/skimai.com\/solutions\/","name":"Soluciones - Skim AI","isPartOf":{"@id":"https:\/\/skimai.com\/uk\/#website"},"primaryImageOfPage":{"@id":"https:\/\/skimai.com\/solutions\/#primaryimage"},"image":{"@id":"https:\/\/skimai.com\/solutions\/#primaryimage"},"thumbnailUrl":"http:\/\/skimai.com\/wp-content\/uploads\/2022\/06\/aia.png","datePublished":"2022-06-07T10:16:59+00:00","dateModified":"2023-08-15T15:52:33+00:00","breadcrumb":{"@id":"https:\/\/skimai.com\/solutions\/#breadcrumb"},"inLanguage":"es","potentialAction":[{"@type":"ReadAction","target":["https:\/\/skimai.com\/solutions\/"]}]},{"@type":"ImageObject","inLanguage":"es","@id":"https:\/\/skimai.com\/solutions\/#primaryimage","url":"http:\/\/skimai.com\/wp-content\/uploads\/2022\/06\/aia.png","contentUrl":"http:\/\/skimai.com\/wp-content\/uploads\/2022\/06\/aia.png"},{"@type":"BreadcrumbList","@id":"https:\/\/skimai.com\/solutions\/#breadcrumb","itemListElement":[{"@type":"ListItem","position":1,"name":"Home","item":"https:\/\/skimai.com\/"},{"@type":"ListItem","position":2,"name":"Solutions"}]},{"@type":"WebSite","@id":"https:\/\/skimai.com\/uk\/#website","url":"https:\/\/skimai.com\/uk\/","name":"Desnatado AI","description":"La plataforma AI Agent Workforce","publisher":{"@id":"https:\/\/skimai.com\/uk\/#organization"},"potentialAction":[{"@type":"SearchAction","target":{"@type":"EntryPoint","urlTemplate":"https:\/\/skimai.com\/uk\/?s={search_term_string}"},"query-input":{"@type":"PropertyValueSpecification","valueRequired":true,"valueName":"search_term_string"}}],"inLanguage":"es"},{"@type":"Organization","@id":"https:\/\/skimai.com\/uk\/#organization","name":"Desnatado AI","url":"https:\/\/skimai.com\/uk\/","logo":{"@type":"ImageObject","inLanguage":"es","@id":"https:\/\/skimai.com\/uk\/#\/schema\/logo\/image\/","url":"http:\/\/skimai.com\/wp-content\/uploads\/2020\/07\/SKIM-AI-Header-Logo.png","contentUrl":"http:\/\/skimai.com\/wp-content\/uploads\/2020\/07\/SKIM-AI-Header-Logo.png","width":194,"height":58,"caption":"Skim AI"},"image":{"@id":"https:\/\/skimai.com\/uk\/#\/schema\/logo\/image\/"},"sameAs":["https:\/\/www.linkedin.com\/company\/skim-ai"]}]}},"_links":{"self":[{"href":"https:\/\/skimai.com\/es\/wp-json\/wp\/v2\/pages\/4373","targetHints":{"allow":["GET"]}}],"collection":[{"href":"https:\/\/skimai.com\/es\/wp-json\/wp\/v2\/pages"}],"about":[{"href":"https:\/\/skimai.com\/es\/wp-json\/wp\/v2\/types\/page"}],"author":[{"embeddable":true,"href":"https:\/\/skimai.com\/es\/wp-json\/wp\/v2\/users\/1003"}],"replies":[{"embeddable":true,"href":"https:\/\/skimai.com\/es\/wp-json\/wp\/v2\/comments?post=4373"}],"version-history":[{"count":0,"href":"https:\/\/skimai.com\/es\/wp-json\/wp\/v2\/pages\/4373\/revisions"}],"wp:attachment":[{"href":"https:\/\/skimai.com\/es\/wp-json\/wp\/v2\/media?parent=4373"}],"curies":[{"name":"wp","href":"https:\/\/api.w.org\/{rel}","templated":true}]}}