{"id":3080,"date":"2020-06-16T09:54:59","date_gmt":"2020-06-16T09:54:59","guid":{"rendered":"http:\/\/skimai.com\/?page_id=3080"},"modified":"2023-07-10T19:04:24","modified_gmt":"2023-07-10T19:04:24","slug":"resumen-de-relojes","status":"publish","type":"page","link":"https:\/\/skimai.com\/es\/watch-overview\/","title":{"rendered":"Visi\u00f3n general"},"content":{"rendered":"<h2>What can Skim AI do for you?<\/h2>\n<pre><code>    http:\/\/skimai.com\/wp-content\/uploads\/2020\/06\/SKIM-AI-Video-1-Final.mp4     \n        <h4>Connect with our team to learn more<\/h4>        \n        <!--[if lte IE 8]><\/code><\/pre>\n<p>&lt;![endif]--&gt;<\/p>\n<p><img decoding=\"async\" src=\"http:\/\/skimai.com\/wp-content\/uploads\/2019\/09\/190919-Ipad-Toolbar-1366x768.png\" title=\"\" alt=\"\" loading=\"lazy\" \/>                                                     <\/p>\n<pre><code>        <h2>Install the free Chrome Extension today!<\/h2>       \n        <a href=\"https:\/\/chrome.google.com\/webstore\/detail\/skim-ai\/pndpokngaffecpfmicdfeibpgkpofebn\" target=\"_blank\" rel=\"noopener\">\n                    Install Now\n                <\/a><\/code><\/pre>\n","protected":false},"excerpt":{"rendered":"<p>\u00bfQu\u00e9 puede hacer Skim AI por usted? http:\/\/skimai.com\/wp-content\/uploads\/2020\/06\/SKIM-AI-Video-1-Final.mp4 P\u00f3ngase en contacto con nuestro equipo para obtener m\u00e1s informaci\u00f3n.<\/p>","protected":false},"author":1003,"featured_media":0,"parent":0,"menu_order":0,"comment_status":"closed","ping_status":"closed","template":"elementor_header_footer","meta":{"_et_pb_use_builder":"","_et_pb_old_content":"","_et_gb_content_width":"","footnotes":""},"class_list":["post-3080","page","type-page","status-publish","hentry"],"yoast_head":"<!-- This site is optimized with the Yoast SEO plugin v24.1 - https:\/\/yoast.com\/wordpress\/plugins\/seo\/ -->\n<title>Overview - Skim AI<\/title>\n<meta name=\"robots\" content=\"index, follow, max-snippet:-1, max-image-preview:large, max-video-preview:-1\" \/>\n<link rel=\"canonical\" href=\"https:\/\/skimai.com\/es\/resumen-de-relojes\/\" \/>\n<meta property=\"og:locale\" content=\"es_ES\" \/>\n<meta property=\"og:type\" content=\"article\" \/>\n<meta property=\"og:title\" content=\"Overview - Skim AI\" \/>\n<meta property=\"og:description\" content=\"What can Skim AI do for you? http:\/\/skimai.com\/wp-content\/uploads\/2020\/06\/SKIM-AI-Video-1-Final.mp4 Connect with our team to learn more\" \/>\n<meta property=\"og:url\" content=\"https:\/\/skimai.com\/es\/resumen-de-relojes\/\" \/>\n<meta property=\"og:site_name\" content=\"Skim AI\" \/>\n<meta property=\"article:modified_time\" content=\"2023-07-10T19:04:24+00:00\" \/>\n<meta property=\"og:image\" content=\"http:\/\/skimai.com\/wp-content\/uploads\/2019\/09\/190919-Ipad-Toolbar-1366x768.png\" \/>\n<meta name=\"twitter:card\" content=\"summary_large_image\" \/>\n<script type=\"application\/ld+json\" class=\"yoast-schema-graph\">{\"@context\":\"https:\/\/schema.org\",\"@graph\":[{\"@type\":\"WebPage\",\"@id\":\"https:\/\/skimai.com\/watch-overview\/\",\"url\":\"https:\/\/skimai.com\/watch-overview\/\",\"name\":\"Overview - Skim AI\",\"isPartOf\":{\"@id\":\"https:\/\/skimai.com\/uk\/#website\"},\"primaryImageOfPage\":{\"@id\":\"https:\/\/skimai.com\/watch-overview\/#primaryimage\"},\"image\":{\"@id\":\"https:\/\/skimai.com\/watch-overview\/#primaryimage\"},\"thumbnailUrl\":\"http:\/\/skimai.com\/wp-content\/uploads\/2019\/09\/190919-Ipad-Toolbar-1366x768.png\",\"datePublished\":\"2020-06-16T09:54:59+00:00\",\"dateModified\":\"2023-07-10T19:04:24+00:00\",\"breadcrumb\":{\"@id\":\"https:\/\/skimai.com\/watch-overview\/#breadcrumb\"},\"inLanguage\":\"es\",\"potentialAction\":[{\"@type\":\"ReadAction\",\"target\":[\"https:\/\/skimai.com\/watch-overview\/\"]}]},{\"@type\":\"ImageObject\",\"inLanguage\":\"es\",\"@id\":\"https:\/\/skimai.com\/watch-overview\/#primaryimage\",\"url\":\"http:\/\/skimai.com\/wp-content\/uploads\/2019\/09\/190919-Ipad-Toolbar-1366x768.png\",\"contentUrl\":\"http:\/\/skimai.com\/wp-content\/uploads\/2019\/09\/190919-Ipad-Toolbar-1366x768.png\"},{\"@type\":\"BreadcrumbList\",\"@id\":\"https:\/\/skimai.com\/watch-overview\/#breadcrumb\",\"itemListElement\":[{\"@type\":\"ListItem\",\"position\":1,\"name\":\"Home\",\"item\":\"https:\/\/skimai.com\/\"},{\"@type\":\"ListItem\",\"position\":2,\"name\":\"Overview\"}]},{\"@type\":\"WebSite\",\"@id\":\"https:\/\/skimai.com\/uk\/#website\",\"url\":\"https:\/\/skimai.com\/uk\/\",\"name\":\"Skim AI\",\"description\":\"The AI Agent Workforce Platform\",\"publisher\":{\"@id\":\"https:\/\/skimai.com\/uk\/#organization\"},\"potentialAction\":[{\"@type\":\"SearchAction\",\"target\":{\"@type\":\"EntryPoint\",\"urlTemplate\":\"https:\/\/skimai.com\/uk\/?s={search_term_string}\"},\"query-input\":{\"@type\":\"PropertyValueSpecification\",\"valueRequired\":true,\"valueName\":\"search_term_string\"}}],\"inLanguage\":\"es\"},{\"@type\":\"Organization\",\"@id\":\"https:\/\/skimai.com\/uk\/#organization\",\"name\":\"Skim AI\",\"url\":\"https:\/\/skimai.com\/uk\/\",\"logo\":{\"@type\":\"ImageObject\",\"inLanguage\":\"es\",\"@id\":\"https:\/\/skimai.com\/uk\/#\/schema\/logo\/image\/\",\"url\":\"http:\/\/skimai.com\/wp-content\/uploads\/2020\/07\/SKIM-AI-Header-Logo.png\",\"contentUrl\":\"http:\/\/skimai.com\/wp-content\/uploads\/2020\/07\/SKIM-AI-Header-Logo.png\",\"width\":194,\"height\":58,\"caption\":\"Skim AI\"},\"image\":{\"@id\":\"https:\/\/skimai.com\/uk\/#\/schema\/logo\/image\/\"},\"sameAs\":[\"https:\/\/www.linkedin.com\/company\/skim-ai\"]}]}<\/script>\n<!-- \/ Yoast SEO plugin. -->","yoast_head_json":{"title":"Visi\u00f3n general - Skim AI","robots":{"index":"index","follow":"follow","max-snippet":"max-snippet:-1","max-image-preview":"max-image-preview:large","max-video-preview":"max-video-preview:-1"},"canonical":"https:\/\/skimai.com\/es\/resumen-de-relojes\/","og_locale":"es_ES","og_type":"article","og_title":"Overview - Skim AI","og_description":"What can Skim AI do for you? http:\/\/skimai.com\/wp-content\/uploads\/2020\/06\/SKIM-AI-Video-1-Final.mp4 Connect with our team to learn more","og_url":"https:\/\/skimai.com\/es\/resumen-de-relojes\/","og_site_name":"Skim AI","article_modified_time":"2023-07-10T19:04:24+00:00","og_image":[{"url":"http:\/\/skimai.com\/wp-content\/uploads\/2019\/09\/190919-Ipad-Toolbar-1366x768.png","type":"","width":"","height":""}],"twitter_card":"summary_large_image","schema":{"@context":"https:\/\/schema.org","@graph":[{"@type":"WebPage","@id":"https:\/\/skimai.com\/watch-overview\/","url":"https:\/\/skimai.com\/watch-overview\/","name":"Visi\u00f3n general - Skim AI","isPartOf":{"@id":"https:\/\/skimai.com\/uk\/#website"},"primaryImageOfPage":{"@id":"https:\/\/skimai.com\/watch-overview\/#primaryimage"},"image":{"@id":"https:\/\/skimai.com\/watch-overview\/#primaryimage"},"thumbnailUrl":"http:\/\/skimai.com\/wp-content\/uploads\/2019\/09\/190919-Ipad-Toolbar-1366x768.png","datePublished":"2020-06-16T09:54:59+00:00","dateModified":"2023-07-10T19:04:24+00:00","breadcrumb":{"@id":"https:\/\/skimai.com\/watch-overview\/#breadcrumb"},"inLanguage":"es","potentialAction":[{"@type":"ReadAction","target":["https:\/\/skimai.com\/watch-overview\/"]}]},{"@type":"ImageObject","inLanguage":"es","@id":"https:\/\/skimai.com\/watch-overview\/#primaryimage","url":"http:\/\/skimai.com\/wp-content\/uploads\/2019\/09\/190919-Ipad-Toolbar-1366x768.png","contentUrl":"http:\/\/skimai.com\/wp-content\/uploads\/2019\/09\/190919-Ipad-Toolbar-1366x768.png"},{"@type":"BreadcrumbList","@id":"https:\/\/skimai.com\/watch-overview\/#breadcrumb","itemListElement":[{"@type":"ListItem","position":1,"name":"Home","item":"https:\/\/skimai.com\/"},{"@type":"ListItem","position":2,"name":"Overview"}]},{"@type":"WebSite","@id":"https:\/\/skimai.com\/uk\/#website","url":"https:\/\/skimai.com\/uk\/","name":"Desnatado AI","description":"La plataforma AI Agent Workforce","publisher":{"@id":"https:\/\/skimai.com\/uk\/#organization"},"potentialAction":[{"@type":"SearchAction","target":{"@type":"EntryPoint","urlTemplate":"https:\/\/skimai.com\/uk\/?s={search_term_string}"},"query-input":{"@type":"PropertyValueSpecification","valueRequired":true,"valueName":"search_term_string"}}],"inLanguage":"es"},{"@type":"Organization","@id":"https:\/\/skimai.com\/uk\/#organization","name":"Desnatado AI","url":"https:\/\/skimai.com\/uk\/","logo":{"@type":"ImageObject","inLanguage":"es","@id":"https:\/\/skimai.com\/uk\/#\/schema\/logo\/image\/","url":"http:\/\/skimai.com\/wp-content\/uploads\/2020\/07\/SKIM-AI-Header-Logo.png","contentUrl":"http:\/\/skimai.com\/wp-content\/uploads\/2020\/07\/SKIM-AI-Header-Logo.png","width":194,"height":58,"caption":"Skim AI"},"image":{"@id":"https:\/\/skimai.com\/uk\/#\/schema\/logo\/image\/"},"sameAs":["https:\/\/www.linkedin.com\/company\/skim-ai"]}]}},"_links":{"self":[{"href":"https:\/\/skimai.com\/es\/wp-json\/wp\/v2\/pages\/3080","targetHints":{"allow":["GET"]}}],"collection":[{"href":"https:\/\/skimai.com\/es\/wp-json\/wp\/v2\/pages"}],"about":[{"href":"https:\/\/skimai.com\/es\/wp-json\/wp\/v2\/types\/page"}],"author":[{"embeddable":true,"href":"https:\/\/skimai.com\/es\/wp-json\/wp\/v2\/users\/1003"}],"replies":[{"embeddable":true,"href":"https:\/\/skimai.com\/es\/wp-json\/wp\/v2\/comments?post=3080"}],"version-history":[{"count":0,"href":"https:\/\/skimai.com\/es\/wp-json\/wp\/v2\/pages\/3080\/revisions"}],"wp:attachment":[{"href":"https:\/\/skimai.com\/es\/wp-json\/wp\/v2\/media?parent=3080"}],"curies":[{"name":"wp","href":"https:\/\/api.w.org\/{rel}","templated":true}]}}