{"id":1604,"date":"2019-06-20T18:59:50","date_gmt":"2019-06-20T18:59:50","guid":{"rendered":"http:\/\/skimai.com\/?page_id=1604"},"modified":"2023-07-10T17:02:22","modified_gmt":"2023-07-10T17:02:22","slug":"tutorial","status":"publish","type":"page","link":"https:\/\/skimai.com\/es\/tutorial\/","title":{"rendered":"Confirmaci\u00f3n de instalaci\u00f3n"},"content":{"rendered":"<h2>C\u00f3mo empezar:<\/h2>\n<pre><code>        <h2>Obtenga la informaci\u00f3n que busca en una fracci\u00f3n de tiempo y en dos sencillos pasos.<\/h2>      \n        <a href=\"https:\/\/www.youtube.com\/channel\/UCHbayjFsQwGerLe6kEQXLTg\/videos\" role=\"button\">\n                    Ver tutoriales\n                <\/a>\n        <h2>La informaci\u00f3n que necesitas est\u00e1 ah\u00ed fuera. <br>Skim AI te ayudar\u00e1 a encontrarlo, guardarlo y recuperarlo cuando lo necesites.<\/h2>      \n                                    <img decoding=\"async\" width=\"150\" height=\"150\" src=\"http:\/\/skimai.com\/wp-content\/uploads\/2019\/09\/1.png\" alt=\"\" srcset=\"http:\/\/skimai.com\/wp-content\/uploads\/2019\/09\/1.png 150w, http:\/\/skimai.com\/wp-content\/uploads\/2019\/09\/1-100x100.png 100w\" sizes=\"(max-width: 150px) 100vw, 150px\" \/>                                           \n    <p>Reduzca el tiempo de lectura con el <b>Herramienta de s\u00edntesis basada en inteligencia artificial<\/b>. Ajuste porcentualmente el tama\u00f1o del resumen o extraiga s\u00f3lo los hechos y las opiniones del art\u00edculo original.<\/p>       \n                                    <img decoding=\"async\" width=\"150\" height=\"150\" src=\"http:\/\/skimai.com\/wp-content\/uploads\/2019\/09\/2.png\" alt=\"\" srcset=\"http:\/\/skimai.com\/wp-content\/uploads\/2019\/09\/2.png 150w, http:\/\/skimai.com\/wp-content\/uploads\/2019\/09\/2-100x100.png 100w\" sizes=\"(max-width: 150px) 100vw, 150px\" \/>                                           \n    <p>Identifique r\u00e1pidamente las piezas valiosas con datos y citas codificados por colores a lo largo de un art\u00edculo.<\/p>        \n                                    <img decoding=\"async\" width=\"150\" height=\"150\" src=\"http:\/\/skimai.com\/wp-content\/uploads\/2019\/09\/3.png\" alt=\"resumen en l\u00ednea\" srcset=\"http:\/\/skimai.com\/wp-content\/uploads\/2019\/09\/3.png 150w, http:\/\/skimai.com\/wp-content\/uploads\/2019\/09\/3-100x100.png 100w\" sizes=\"(max-width: 150px) 100vw, 150px\" \/>                                           \n    <p>Ahorre tiempo al empezar a escribir con la gesti\u00f3n de la informaci\u00f3n a nivel de frase. Conserva s\u00f3lo los fragmentos importantes que necesites de cada fuente.<\/p>      \n                                    <img decoding=\"async\" width=\"150\" height=\"150\" src=\"http:\/\/skimai.com\/wp-content\/uploads\/2019\/09\/4.png\" alt=\"herramienta de resumen en l\u00ednea\" srcset=\"http:\/\/skimai.com\/wp-content\/uploads\/2019\/09\/4.png 150w, http:\/\/skimai.com\/wp-content\/uploads\/2019\/09\/4-100x100.png 100w\" sizes=\"(max-width: 150px) 100vw, 150px\" \/>                                            \n    <p>Recorta, almacena, organiza y recupera toda la informaci\u00f3n guardada (y sus fuentes) con tu carpeta personal Skim AI. Busca los elementos guardados por palabra clave, autor, tema y otros filtros avanzados.<\/p>     \n                                    <img decoding=\"async\" width=\"150\" height=\"150\" src=\"http:\/\/skimai.com\/wp-content\/uploads\/2019\/09\/5.png\" alt=\"resumen en l\u00ednea\" srcset=\"http:\/\/skimai.com\/wp-content\/uploads\/2019\/09\/5.png 150w, http:\/\/skimai.com\/wp-content\/uploads\/2019\/09\/5-100x100.png 100w\" sizes=\"(max-width: 150px) 100vw, 150px\" \/>                                         \n    <p>Cargue archivos PDF y utilice las mismas funciones disponibles para las fuentes en l\u00ednea, como el resumen, la b\u00fasqueda por palabras clave y la funci\u00f3n de recortar y guardar.<\/p>       \n                                    <img decoding=\"async\" width=\"150\" height=\"150\" src=\"http:\/\/skimai.com\/wp-content\/uploads\/2019\/09\/6.png\" alt=\"\" srcset=\"http:\/\/skimai.com\/wp-content\/uploads\/2019\/09\/6.png 150w, http:\/\/skimai.com\/wp-content\/uploads\/2019\/09\/6-100x100.png 100w\" sizes=\"(max-width: 150px) 100vw, 150px\" \/>                                           \n    <p>Busque en la base de datos propia de Skim AI noticias verificadas, art\u00edculos, trabajos de investigaci\u00f3n y mucho m\u00e1s de fuentes fiables.<\/p>     \n                                    <img decoding=\"async\" src=\"http:\/\/skimai.com\/wp-content\/uploads\/2019\/09\/190919-Ipad-Toolbar-1366x768.png\" title=\"\" alt=\"\" \/>                                            \n        <h2>\u00bfBusca una soluci\u00f3n empresarial?<\/h2>        \n        <h2>Nuestras soluciones empresariales pueden ayudarle a usted y a su equipo a organizar, colaborar y recuperar datos de su propia base de datos. Lo mejor de todo es que puede hacerlo sin la ayuda de un experto en PNL o un analista de datos. Concierte una llamada con nuestro equipo para obtener m\u00e1s informaci\u00f3n.<\/h2>        \n        <a href=\"http:\/\/skimai.com\/es\/enterprise-contact-us\/\" target=\"_blank\" role=\"button\" rel=\"noopener noreferrer\">\n                    Conectemos\n                <\/a>\n                                    <img decoding=\"async\" width=\"700\" height=\"445\" src=\"http:\/\/skimai.com\/wp-content\/uploads\/2019\/01\/Skim-AI-logo-2-1024x651.png\" alt=\"\" srcset=\"http:\/\/skimai.com\/wp-content\/uploads\/2019\/01\/Skim-AI-logo-2.png 1024w, http:\/\/skimai.com\/wp-content\/uploads\/2019\/01\/Skim-AI-logo-2-300x191.png 300w, http:\/\/skimai.com\/wp-content\/uploads\/2019\/01\/Skim-AI-logo-2-768x488.png 768w, http:\/\/skimai.com\/wp-content\/uploads\/2019\/01\/Skim-AI-logo-2-600x381.png 600w\" sizes=\"(max-width: 700px) 100vw, 700px\" \/>                                            \n                        <a href=\"https:\/\/twitter.com\/Skim_AI\" target=\"_blank\" rel=\"noopener noreferrer\">\n                Twitter\n            <\/a>\n                        <a href=\"\" target=\"_blank\" rel=\"noopener noreferrer\">\n                Facebook\n            <\/a>\n                        <a href=\"https:\/\/www.linkedin.com\/company\/skim-ai\/about\/\" target=\"_blank\" rel=\"noopener noreferrer\">\n                Linkedin\n            <\/a>\n                        <a href=\"https:\/\/www.youtube.com\/channel\/UCHbayjFsQwGerLe6kEQXLTg\" target=\"_blank\" rel=\"noopener noreferrer\">\n                Youtube\n            <\/a>\n        <h2>Comenzar<\/h2>        \n                <ul>\n                        <li >\n                <a href=\"http:\/\/skimai.com\/es\/enterprises\/\">                  Empresa\n                                        <\/a>\n                                <\/li>\n                            <li >\n                <a href=\"http:\/\/skimai.com\/es\/individuals\/\">                  Particulares\n                                        <\/a>\n                                <\/li>\n                            <li >\n                <a href=\"https:\/\/skimai.docs.apiary.io\/#\">                  API\n                                        <\/a>\n                                <\/li>\n                            <li >\n                <a href=\"http:\/\/skimai.com\/es\/blog\/\">                 Blog\n                                        <\/a>\n                                <\/li>\n                    <\/ul>\n        <h2>Descargas<\/h2>      \n                <ul>\n                        <li >\n                <a href=\"https:\/\/chrome.google.com\/webstore\/detail\/skim-ai\/pndpokngaffecpfmicdfeibpgkpofebn?hl=en\">                     \n                                    Extensi\u00f3n de Chrome\n                                        <\/a>\n                                <\/li>\n                    <\/ul>\n        <h2>P\u00f3ngase en contacto con nosotros<\/h2>     \n                <ul>\n                        <li >\n                <a href=\"mailto:info@skimai.com\">                    info@skimai.com\n                                        <\/a>\n                                <\/li>\n                            <li >\n                <a href=\"http:\/\/eepurl.com\/dNER6M\">                 Bolet\u00edn\n                                        <\/a>\n                                <\/li>\n                    <\/ul><!-- Created with Elementor --><\/code><\/pre>","protected":false},"excerpt":{"rendered":"<p>Getting Started: Get the information you&#8217;re looking for in a fraction of the time in two simple steps. Watch Tutorials The information you need is out there. Skim AI will help you find it, save it, and retrieve it when you need. Cut down on reading time with the AI-enabled summarization tool. Adjust summary size [&hellip;]<\/p>\n","protected":false},"author":1003,"featured_media":0,"parent":0,"menu_order":0,"comment_status":"closed","ping_status":"closed","template":"elementor_header_footer","meta":{"_et_pb_use_builder":"","_et_pb_old_content":"","_et_gb_content_width":"","footnotes":""},"class_list":["post-1604","page","type-page","status-publish","hentry"],"yoast_head":"<!-- This site is optimized with the Yoast SEO plugin v24.1 - https:\/\/yoast.com\/wordpress\/plugins\/seo\/ -->\n<title>Install Confirmation - Skim AI<\/title>\n<meta name=\"robots\" content=\"index, follow, max-snippet:-1, max-image-preview:large, max-video-preview:-1\" \/>\n<link rel=\"canonical\" href=\"https:\/\/skimai.com\/es\/tutorial\/\" \/>\n<meta property=\"og:locale\" content=\"es_ES\" \/>\n<meta property=\"og:type\" content=\"article\" \/>\n<meta property=\"og:title\" content=\"Install Confirmation - Skim AI\" \/>\n<meta property=\"og:description\" content=\"Getting Started: Get the information you&#039;re looking for in a fraction of the time in two simple steps. Watch Tutorials The information you need is out there. Skim AI will help you find it, save it, and retrieve it when you need. Cut down on reading time with the AI-enabled summarization tool. Adjust summary size [&hellip;]\" \/>\n<meta property=\"og:url\" content=\"https:\/\/skimai.com\/es\/tutorial\/\" \/>\n<meta property=\"og:site_name\" content=\"Skim AI\" \/>\n<meta property=\"article:modified_time\" content=\"2023-07-10T17:02:22+00:00\" \/>\n<meta property=\"og:image\" content=\"http:\/\/skimai.com\/wp-content\/uploads\/2019\/09\/1.png\" \/>\n<meta name=\"twitter:card\" content=\"summary_large_image\" \/>\n<meta name=\"twitter:label1\" content=\"Tiempo de lectura\" \/>\n\t<meta name=\"twitter:data1\" content=\"1 minuto\" \/>\n<script type=\"application\/ld+json\" class=\"yoast-schema-graph\">{\"@context\":\"https:\/\/schema.org\",\"@graph\":[{\"@type\":\"WebPage\",\"@id\":\"https:\/\/skimai.com\/tutorial\/\",\"url\":\"https:\/\/skimai.com\/tutorial\/\",\"name\":\"Install Confirmation - Skim AI\",\"isPartOf\":{\"@id\":\"https:\/\/skimai.com\/uk\/#website\"},\"primaryImageOfPage\":{\"@id\":\"https:\/\/skimai.com\/tutorial\/#primaryimage\"},\"image\":{\"@id\":\"https:\/\/skimai.com\/tutorial\/#primaryimage\"},\"thumbnailUrl\":\"http:\/\/skimai.com\/wp-content\/uploads\/2019\/09\/1.png\",\"datePublished\":\"2019-06-20T18:59:50+00:00\",\"dateModified\":\"2023-07-10T17:02:22+00:00\",\"breadcrumb\":{\"@id\":\"https:\/\/skimai.com\/tutorial\/#breadcrumb\"},\"inLanguage\":\"es\",\"potentialAction\":[{\"@type\":\"ReadAction\",\"target\":[\"https:\/\/skimai.com\/tutorial\/\"]}]},{\"@type\":\"ImageObject\",\"inLanguage\":\"es\",\"@id\":\"https:\/\/skimai.com\/tutorial\/#primaryimage\",\"url\":\"http:\/\/skimai.com\/wp-content\/uploads\/2019\/09\/1.png\",\"contentUrl\":\"http:\/\/skimai.com\/wp-content\/uploads\/2019\/09\/1.png\"},{\"@type\":\"BreadcrumbList\",\"@id\":\"https:\/\/skimai.com\/tutorial\/#breadcrumb\",\"itemListElement\":[{\"@type\":\"ListItem\",\"position\":1,\"name\":\"Home\",\"item\":\"https:\/\/skimai.com\/\"},{\"@type\":\"ListItem\",\"position\":2,\"name\":\"Install Confirmation\"}]},{\"@type\":\"WebSite\",\"@id\":\"https:\/\/skimai.com\/uk\/#website\",\"url\":\"https:\/\/skimai.com\/uk\/\",\"name\":\"Skim AI\",\"description\":\"The AI Agent Workforce Platform\",\"publisher\":{\"@id\":\"https:\/\/skimai.com\/uk\/#organization\"},\"potentialAction\":[{\"@type\":\"SearchAction\",\"target\":{\"@type\":\"EntryPoint\",\"urlTemplate\":\"https:\/\/skimai.com\/uk\/?s={search_term_string}\"},\"query-input\":{\"@type\":\"PropertyValueSpecification\",\"valueRequired\":true,\"valueName\":\"search_term_string\"}}],\"inLanguage\":\"es\"},{\"@type\":\"Organization\",\"@id\":\"https:\/\/skimai.com\/uk\/#organization\",\"name\":\"Skim AI\",\"url\":\"https:\/\/skimai.com\/uk\/\",\"logo\":{\"@type\":\"ImageObject\",\"inLanguage\":\"es\",\"@id\":\"https:\/\/skimai.com\/uk\/#\/schema\/logo\/image\/\",\"url\":\"http:\/\/skimai.com\/wp-content\/uploads\/2020\/07\/SKIM-AI-Header-Logo.png\",\"contentUrl\":\"http:\/\/skimai.com\/wp-content\/uploads\/2020\/07\/SKIM-AI-Header-Logo.png\",\"width\":194,\"height\":58,\"caption\":\"Skim AI\"},\"image\":{\"@id\":\"https:\/\/skimai.com\/uk\/#\/schema\/logo\/image\/\"},\"sameAs\":[\"https:\/\/www.linkedin.com\/company\/skim-ai\"]}]}<\/script>\n<!-- \/ Yoast SEO plugin. -->","yoast_head_json":{"title":"Confirmaci\u00f3n de instalaci\u00f3n - Skim AI","robots":{"index":"index","follow":"follow","max-snippet":"max-snippet:-1","max-image-preview":"max-image-preview:large","max-video-preview":"max-video-preview:-1"},"canonical":"https:\/\/skimai.com\/es\/tutorial\/","og_locale":"es_ES","og_type":"article","og_title":"Install Confirmation - Skim AI","og_description":"Getting Started: Get the information you're looking for in a fraction of the time in two simple steps. Watch Tutorials The information you need is out there. Skim AI will help you find it, save it, and retrieve it when you need. Cut down on reading time with the AI-enabled summarization tool. Adjust summary size [&hellip;]","og_url":"https:\/\/skimai.com\/es\/tutorial\/","og_site_name":"Skim AI","article_modified_time":"2023-07-10T17:02:22+00:00","og_image":[{"url":"http:\/\/skimai.com\/wp-content\/uploads\/2019\/09\/1.png","type":"","width":"","height":""}],"twitter_card":"summary_large_image","twitter_misc":{"Tiempo de lectura":"1 minuto"},"schema":{"@context":"https:\/\/schema.org","@graph":[{"@type":"WebPage","@id":"https:\/\/skimai.com\/tutorial\/","url":"https:\/\/skimai.com\/tutorial\/","name":"Confirmaci\u00f3n de instalaci\u00f3n - Skim AI","isPartOf":{"@id":"https:\/\/skimai.com\/uk\/#website"},"primaryImageOfPage":{"@id":"https:\/\/skimai.com\/tutorial\/#primaryimage"},"image":{"@id":"https:\/\/skimai.com\/tutorial\/#primaryimage"},"thumbnailUrl":"http:\/\/skimai.com\/wp-content\/uploads\/2019\/09\/1.png","datePublished":"2019-06-20T18:59:50+00:00","dateModified":"2023-07-10T17:02:22+00:00","breadcrumb":{"@id":"https:\/\/skimai.com\/tutorial\/#breadcrumb"},"inLanguage":"es","potentialAction":[{"@type":"ReadAction","target":["https:\/\/skimai.com\/tutorial\/"]}]},{"@type":"ImageObject","inLanguage":"es","@id":"https:\/\/skimai.com\/tutorial\/#primaryimage","url":"http:\/\/skimai.com\/wp-content\/uploads\/2019\/09\/1.png","contentUrl":"http:\/\/skimai.com\/wp-content\/uploads\/2019\/09\/1.png"},{"@type":"BreadcrumbList","@id":"https:\/\/skimai.com\/tutorial\/#breadcrumb","itemListElement":[{"@type":"ListItem","position":1,"name":"Home","item":"https:\/\/skimai.com\/"},{"@type":"ListItem","position":2,"name":"Install Confirmation"}]},{"@type":"WebSite","@id":"https:\/\/skimai.com\/uk\/#website","url":"https:\/\/skimai.com\/uk\/","name":"Desnatado AI","description":"La plataforma AI Agent Workforce","publisher":{"@id":"https:\/\/skimai.com\/uk\/#organization"},"potentialAction":[{"@type":"SearchAction","target":{"@type":"EntryPoint","urlTemplate":"https:\/\/skimai.com\/uk\/?s={search_term_string}"},"query-input":{"@type":"PropertyValueSpecification","valueRequired":true,"valueName":"search_term_string"}}],"inLanguage":"es"},{"@type":"Organization","@id":"https:\/\/skimai.com\/uk\/#organization","name":"Desnatado AI","url":"https:\/\/skimai.com\/uk\/","logo":{"@type":"ImageObject","inLanguage":"es","@id":"https:\/\/skimai.com\/uk\/#\/schema\/logo\/image\/","url":"http:\/\/skimai.com\/wp-content\/uploads\/2020\/07\/SKIM-AI-Header-Logo.png","contentUrl":"http:\/\/skimai.com\/wp-content\/uploads\/2020\/07\/SKIM-AI-Header-Logo.png","width":194,"height":58,"caption":"Skim AI"},"image":{"@id":"https:\/\/skimai.com\/uk\/#\/schema\/logo\/image\/"},"sameAs":["https:\/\/www.linkedin.com\/company\/skim-ai"]}]}},"_links":{"self":[{"href":"https:\/\/skimai.com\/es\/wp-json\/wp\/v2\/pages\/1604","targetHints":{"allow":["GET"]}}],"collection":[{"href":"https:\/\/skimai.com\/es\/wp-json\/wp\/v2\/pages"}],"about":[{"href":"https:\/\/skimai.com\/es\/wp-json\/wp\/v2\/types\/page"}],"author":[{"embeddable":true,"href":"https:\/\/skimai.com\/es\/wp-json\/wp\/v2\/users\/1003"}],"replies":[{"embeddable":true,"href":"https:\/\/skimai.com\/es\/wp-json\/wp\/v2\/comments?post=1604"}],"version-history":[{"count":0,"href":"https:\/\/skimai.com\/es\/wp-json\/wp\/v2\/pages\/1604\/revisions"}],"wp:attachment":[{"href":"https:\/\/skimai.com\/es\/wp-json\/wp\/v2\/media?parent=1604"}],"curies":[{"name":"wp","href":"https:\/\/api.w.org\/{rel}","templated":true}]}}