{"id":1119,"date":"2019-03-12T07:04:17","date_gmt":"2019-03-12T07:04:17","guid":{"rendered":"http:\/\/ec2-54-145-54-64.compute-1.amazonaws.com\/?page_id=1119"},"modified":"2023-07-10T19:05:07","modified_gmt":"2023-07-10T19:05:07","slug":"politica-de-privacidad","status":"publish","type":"page","link":"https:\/\/skimai.com\/es\/privacy-policy\/","title":{"rendered":"Pol\u00edtica de privacidad"},"content":{"rendered":"<h5>\n<h1 id=\"ppHeader\">Pol\u00edtica de privacidad<\/h1>\n<p>&nbsp;&nbsp;Esta pol\u00edtica de privacidad ha sido elaborada para servir mejor a quienes est\u00e1n preocupados por el uso que se hace en l\u00ednea de su \"Informaci\u00f3n Personal Identificable\" (IPI). La IIP, tal y como se describe en la legislaci\u00f3n estadounidense sobre privacidad y seguridad de la informaci\u00f3n, es informaci\u00f3n que puede utilizarse por s\u00ed sola o con otros datos para identificar, contactar o localizar a una sola persona, o para identificar a un individuo en su contexto. Le rogamos que lea atentamente nuestra pol\u00edtica de privacidad para comprender claramente c\u00f3mo recopilamos, utilizamos, protegemos o tratamos de cualquier otro modo su Informaci\u00f3n de Identificaci\u00f3n Personal de acuerdo con nuestro sitio web.&nbsp;<\/p>\n<p><strong>\u00bfQu\u00e9 informaci\u00f3n personal recopilamos de las personas que visitan nuestro blog, sitio web o aplicaci\u00f3n?<\/strong>Al realizar un pedido o registrarse en nuestro sitio, seg\u00fan corresponda, es posible que se le pida que introduzca su nombre, direcci\u00f3n de correo electr\u00f3nico, direcci\u00f3n postal, n\u00famero de tel\u00e9fono, informaci\u00f3n de la tarjeta de cr\u00e9dito, Datos de Uso u otros detalles que le ayuden con su experiencia.<strong><br \/><\/strong><strong>\u00bfCu\u00e1ndo recopilamos informaci\u00f3n?<\/strong>Recopilamos informaci\u00f3n sobre usted cuando se registra en nuestro sitio, realiza un pedido, responde a una encuesta o introduce informaci\u00f3n en nuestro sitio.<\/p>\n<p>Darnos su opini\u00f3n sobre nuestros productos o servicios Utilizar la aplicaci\u00f3n&nbsp;<\/p>\n<p><strong><br \/><\/strong><strong>\u00bfC\u00f3mo utilizamos su informaci\u00f3n?<\/strong><\/p>\n<p>Podemos utilizar la informaci\u00f3n que obtenemos de usted cuando se registra, realiza una compra, se suscribe a nuestro bolet\u00edn de noticias, responde a una encuesta o a una comunicaci\u00f3n de marketing, navega por el sitio web o utiliza algunas otras funciones del sitio de las siguientes maneras:<\/p>\n<p>&nbsp;&nbsp;&nbsp;&nbsp;&nbsp;&nbsp;<strong>-<\/strong>&nbsp;Para personalizar su experiencia y permitirnos ofrecerle el tipo de contenidos y productos que m\u00e1s le interesan.&nbsp;&nbsp;&nbsp;&nbsp;&nbsp;&nbsp;<strong>-<\/strong>&nbsp;Mejorar nuestro sitio web para ofrecerle un mejor servicio.&nbsp;&nbsp;&nbsp;&nbsp;&nbsp;&nbsp;<strong>-<\/strong>&nbsp;Para permitirnos ofrecerle un mejor servicio al responder a sus solicitudes de atenci\u00f3n al cliente.&nbsp;&nbsp;&nbsp;&nbsp;&nbsp;&nbsp;<strong>-<\/strong>&nbsp;Para administrar un concurso, promoci\u00f3n, encuesta u otra funci\u00f3n del sitio.&nbsp;&nbsp;&nbsp;&nbsp;&nbsp;&nbsp;<strong>-<\/strong>&nbsp;Para procesar r\u00e1pidamente sus transacciones.&nbsp;&nbsp;&nbsp;&nbsp;&nbsp;&nbsp;<strong>-<\/strong>&nbsp;Para pedir valoraciones y rese\u00f1as de servicios o productos&nbsp;&nbsp;&nbsp;&nbsp;&nbsp;&nbsp;<strong>-<\/strong>&nbsp;Hacerles un seguimiento tras la correspondencia (chat en directo, consultas por correo electr\u00f3nico o tel\u00e9fono)<\/p>\n<p>&nbsp;<\/p>\n<p><strong>\u00bfC\u00f3mo protegemos su informaci\u00f3n?<\/strong><\/p>\n<p>Nuestro sitio web es escaneado peri\u00f3dicamente en busca de agujeros de seguridad y vulnerabilidades conocidas para que su visita a nuestro sitio sea lo m\u00e1s segura posible.<\/p>\n<p>Realizamos an\u00e1lisis peri\u00f3dicos de malware.<\/p>\n<p>Sus datos personales se almacenan en redes seguras a las que s\u00f3lo puede acceder un n\u00famero limitado de personas que tienen derechos especiales de acceso a dichos sistemas y est\u00e1n obligadas a mantener la confidencialidad de la informaci\u00f3n. Adem\u00e1s, toda la informaci\u00f3n confidencial o crediticia que nos facilite se encripta mediante la tecnolog\u00eda SSL (Secure Socket Layer). Aplicamos diversas medidas de seguridad cuando un usuario realiza un pedido, introduce, env\u00eda o accede a su informaci\u00f3n para mantener la seguridad de sus datos personales.<\/p>\n<p>&nbsp;<\/p>\n<p><strong>\u00bfUtilizamos \"cookies\"?<\/strong>S\u00ed. Las cookies son peque\u00f1os archivos que un sitio o su proveedor de servicios transfiere al disco duro de su ordenador a trav\u00e9s de su navegador web (si usted lo permite) y que permiten a los sistemas del sitio o del proveedor de servicios reconocer su navegador y capturar y recordar determinada informaci\u00f3n. Por ejemplo, utilizamos cookies para ayudarnos a recordar y procesar los art\u00edculos de su cesta de la compra. Tambi\u00e9n se utilizan para ayudarnos a entender sus preferencias basadas en la actividad previa o actual del sitio, lo que nos permite ofrecerle servicios mejorados. Tambi\u00e9n utilizamos cookies para recopilar datos agregados sobre el tr\u00e1fico y la interacci\u00f3n en el sitio, de modo que podamos ofrecer mejores experiencias y herramientas en el futuro.<strong><br \/><\/strong><strong>Utilizamos cookies para:<\/strong>&nbsp;&nbsp;&nbsp;&nbsp;&nbsp;&nbsp;<strong>-<\/strong>&nbsp;Comprender y guardar las preferencias del usuario para futuras visitas.&nbsp;&nbsp;&nbsp;&nbsp;&nbsp;&nbsp;<strong>-<\/strong>&nbsp;Haz un seguimiento de los anuncios.&nbsp;&nbsp;&nbsp;&nbsp;&nbsp;&nbsp;<strong>-<\/strong>&nbsp;Recopilar datos agregados sobre el tr\u00e1fico y las interacciones en el sitio para ofrecer mejores experiencias y herramientas en el futuro. Usted puede elegir que su ordenador le avise cada vez que se env\u00ede una cookie o desactivar todas las cookies. Puede hacerlo a trav\u00e9s de la configuraci\u00f3n de su navegador. Cada navegador es un poco diferente, consulte el men\u00fa de ayuda de su navegador para conocer la forma correcta de modificar sus cookies.<strong><br \/><\/strong><strong>Si los usuarios desactivan las cookies en su navegador:<\/strong>Si desactiva las cookies, es posible que algunas de las funciones que hacen que su experiencia en el sitio sea m\u00e1s eficiente no funcionen correctamente.<\/p>\n<p>&nbsp;<\/p>\n<p><strong>Divulgaci\u00f3n a terceros<\/strong><\/p>\n<p>No vendemos, intercambiamos ni transferimos de ning\u00fan otro modo a terceros sus datos personales a menos que se lo notifiquemos a los usuarios con antelaci\u00f3n. Esto no incluye a los socios de alojamiento de sitios web y otras partes que nos ayudan a operar nuestro sitio web, llevar a cabo nuestro negocio, o servir a nuestros usuarios, siempre y cuando dichas partes se comprometen a mantener esta informaci\u00f3n confidencial. Tambi\u00e9n podemos divulgar informaci\u00f3n cuando su divulgaci\u00f3n sea apropiada para cumplir la ley, hacer cumplir las pol\u00edticas de nuestro sitio o proteger nuestros derechos, propiedad o seguridad o los de otros.<\/p>\n<p>No obstante, la informaci\u00f3n no personal de los visitantes puede facilitarse a terceros para fines de marketing, publicidad u otros usos.<\/p>\n<p>&nbsp;<\/p>\n<p><strong>Enlaces de terceros<\/strong>Ocasionalmente, a nuestra discreci\u00f3n, podemos incluir u ofrecer productos o servicios de terceros en nuestro sitio web. Estos sitios de terceros tienen pol\u00edticas de privacidad separadas e independientes. Por lo tanto, no tenemos responsabilidad alguna por el contenido y las actividades de estos sitios enlazados. No obstante, tratamos de proteger la integridad de nuestro sitio y agradecemos cualquier comentario sobre estos sitios.<\/p>\n<p>&nbsp;<\/p>\n<p><strong>Google<\/strong><\/p>\n<p>Los requisitos publicitarios de Google pueden resumirse en los Principios publicitarios de Google. Su objetivo es ofrecer una experiencia positiva a los usuarios. https:\/\/support.google.com\/adwordspolicy\/answer\/1316548?hl=en<\/p>\n<p>Google, como proveedor externo, utiliza cookies para publicar anuncios en nuestro sitio web. El uso de la cookie de DART por parte de Google le permite ofrecer anuncios a nuestros usuarios basados en visitas anteriores a nuestro sitio y a otros sitios de Internet. Los usuarios pueden inhabilitar el uso de la cookie de DART visitando la pol\u00edtica de privacidad de la Red de Publicidad y Contenido de Google.<strong><br \/><\/strong><strong>Hemos puesto en marcha lo siguiente:<\/strong>Nosotros, junto con proveedores externos como Google, utilizamos cookies de origen (como las cookies de Google Analytics) y cookies de terceros (como la cookie de DoubleClick) u otros identificadores de terceros para recopilar datos sobre las interacciones de los usuarios con las impresiones de anuncios y otras funciones de servicios publicitarios en relaci\u00f3n con nuestro sitio web.<strong><br \/><\/strong><strong>No participar:<\/strong><br \/>Los usuarios pueden establecer sus preferencias sobre el modo en que Google les env\u00eda publicidad a trav\u00e9s de la p\u00e1gina de configuraci\u00f3n de anuncios de Google. Alternativamente, puede optar por no participar visitando la p\u00e1gina de inhabilitaci\u00f3n de la Network Advertising Initiative o utilizando el complemento de inhabilitaci\u00f3n para navegadores de Google Analytics.<\/p>\n<p>&nbsp;<\/p>\n<p><strong>Ley de Protecci\u00f3n de la Privacidad en L\u00ednea de California<\/strong>CalOPPA es la primera ley estatal del pa\u00eds que obliga a los sitios web comerciales y a los servicios en l\u00ednea a publicar una pol\u00edtica de privacidad. El alcance de la ley se extiende m\u00e1s all\u00e1 de California y exige a cualquier persona o empresa de Estados Unidos (y posiblemente del mundo) que gestione sitios web que recopilen informaci\u00f3n personal de consumidores californianos que publique en su sitio web una pol\u00edtica de privacidad visible en la que se indique exactamente la informaci\u00f3n recopilada y las personas o empresas con las que se comparte. - M\u00e1s informaci\u00f3n en: http:\/\/consumercal.org\/california-online-privacy-protection-act-caloppa\/#sthash.0FdRbT51.dpuf<strong><br \/><\/strong><strong>Seg\u00fan la CalOPPA, estamos de acuerdo con lo siguiente:<\/strong>Los usuarios pueden visitar nuestro sitio de forma an\u00f3nima.Una vez creada esta pol\u00edtica de privacidad, a\u00f1adiremos un enlace a la misma en nuestra p\u00e1gina de inicio o, como m\u00ednimo, en la primera p\u00e1gina significativa tras entrar en nuestro sitio web.Nuestro enlace a la pol\u00edtica de privacidad incluye la palabra \"Privacidad\" y puede encontrarse f\u00e1cilmente en la p\u00e1gina especificada anteriormente.Se le notificar\u00e1 cualquier cambio en la pol\u00edtica de privacidad:&nbsp;&nbsp;&nbsp;&nbsp;&nbsp;&nbsp;<strong>-<\/strong>&nbsp;En nuestra p\u00e1gina Pol\u00edtica de privacidadPuede modificar sus datos personales:&nbsp;&nbsp;&nbsp;&nbsp;&nbsp;&nbsp;<strong>-<\/strong>&nbsp;Accediendo a su cuenta<strong><br \/><\/strong><strong>\u00bfC\u00f3mo gestiona nuestro sitio las se\u00f1ales Do Not Track?<\/strong>No respetamos las se\u00f1ales Do Not Track y Do Not Track, ni plantamos cookies, ni utilizamos publicidad cuando existe un mecanismo Do Not Track (DNT) en el navegador. No las respetamos porque:Somos una empresa peque\u00f1a y a\u00fan no sabemos c\u00f3mo hacerlo.<strong><br \/><\/strong><strong>\u00bfPermite nuestro sitio el seguimiento del comportamiento por parte de terceros?<\/strong>Tambi\u00e9n es importante se\u00f1alar que no permitimos el seguimiento del comportamiento por parte de terceros.<\/p>\n<p>&nbsp;<\/p>\n<p><strong>COPPA (Ley de Protecci\u00f3n de la Privacidad Infantil en Internet)<\/strong><\/p>\n<p>Cuando se trata de recopilar informaci\u00f3n personal de ni\u00f1os menores de 13 a\u00f1os, la Ley de Protecci\u00f3n de la Privacidad Infantil en Internet (COPPA) pone a los padres al mando. La Comisi\u00f3n Federal de Comercio, la agencia de protecci\u00f3n del consumidor de Estados Unidos, hace cumplir la norma COPPA, que especifica lo que deben hacer los operadores de sitios web y servicios en l\u00ednea para proteger la privacidad y la seguridad de los ni\u00f1os en l\u00ednea.<\/p>\n<p>No comercializamos espec\u00edficamente con ni\u00f1os menores de 13 a\u00f1os. \u00bfPermitimos que terceros, incluidas redes publicitarias o plug-ins, recopilen informaci\u00f3n de identificaci\u00f3n personal de ni\u00f1os menores de 13 a\u00f1os?<\/p>\n<p>&nbsp;<\/p>\n<p><strong>Pr\u00e1cticas informativas justas<\/strong><\/p>\n<p>Los Principios de Pr\u00e1cticas Leales de Informaci\u00f3n constituyen la columna vertebral de la legislaci\u00f3n sobre privacidad en Estados Unidos y los conceptos que incluyen han desempe\u00f1ado un papel importante en el desarrollo de leyes de protecci\u00f3n de datos en todo el mundo. Comprender los Principios de Pr\u00e1cticas Leales de Informaci\u00f3n y c\u00f3mo deben aplicarse es fundamental para cumplir las distintas leyes de privacidad que protegen la informaci\u00f3n personal.<\/p>\n<p><strong><br \/><\/strong><strong>Para ajustarnos a las pr\u00e1cticas justas en materia de informaci\u00f3n, adoptaremos las siguientes medidas en caso de que se produzca una violaci\u00f3n de datos:<\/strong>Se lo notificaremos por correo electr\u00f3nico&nbsp;&nbsp;&nbsp;&nbsp;&nbsp;&nbsp;<strong>-<\/strong>&nbsp;OtrosTan pronto como seamos capaces de comprender el alcance de la infracci\u00f3n. Tambi\u00e9n estamos de acuerdo con el principio de reparaci\u00f3n individual, que exige que las personas tengan derecho a ejercer legalmente derechos exigibles contra los recopiladores y procesadores de datos que no cumplan la ley. Este principio exige no s\u00f3lo que los particulares tengan derechos exigibles frente a los usuarios de los datos, sino tambi\u00e9n que puedan recurrir a los tribunales o a organismos gubernamentales para investigar y\/o perseguir el incumplimiento por parte de los procesadores de datos.<\/p>\n<p>&nbsp;<\/p>\n<p><strong>Ley CAN SPAM<\/strong><\/p>\n<p>La Ley CAN-SPAM establece las normas para el correo electr\u00f3nico comercial, fija los requisitos que deben cumplir los mensajes comerciales, otorga a los destinatarios el derecho a impedir que se les env\u00eden correos electr\u00f3nicos y prev\u00e9 duras sanciones en caso de infracci\u00f3n.<\/p>\n<p><strong><br \/><\/strong><strong>Recopilamos su direcci\u00f3n de correo electr\u00f3nico para:<\/strong>&nbsp;&nbsp;&nbsp;&nbsp;&nbsp;&nbsp;<strong>-<\/strong>&nbsp;Enviar informaci\u00f3n, responder a consultas y\/u otras solicitudes o preguntas&nbsp;&nbsp;&nbsp;&nbsp;&nbsp;&nbsp;<strong>-<\/strong>&nbsp;Tramitar pedidos y enviar informaci\u00f3n y actualizaciones relativas a los mismos.&nbsp;&nbsp;&nbsp;&nbsp;&nbsp;&nbsp;<strong>-<\/strong>&nbsp;Enviarle informaci\u00f3n adicional relacionada con su producto y\/o servicio&nbsp;&nbsp;&nbsp;&nbsp;&nbsp;&nbsp;<strong>-<\/strong>&nbsp;Comercializar con nuestra lista de correo o seguir enviando correos electr\u00f3nicos a nuestros clientes despu\u00e9s de que se haya producido la transacci\u00f3n original.<strong><br \/><\/strong><strong>Para estar en conformidad con CANSPAM, estamos de acuerdo con lo siguiente:<\/strong>&nbsp;&nbsp;&nbsp;&nbsp;&nbsp;&nbsp;<strong>-<\/strong>&nbsp;No utilizar asuntos o direcciones de correo electr\u00f3nico falsos o enga\u00f1osos.&nbsp;&nbsp;&nbsp;&nbsp;&nbsp;&nbsp;<strong>-<\/strong>&nbsp;Identifique el mensaje como publicidad de alguna manera razonable.&nbsp;&nbsp;&nbsp;&nbsp;&nbsp;&nbsp;<strong>-<\/strong>&nbsp;Incluya la direcci\u00f3n f\u00edsica de la sede de nuestra empresa o centro.&nbsp;&nbsp;&nbsp;&nbsp;&nbsp;&nbsp;<strong>-<\/strong>&nbsp;Supervisar el cumplimiento de los servicios de marketing por correo electr\u00f3nico de terceros, si se utilizan.&nbsp;&nbsp;&nbsp;&nbsp;&nbsp;&nbsp;<strong>-<\/strong>&nbsp;Respete r\u00e1pidamente las solicitudes de baja.&nbsp;&nbsp;&nbsp;&nbsp;&nbsp;&nbsp;<strong>-<\/strong>&nbsp;Permita a los usuarios darse de baja utilizando el enlace que aparece en la parte inferior de cada correo electr\u00f3nico.<strong><br \/>Si en cualquier momento desea darse de baja para no recibir m\u00e1s correos electr\u00f3nicos, puede enviarnos un correo electr\u00f3nico a<\/strong>&nbsp;&nbsp;&nbsp;&nbsp;&nbsp;&nbsp;<strong>-<\/strong>&nbsp;Siga las instrucciones que figuran al final de cada correo electr\u00f3nico.<\/p>\n<p>y le retiraremos r\u00e1pidamente de&nbsp;<strong>TODOS<\/strong>&nbsp;correspondencia.<\/p>\n<p>&nbsp;<\/p>\n<p><strong>Pol\u00edtica sujeta a cambios<\/strong><\/p>\n<p>&nbsp;<\/p>\n<p>Es probable que la pol\u00edtica de privacidad cambie a medida que evolucione la empresa. La pol\u00edtica actual no garantiza que los t\u00e9rminos no cambien, y es un comienzo de buena fe por parte de una startup. Si la pol\u00edtica cambia, se notificar\u00e1 a los usuarios y se les pedir\u00e1 que acepten si quieren seguir utilizando el servicio.<\/p>\n<p>&nbsp;<\/p>\n<p><strong>Contacto<\/strong><\/p>\n<p>&nbsp;<\/p>\n<p>Si tiene alguna pregunta sobre esta pol\u00edtica de privacidad, puede ponerse en contacto con nosotros utilizando la informaci\u00f3n que figura a continuaci\u00f3n.<\/p>\n<p>www.skimai.com244 5th Ave STE 2720<\/p>\n<p>NY, NY 10001<\/p>\n<p>U.S.A.support@skimai.comLast Editado el 2018-03-13<\/p>\n<\/h5>","protected":false},"excerpt":{"rendered":"<p>Privacy Policy &nbsp;&nbsp;This privacy policy has been compiled to better serve those who are concerned with how their &#8216;Personally Identifiable Information&#8217; (PII) is being used online. PII, as described in US privacy law and information security, is information that can be used on its own or with other information to identify, contact, or locate a [&hellip;]<\/p>\n","protected":false},"author":1003,"featured_media":0,"parent":0,"menu_order":0,"comment_status":"closed","ping_status":"closed","template":"elementor_header_footer","meta":{"_et_pb_use_builder":"","_et_pb_old_content":"","_et_gb_content_width":"","footnotes":""},"class_list":["post-1119","page","type-page","status-publish","hentry"],"yoast_head":"<!-- This site is optimized with the Yoast SEO plugin v24.1 - https:\/\/yoast.com\/wordpress\/plugins\/seo\/ -->\n<title>Privacy Policy - Skim AI<\/title>\n<meta name=\"robots\" content=\"index, follow, max-snippet:-1, max-image-preview:large, max-video-preview:-1\" \/>\n<link rel=\"canonical\" href=\"https:\/\/skimai.com\/es\/politica-de-privacidad\/\" \/>\n<meta property=\"og:locale\" content=\"es_ES\" \/>\n<meta property=\"og:type\" content=\"article\" \/>\n<meta property=\"og:title\" content=\"Privacy Policy - Skim AI\" \/>\n<meta property=\"og:description\" content=\"Privacy Policy &nbsp;&nbsp;This privacy policy has been compiled to better serve those who are concerned with how their &#8216;Personally Identifiable Information&#8217; (PII) is being used online. PII, as described in US privacy law and information security, is information that can be used on its own or with other information to identify, contact, or locate a [&hellip;]\" \/>\n<meta property=\"og:url\" content=\"https:\/\/skimai.com\/es\/politica-de-privacidad\/\" \/>\n<meta property=\"og:site_name\" content=\"Skim AI\" \/>\n<meta property=\"article:modified_time\" content=\"2023-07-10T19:05:07+00:00\" \/>\n<meta name=\"twitter:card\" content=\"summary_large_image\" \/>\n<meta name=\"twitter:label1\" content=\"Tiempo de lectura\" \/>\n\t<meta name=\"twitter:data1\" content=\"10 minutos\" \/>\n<script type=\"application\/ld+json\" class=\"yoast-schema-graph\">{\"@context\":\"https:\/\/schema.org\",\"@graph\":[{\"@type\":\"WebPage\",\"@id\":\"https:\/\/skimai.com\/de\/datenschutzbestimmungen\/\",\"url\":\"https:\/\/skimai.com\/de\/datenschutzbestimmungen\/\",\"name\":\"Privacy Policy - Skim AI\",\"isPartOf\":{\"@id\":\"https:\/\/skimai.com\/uk\/#website\"},\"datePublished\":\"2019-03-12T07:04:17+00:00\",\"dateModified\":\"2023-07-10T19:05:07+00:00\",\"breadcrumb\":{\"@id\":\"https:\/\/skimai.com\/de\/datenschutzbestimmungen\/#breadcrumb\"},\"inLanguage\":\"es\",\"potentialAction\":[{\"@type\":\"ReadAction\",\"target\":[\"https:\/\/skimai.com\/de\/datenschutzbestimmungen\/\"]}]},{\"@type\":\"BreadcrumbList\",\"@id\":\"https:\/\/skimai.com\/de\/datenschutzbestimmungen\/#breadcrumb\",\"itemListElement\":[{\"@type\":\"ListItem\",\"position\":1,\"name\":\"Home\",\"item\":\"https:\/\/skimai.com\/\"},{\"@type\":\"ListItem\",\"position\":2,\"name\":\"Privacy Policy\"}]},{\"@type\":\"WebSite\",\"@id\":\"https:\/\/skimai.com\/uk\/#website\",\"url\":\"https:\/\/skimai.com\/uk\/\",\"name\":\"Skim AI\",\"description\":\"The AI Agent Workforce Platform\",\"publisher\":{\"@id\":\"https:\/\/skimai.com\/uk\/#organization\"},\"potentialAction\":[{\"@type\":\"SearchAction\",\"target\":{\"@type\":\"EntryPoint\",\"urlTemplate\":\"https:\/\/skimai.com\/uk\/?s={search_term_string}\"},\"query-input\":{\"@type\":\"PropertyValueSpecification\",\"valueRequired\":true,\"valueName\":\"search_term_string\"}}],\"inLanguage\":\"es\"},{\"@type\":\"Organization\",\"@id\":\"https:\/\/skimai.com\/uk\/#organization\",\"name\":\"Skim AI\",\"url\":\"https:\/\/skimai.com\/uk\/\",\"logo\":{\"@type\":\"ImageObject\",\"inLanguage\":\"es\",\"@id\":\"https:\/\/skimai.com\/uk\/#\/schema\/logo\/image\/\",\"url\":\"http:\/\/skimai.com\/wp-content\/uploads\/2020\/07\/SKIM-AI-Header-Logo.png\",\"contentUrl\":\"http:\/\/skimai.com\/wp-content\/uploads\/2020\/07\/SKIM-AI-Header-Logo.png\",\"width\":194,\"height\":58,\"caption\":\"Skim AI\"},\"image\":{\"@id\":\"https:\/\/skimai.com\/uk\/#\/schema\/logo\/image\/\"},\"sameAs\":[\"https:\/\/www.linkedin.com\/company\/skim-ai\"]}]}<\/script>\n<!-- \/ Yoast SEO plugin. -->","yoast_head_json":{"title":"Pol\u00edtica de privacidad - Skim AI","robots":{"index":"index","follow":"follow","max-snippet":"max-snippet:-1","max-image-preview":"max-image-preview:large","max-video-preview":"max-video-preview:-1"},"canonical":"https:\/\/skimai.com\/es\/politica-de-privacidad\/","og_locale":"es_ES","og_type":"article","og_title":"Privacy Policy - Skim AI","og_description":"Privacy Policy &nbsp;&nbsp;This privacy policy has been compiled to better serve those who are concerned with how their &#8216;Personally Identifiable Information&#8217; (PII) is being used online. PII, as described in US privacy law and information security, is information that can be used on its own or with other information to identify, contact, or locate a [&hellip;]","og_url":"https:\/\/skimai.com\/es\/politica-de-privacidad\/","og_site_name":"Skim AI","article_modified_time":"2023-07-10T19:05:07+00:00","twitter_card":"summary_large_image","twitter_misc":{"Tiempo de lectura":"10 minutos"},"schema":{"@context":"https:\/\/schema.org","@graph":[{"@type":"WebPage","@id":"https:\/\/skimai.com\/de\/datenschutzbestimmungen\/","url":"https:\/\/skimai.com\/de\/datenschutzbestimmungen\/","name":"Pol\u00edtica de privacidad - Skim AI","isPartOf":{"@id":"https:\/\/skimai.com\/uk\/#website"},"datePublished":"2019-03-12T07:04:17+00:00","dateModified":"2023-07-10T19:05:07+00:00","breadcrumb":{"@id":"https:\/\/skimai.com\/de\/datenschutzbestimmungen\/#breadcrumb"},"inLanguage":"es","potentialAction":[{"@type":"ReadAction","target":["https:\/\/skimai.com\/de\/datenschutzbestimmungen\/"]}]},{"@type":"BreadcrumbList","@id":"https:\/\/skimai.com\/de\/datenschutzbestimmungen\/#breadcrumb","itemListElement":[{"@type":"ListItem","position":1,"name":"Home","item":"https:\/\/skimai.com\/"},{"@type":"ListItem","position":2,"name":"Privacy Policy"}]},{"@type":"WebSite","@id":"https:\/\/skimai.com\/uk\/#website","url":"https:\/\/skimai.com\/uk\/","name":"Desnatado AI","description":"La plataforma AI Agent Workforce","publisher":{"@id":"https:\/\/skimai.com\/uk\/#organization"},"potentialAction":[{"@type":"SearchAction","target":{"@type":"EntryPoint","urlTemplate":"https:\/\/skimai.com\/uk\/?s={search_term_string}"},"query-input":{"@type":"PropertyValueSpecification","valueRequired":true,"valueName":"search_term_string"}}],"inLanguage":"es"},{"@type":"Organization","@id":"https:\/\/skimai.com\/uk\/#organization","name":"Desnatado AI","url":"https:\/\/skimai.com\/uk\/","logo":{"@type":"ImageObject","inLanguage":"es","@id":"https:\/\/skimai.com\/uk\/#\/schema\/logo\/image\/","url":"http:\/\/skimai.com\/wp-content\/uploads\/2020\/07\/SKIM-AI-Header-Logo.png","contentUrl":"http:\/\/skimai.com\/wp-content\/uploads\/2020\/07\/SKIM-AI-Header-Logo.png","width":194,"height":58,"caption":"Skim AI"},"image":{"@id":"https:\/\/skimai.com\/uk\/#\/schema\/logo\/image\/"},"sameAs":["https:\/\/www.linkedin.com\/company\/skim-ai"]}]}},"_links":{"self":[{"href":"https:\/\/skimai.com\/es\/wp-json\/wp\/v2\/pages\/1119","targetHints":{"allow":["GET"]}}],"collection":[{"href":"https:\/\/skimai.com\/es\/wp-json\/wp\/v2\/pages"}],"about":[{"href":"https:\/\/skimai.com\/es\/wp-json\/wp\/v2\/types\/page"}],"author":[{"embeddable":true,"href":"https:\/\/skimai.com\/es\/wp-json\/wp\/v2\/users\/1003"}],"replies":[{"embeddable":true,"href":"https:\/\/skimai.com\/es\/wp-json\/wp\/v2\/comments?post=1119"}],"version-history":[{"count":0,"href":"https:\/\/skimai.com\/es\/wp-json\/wp\/v2\/pages\/1119\/revisions"}],"wp:attachment":[{"href":"https:\/\/skimai.com\/es\/wp-json\/wp\/v2\/media?parent=1119"}],"curies":[{"name":"wp","href":"https:\/\/api.w.org\/{rel}","templated":true}]}}