{"id":3435,"date":"2020-08-03T12:21:09","date_gmt":"2020-08-03T12:21:09","guid":{"rendered":"http:\/\/skimai.com\/?page_id=3435"},"modified":"2024-04-30T10:26:02","modified_gmt":"2024-04-30T15:26:02","slug":"kontakt-2","status":"publish","type":"page","link":"https:\/\/skimai.com\/de\/contact-us-2\/","title":{"rendered":"Kontakt"},"content":{"rendered":"<p>[et_pb_section admin_label=&#8221;section&#8221;]<br \/>\n\t\t\t[et_pb_row admin_label=&#8221;row&#8221;]<br \/>\n\t\t\t\t[et_pb_column type=&#8221;4_4&#8243;][et_pb_text admin_label=&#8221;Text&#8221;]<\/p>\n<h1>Get in touch.<\/h1>\n<pre><code>        <h2>Have any questions? Looking for more information? Connect with our team to learn more about our solutions and how we can help you.<\/h2>     \n        <!--[if lte IE 8]><\/code><\/pre>\n<p>&lt;![endif]--&gt;<br \/>\n<a href=\"https:\/\/vimeo.com\/432443854\">https:\/\/vimeo.com\/432443854<\/a>     <\/p>\n<p><img decoding=\"async\" width=\"967\" height=\"768\" src=\"http:\/\/skimai.com\/wp-content\/uploads\/2020\/07\/IPAD.png\" alt=\"IPAD\" loading=\"lazy\" srcset=\"http:\/\/skimai.com\/wp-content\/uploads\/2020\/07\/IPAD.png 967w, http:\/\/skimai.com\/wp-content\/uploads\/2020\/07\/IPAD-300x238.png 300w, http:\/\/skimai.com\/wp-content\/uploads\/2020\/07\/IPAD-768x610.png 768w\" sizes=\"auto, (max-width: 967px) 100vw, 967px\" \/>                                                      <\/p>\n<pre><code>        <h2>Download the Chrome Extension for free<\/h2>     \n                                            <img decoding=\"async\" width=\"460\" height=\"157\" src=\"http:\/\/skimai.com\/wp-content\/uploads\/2020\/07\/chrome_webstore.png\" alt=\"chrome webstore\" loading=\"lazy\" srcset=\"http:\/\/skimai.com\/wp-content\/uploads\/2020\/07\/chrome_webstore.png 460w, http:\/\/skimai.com\/wp-content\/uploads\/2020\/07\/chrome_webstore-300x102.png 300w\" sizes=\"auto, (max-width: 460px) 100vw, 460px\" \/>                                                       \n        <a href=\"https:\/\/chrome.google.com\/webstore\/detail\/1-click-summarizer-web-to\/pndpokngaffecpfmicdfeibpgkpofebn\">\n                    Click here to download\n                <\/a><\/code><\/pre>\n<p>[\/et_pb_text][\/et_pb_column]<br \/>\n\t\t\t[\/et_pb_row]<br \/>\n\t\t[\/et_pb_section]<\/p>\n","protected":false},"excerpt":{"rendered":"<p>Nehmen Sie Kontakt auf. Haben Sie noch Fragen? Suchen Sie weitere Informationen? Setzen Sie sich mit unserem Team in Verbindung und erfahren Sie mehr \u00fcber unsere L\u00f6sungen und wie wir Ihnen helfen k\u00f6nnen.<\/p>","protected":false},"author":1003,"featured_media":0,"parent":0,"menu_order":0,"comment_status":"closed","ping_status":"closed","template":"","meta":{"_et_pb_use_builder":"on","_et_pb_old_content":"<h1>Get in touch.<\/h1>      \n<pre><code>        <h2>Have any questions? Looking for more information? Connect with our team to learn more about our solutions and how we can help you.<\/h2>     \n        <!--[if lte IE 8]><\/code><\/pre>\n<p>&lt;![endif]--&gt;\n<a href=\"https:\/\/vimeo.com\/432443854\">https:\/\/vimeo.com\/432443854<\/a>     <\/p>\n<img width=\"967\" height=\"768\" src=\"http:\/\/skimai.com\/wp-content\/uploads\/2020\/07\/IPAD.png\" alt=\"IPAD\" loading=\"lazy\" srcset=\"http:\/\/skimai.com\/wp-content\/uploads\/2020\/07\/IPAD.png 967w, http:\/\/skimai.com\/wp-content\/uploads\/2020\/07\/IPAD-300x238.png 300w, http:\/\/skimai.com\/wp-content\/uploads\/2020\/07\/IPAD-768x610.png 768w\" sizes=\"(max-width: 967px) 100vw, 967px\" \/>                                                      \n<pre><code>        <h2>Download the Chrome Extension for free<\/h2>     \n                                            <img width=\"460\" height=\"157\" src=\"http:\/\/skimai.com\/wp-content\/uploads\/2020\/07\/chrome_webstore.png\" alt=\"chrome webstore\" loading=\"lazy\" srcset=\"http:\/\/skimai.com\/wp-content\/uploads\/2020\/07\/chrome_webstore.png 460w, http:\/\/skimai.com\/wp-content\/uploads\/2020\/07\/chrome_webstore-300x102.png 300w\" sizes=\"(max-width: 460px) 100vw, 460px\" \/>                                                       \n        <a href=\"https:\/\/chrome.google.com\/webstore\/detail\/1-click-summarizer-web-to\/pndpokngaffecpfmicdfeibpgkpofebn\">\n                    Click here to download\n                <\/a><\/code><\/pre>","_et_gb_content_width":"","footnotes":""},"class_list":["post-3435","page","type-page","status-publish","hentry"],"yoast_head":"<!-- This site is optimized with the Yoast SEO plugin v24.1 - https:\/\/yoast.com\/wordpress\/plugins\/seo\/ -->\n<title>Contact - Skim AI<\/title>\n<meta name=\"robots\" content=\"index, follow, max-snippet:-1, max-image-preview:large, max-video-preview:-1\" \/>\n<link rel=\"canonical\" href=\"https:\/\/skimai.com\/de\/kontakt-2\/\" \/>\n<meta property=\"og:locale\" content=\"de_DE\" \/>\n<meta property=\"og:type\" content=\"article\" \/>\n<meta property=\"og:title\" content=\"Contact - Skim AI\" \/>\n<meta property=\"og:description\" content=\"Get in touch. Have any questions? Looking for more information? Connect with our team to learn more about our solutions and how we can help you.\" \/>\n<meta property=\"og:url\" content=\"https:\/\/skimai.com\/de\/kontakt-2\/\" \/>\n<meta property=\"og:site_name\" content=\"Skim AI\" \/>\n<meta property=\"article:modified_time\" content=\"2024-04-30T15:26:02+00:00\" \/>\n<meta property=\"og:image\" content=\"http:\/\/skimai.com\/wp-content\/uploads\/2020\/07\/IPAD.png\" \/>\n<meta name=\"twitter:card\" content=\"summary_large_image\" \/>\n<script type=\"application\/ld+json\" class=\"yoast-schema-graph\">{\"@context\":\"https:\/\/schema.org\",\"@graph\":[{\"@type\":\"WebPage\",\"@id\":\"https:\/\/skimai.com\/contact-us-2\/\",\"url\":\"https:\/\/skimai.com\/contact-us-2\/\",\"name\":\"Contact - Skim AI\",\"isPartOf\":{\"@id\":\"https:\/\/skimai.com\/uk\/#website\"},\"primaryImageOfPage\":{\"@id\":\"https:\/\/skimai.com\/contact-us-2\/#primaryimage\"},\"image\":{\"@id\":\"https:\/\/skimai.com\/contact-us-2\/#primaryimage\"},\"thumbnailUrl\":\"http:\/\/skimai.com\/wp-content\/uploads\/2020\/07\/IPAD.png\",\"datePublished\":\"2020-08-03T12:21:09+00:00\",\"dateModified\":\"2024-04-30T15:26:02+00:00\",\"breadcrumb\":{\"@id\":\"https:\/\/skimai.com\/contact-us-2\/#breadcrumb\"},\"inLanguage\":\"de\",\"potentialAction\":[{\"@type\":\"ReadAction\",\"target\":[\"https:\/\/skimai.com\/contact-us-2\/\"]}]},{\"@type\":\"ImageObject\",\"inLanguage\":\"de\",\"@id\":\"https:\/\/skimai.com\/contact-us-2\/#primaryimage\",\"url\":\"http:\/\/skimai.com\/wp-content\/uploads\/2020\/07\/IPAD.png\",\"contentUrl\":\"http:\/\/skimai.com\/wp-content\/uploads\/2020\/07\/IPAD.png\"},{\"@type\":\"BreadcrumbList\",\"@id\":\"https:\/\/skimai.com\/contact-us-2\/#breadcrumb\",\"itemListElement\":[{\"@type\":\"ListItem\",\"position\":1,\"name\":\"Home\",\"item\":\"https:\/\/skimai.com\/\"},{\"@type\":\"ListItem\",\"position\":2,\"name\":\"Contact\"}]},{\"@type\":\"WebSite\",\"@id\":\"https:\/\/skimai.com\/uk\/#website\",\"url\":\"https:\/\/skimai.com\/uk\/\",\"name\":\"Skim AI\",\"description\":\"The AI Agent Workforce Platform\",\"publisher\":{\"@id\":\"https:\/\/skimai.com\/uk\/#organization\"},\"potentialAction\":[{\"@type\":\"SearchAction\",\"target\":{\"@type\":\"EntryPoint\",\"urlTemplate\":\"https:\/\/skimai.com\/uk\/?s={search_term_string}\"},\"query-input\":{\"@type\":\"PropertyValueSpecification\",\"valueRequired\":true,\"valueName\":\"search_term_string\"}}],\"inLanguage\":\"de\"},{\"@type\":\"Organization\",\"@id\":\"https:\/\/skimai.com\/uk\/#organization\",\"name\":\"Skim AI\",\"url\":\"https:\/\/skimai.com\/uk\/\",\"logo\":{\"@type\":\"ImageObject\",\"inLanguage\":\"de\",\"@id\":\"https:\/\/skimai.com\/uk\/#\/schema\/logo\/image\/\",\"url\":\"http:\/\/skimai.com\/wp-content\/uploads\/2020\/07\/SKIM-AI-Header-Logo.png\",\"contentUrl\":\"http:\/\/skimai.com\/wp-content\/uploads\/2020\/07\/SKIM-AI-Header-Logo.png\",\"width\":194,\"height\":58,\"caption\":\"Skim AI\"},\"image\":{\"@id\":\"https:\/\/skimai.com\/uk\/#\/schema\/logo\/image\/\"},\"sameAs\":[\"https:\/\/www.linkedin.com\/company\/skim-ai\"]}]}<\/script>\n<!-- \/ Yoast SEO plugin. -->","yoast_head_json":{"title":"Kontakt - Skim AI","robots":{"index":"index","follow":"follow","max-snippet":"max-snippet:-1","max-image-preview":"max-image-preview:large","max-video-preview":"max-video-preview:-1"},"canonical":"https:\/\/skimai.com\/de\/kontakt-2\/","og_locale":"de_DE","og_type":"article","og_title":"Contact - Skim AI","og_description":"Get in touch. Have any questions? Looking for more information? Connect with our team to learn more about our solutions and how we can help you.","og_url":"https:\/\/skimai.com\/de\/kontakt-2\/","og_site_name":"Skim AI","article_modified_time":"2024-04-30T15:26:02+00:00","og_image":[{"url":"http:\/\/skimai.com\/wp-content\/uploads\/2020\/07\/IPAD.png","type":"","width":"","height":""}],"twitter_card":"summary_large_image","schema":{"@context":"https:\/\/schema.org","@graph":[{"@type":"WebPage","@id":"https:\/\/skimai.com\/contact-us-2\/","url":"https:\/\/skimai.com\/contact-us-2\/","name":"Kontakt - Skim AI","isPartOf":{"@id":"https:\/\/skimai.com\/uk\/#website"},"primaryImageOfPage":{"@id":"https:\/\/skimai.com\/contact-us-2\/#primaryimage"},"image":{"@id":"https:\/\/skimai.com\/contact-us-2\/#primaryimage"},"thumbnailUrl":"http:\/\/skimai.com\/wp-content\/uploads\/2020\/07\/IPAD.png","datePublished":"2020-08-03T12:21:09+00:00","dateModified":"2024-04-30T15:26:02+00:00","breadcrumb":{"@id":"https:\/\/skimai.com\/contact-us-2\/#breadcrumb"},"inLanguage":"de","potentialAction":[{"@type":"ReadAction","target":["https:\/\/skimai.com\/contact-us-2\/"]}]},{"@type":"ImageObject","inLanguage":"de","@id":"https:\/\/skimai.com\/contact-us-2\/#primaryimage","url":"http:\/\/skimai.com\/wp-content\/uploads\/2020\/07\/IPAD.png","contentUrl":"http:\/\/skimai.com\/wp-content\/uploads\/2020\/07\/IPAD.png"},{"@type":"BreadcrumbList","@id":"https:\/\/skimai.com\/contact-us-2\/#breadcrumb","itemListElement":[{"@type":"ListItem","position":1,"name":"Home","item":"https:\/\/skimai.com\/"},{"@type":"ListItem","position":2,"name":"Contact"}]},{"@type":"WebSite","@id":"https:\/\/skimai.com\/uk\/#website","url":"https:\/\/skimai.com\/uk\/","name":"Skim AI","description":"Die AI Agent Workforce Plattform","publisher":{"@id":"https:\/\/skimai.com\/uk\/#organization"},"potentialAction":[{"@type":"SearchAction","target":{"@type":"EntryPoint","urlTemplate":"https:\/\/skimai.com\/uk\/?s={search_term_string}"},"query-input":{"@type":"PropertyValueSpecification","valueRequired":true,"valueName":"search_term_string"}}],"inLanguage":"de"},{"@type":"Organization","@id":"https:\/\/skimai.com\/uk\/#organization","name":"Skim AI","url":"https:\/\/skimai.com\/uk\/","logo":{"@type":"ImageObject","inLanguage":"de","@id":"https:\/\/skimai.com\/uk\/#\/schema\/logo\/image\/","url":"http:\/\/skimai.com\/wp-content\/uploads\/2020\/07\/SKIM-AI-Header-Logo.png","contentUrl":"http:\/\/skimai.com\/wp-content\/uploads\/2020\/07\/SKIM-AI-Header-Logo.png","width":194,"height":58,"caption":"Skim AI"},"image":{"@id":"https:\/\/skimai.com\/uk\/#\/schema\/logo\/image\/"},"sameAs":["https:\/\/www.linkedin.com\/company\/skim-ai"]}]}},"_links":{"self":[{"href":"https:\/\/skimai.com\/de\/wp-json\/wp\/v2\/pages\/3435","targetHints":{"allow":["GET"]}}],"collection":[{"href":"https:\/\/skimai.com\/de\/wp-json\/wp\/v2\/pages"}],"about":[{"href":"https:\/\/skimai.com\/de\/wp-json\/wp\/v2\/types\/page"}],"author":[{"embeddable":true,"href":"https:\/\/skimai.com\/de\/wp-json\/wp\/v2\/users\/1003"}],"replies":[{"embeddable":true,"href":"https:\/\/skimai.com\/de\/wp-json\/wp\/v2\/comments?post=3435"}],"version-history":[{"count":0,"href":"https:\/\/skimai.com\/de\/wp-json\/wp\/v2\/pages\/3435\/revisions"}],"wp:attachment":[{"href":"https:\/\/skimai.com\/de\/wp-json\/wp\/v2\/media?parent=3435"}],"curies":[{"name":"wp","href":"https:\/\/api.w.org\/{rel}","templated":true}]}}