{"id":2513,"date":"2019-11-04T16:19:24","date_gmt":"2019-11-04T16:19:24","guid":{"rendered":"http:\/\/skimai.com\/?page_id=2513"},"modified":"2023-07-10T19:04:36","modified_gmt":"2023-07-10T19:04:36","slug":"umschreibungswerkzeuge","status":"publish","type":"page","link":"https:\/\/skimai.com\/de\/paraphrase-tools\/","title":{"rendered":"Umschreibungs-Tools"},"content":{"rendered":"<h1>Kostenlose Online-Umschreibungshilfen<\/h1>\n<pre><code>        <a href=\"https:\/\/chrome.google.com\/webstore\/detail\/1-click-summarizer-web-to\/pndpokngaffecpfmicdfeibpgkpofebn\">\n                    Kostenlos installieren\n                <\/a>\n                                            <img decoding=\"async\" width=\"683\" height=\"768\" src=\"http:\/\/skimai.com\/wp-content\/uploads\/2019\/11\/paraphrase-tool-683x768.png\" alt=\"Umschreibungswerkzeug e1572884136770\" loading=\"lazy\" srcset=\"http:\/\/skimai.com\/wp-content\/uploads\/2019\/11\/paraphrase-tool-683x768.png 683w, http:\/\/skimai.com\/wp-content\/uploads\/2019\/11\/paraphrase-tool-267x300.png 267w, http:\/\/skimai.com\/wp-content\/uploads\/2019\/11\/paraphrase-tool-320x360.png 320w, http:\/\/skimai.com\/wp-content\/uploads\/2019\/11\/paraphrase-tool-640x720.png 640w, http:\/\/skimai.com\/wp-content\/uploads\/2019\/11\/paraphrase-tool-360x405.png 360w, http:\/\/skimai.com\/wp-content\/uploads\/2019\/11\/paraphrase-tool-720x810.png 720w, http:\/\/skimai.com\/wp-content\/uploads\/2019\/11\/paraphrase-tool-768x864.png 768w, http:\/\/skimai.com\/wp-content\/uploads\/2019\/11\/paraphrase-tool-800x900.png 800w, http:\/\/skimai.com\/wp-content\/uploads\/2019\/11\/paraphrase-tool-300x338.png 300w, http:\/\/skimai.com\/wp-content\/uploads\/2019\/11\/paraphrase-tool-600x675.png 600w, http:\/\/skimai.com\/wp-content\/uploads\/2019\/11\/paraphrase-tool-e1572884136770.png 619w\" sizes=\"auto, (max-width: 683px) 100vw, 683px\" \/>                                                     \n        <h2>Paraphrase ohne Plagiat<\/h2>      \n    Mit den KI-unterst\u00fctzten Funktionen von Skim k\u00f6nnen Sie nur die wichtigsten Punkte aus einem beliebigen Text herauslesen, egal ob es sich um einen Online-Artikel oder ein hochgeladenes PDF handelt.<\/p>        \n        <a href=\"https:\/\/chrome.google.com\/webstore\/detail\/1-click-summarizer-web-to\/pndpokngaffecpfmicdfeibpgkpofebn\">\n                    Kostenlos ausprobieren\n                <\/a>\n        <h2>Unsere Paraphrase-Tools<\/h2>       \n        <h2>Importieren Sie Ihre eigenen Ressourcen<\/h2>      \n        <h2>1-Klick-Zusammenfassungen &amp; Faktenextraktion<\/h2>        \n        <h2>Quellen f\u00fcr einfache Zitate speichern<\/h2>     \n    <p>Importieren Sie ein beliebiges eBook, einen Gesch\u00e4ftsfall, einen wissenschaftlichen Artikel oder eine andere PDF-Ressource und nutzen Sie die Funktionen von Skim AI f\u00fcr Ihre eigenen Ressourcen sowie f\u00fcr jeden Online-Artikel.<\/code><\/pre>\n<p>Fassen Sie jeden Text mit einem Klick zusammen. K\u00fcrzen Sie Ihre Ressource auf 10 bis 35% ihrer urspr\u00fcnglichen L\u00e4nge, um den gew\u00fcnschten Detailgrad zu erhalten.<\/p>\n<p>Sie m\u00f6chten Ihre Quellen f\u00fcr sp\u00e4tere Zitate speichern? Speichern Sie die Originalquelle, die Online-Zusammenfassung und die Quelle, damit Sie sie sp\u00e4ter leicht wiederfinden und zitieren k\u00f6nnen.<\/p>\n<pre><code>    <p style=\"text-align: center;\"><a href=\"http:\/\/skimai.com\/de\/use-cases\/\">Erfahren Sie mehr \u00fcber die Forschungsmanagement-Tools von Skim AI<\/a><\/p>     \n                                            <img decoding=\"async\" src=\"http:\/\/skimai.com\/wp-content\/uploads\/2019\/09\/190919-Ipad-Toolbar-1366x768.png\" title=\"\" alt=\"\" loading=\"lazy\" \/>                                                     \n    <p>Laden Sie die KI-f\u00e4hige Chrome-Erweiterung kostenlos herunter!<\/p>      \n                                                <a href=\"https:\/\/chrome.google.com\/webstore\/detail\/1-click-summarizer-web-to\/pndpokngaffecpfmicdfeibpgkpofebn\">\n                        <img decoding=\"async\" width=\"300\" height=\"91\" src=\"http:\/\/skimai.com\/wp-content\/uploads\/2019\/09\/Chrome-badge-300x91.png\" alt=\"Chrom-Plakette\" loading=\"lazy\" srcset=\"http:\/\/skimai.com\/wp-content\/uploads\/2019\/09\/Chrome-badge-300x91.png 300w, http:\/\/skimai.com\/wp-content\/uploads\/2019\/09\/Chrome-badge-320x97.png 320w, http:\/\/skimai.com\/wp-content\/uploads\/2019\/09\/Chrome-badge-360x109.png 360w, http:\/\/skimai.com\/wp-content\/uploads\/2019\/09\/Chrome-badge.png 496w\" sizes=\"auto, (max-width: 300px) 100vw, 300px\" \/>                             <\/a>\n    <p><a href=\"https:\/\/chrome.google.com\/webstore\/detail\/1-click-summarizer-web-to\/pndpokngaffecpfmicdfeibpgkpofebn\">Klicken Sie hier zum Herunterladen<\/a><\/p>        \n        <h2>Suchen Sie eine Unternehmensl\u00f6sung?<\/h2>        \n        <h2>Unsere Unternehmensl\u00f6sungen unterst\u00fctzen Sie und Ihr Team bei der Organisation, der Zusammenarbeit und dem Abruf von Daten aus Ihrer eigenen Datenbank. Das Beste daran ist, dass Sie dies ohne die Hilfe eines NLP-Experten oder Datenanalysten tun k\u00f6nnen. Vereinbaren Sie einen Termin mit unserem Team, um mehr zu erfahren.<\/h2>        \n        <a href=\"http:\/\/skimai.com\/de\/enterprise-contact-us\/\" target=\"_blank\" rel=\"noopener\">\n                    Demo anfordern\n                <\/a><\/code><\/pre>","protected":false},"excerpt":{"rendered":"<p>Free Online Paraphrase Tools Install for Free Paraphrase without plagiarism With Skim&#8217;s AI-enabled features, you can gather only the important points from any text, whether it&#8217;s an online article or uploaded PDF. Try it for Free Our Paraphrase Tools Import your own resources 1-Click Summaries &amp; Fact Extraction save Sources for easy citation Import any [&hellip;]<\/p>\n","protected":false},"author":1003,"featured_media":0,"parent":0,"menu_order":0,"comment_status":"closed","ping_status":"closed","template":"elementor_header_footer","meta":{"_et_pb_use_builder":"","_et_pb_old_content":"","_et_gb_content_width":"","footnotes":""},"class_list":["post-2513","page","type-page","status-publish","hentry"],"yoast_head":"<!-- This site is optimized with the Yoast SEO plugin v24.1 - https:\/\/yoast.com\/wordpress\/plugins\/seo\/ -->\n<title>Paraphrase Tools - Free Online Paraphrasing - Skim AI<\/title>\n<meta name=\"description\" content=\"Free Online Paraphrase Tools by Skim AI help you create original content easily. Install the Chrome Extension for free today!\" \/>\n<meta name=\"robots\" content=\"index, follow, max-snippet:-1, max-image-preview:large, max-video-preview:-1\" \/>\n<link rel=\"canonical\" href=\"https:\/\/skimai.com\/de\/umschreibungswerkzeuge\/\" \/>\n<meta property=\"og:locale\" content=\"de_DE\" \/>\n<meta property=\"og:type\" content=\"article\" \/>\n<meta property=\"og:title\" content=\"Paraphrase Tools - Free Online Paraphrasing - Skim AI\" \/>\n<meta property=\"og:description\" content=\"Free Online Paraphrase Tools by Skim AI help you create original content easily. Install the Chrome Extension for free today!\" \/>\n<meta property=\"og:url\" content=\"https:\/\/skimai.com\/de\/umschreibungswerkzeuge\/\" \/>\n<meta property=\"og:site_name\" content=\"Skim AI\" \/>\n<meta property=\"article:modified_time\" content=\"2023-07-10T19:04:36+00:00\" \/>\n<meta property=\"og:image\" content=\"http:\/\/skimai.com\/wp-content\/uploads\/2019\/11\/paraphrase-tool-683x768.png\" \/>\n<meta name=\"twitter:card\" content=\"summary_large_image\" \/>\n<meta name=\"twitter:label1\" content=\"Gesch\u00e4tzte Lesezeit\" \/>\n\t<meta name=\"twitter:data1\" content=\"1\u00a0Minute\" \/>\n<script type=\"application\/ld+json\" class=\"yoast-schema-graph\">{\"@context\":\"https:\/\/schema.org\",\"@graph\":[{\"@type\":\"WebPage\",\"@id\":\"https:\/\/skimai.com\/paraphrase-tools\/\",\"url\":\"https:\/\/skimai.com\/paraphrase-tools\/\",\"name\":\"Paraphrase Tools - Free Online Paraphrasing - Skim AI\",\"isPartOf\":{\"@id\":\"https:\/\/skimai.com\/uk\/#website\"},\"primaryImageOfPage\":{\"@id\":\"https:\/\/skimai.com\/paraphrase-tools\/#primaryimage\"},\"image\":{\"@id\":\"https:\/\/skimai.com\/paraphrase-tools\/#primaryimage\"},\"thumbnailUrl\":\"http:\/\/skimai.com\/wp-content\/uploads\/2019\/11\/paraphrase-tool-683x768.png\",\"datePublished\":\"2019-11-04T16:19:24+00:00\",\"dateModified\":\"2023-07-10T19:04:36+00:00\",\"description\":\"Free Online Paraphrase Tools by Skim AI help you create original content easily. Install the Chrome Extension for free today!\",\"breadcrumb\":{\"@id\":\"https:\/\/skimai.com\/paraphrase-tools\/#breadcrumb\"},\"inLanguage\":\"de\",\"potentialAction\":[{\"@type\":\"ReadAction\",\"target\":[\"https:\/\/skimai.com\/paraphrase-tools\/\"]}]},{\"@type\":\"ImageObject\",\"inLanguage\":\"de\",\"@id\":\"https:\/\/skimai.com\/paraphrase-tools\/#primaryimage\",\"url\":\"http:\/\/skimai.com\/wp-content\/uploads\/2019\/11\/paraphrase-tool-683x768.png\",\"contentUrl\":\"http:\/\/skimai.com\/wp-content\/uploads\/2019\/11\/paraphrase-tool-683x768.png\"},{\"@type\":\"BreadcrumbList\",\"@id\":\"https:\/\/skimai.com\/paraphrase-tools\/#breadcrumb\",\"itemListElement\":[{\"@type\":\"ListItem\",\"position\":1,\"name\":\"Home\",\"item\":\"https:\/\/skimai.com\/\"},{\"@type\":\"ListItem\",\"position\":2,\"name\":\"Paraphrase Tools\"}]},{\"@type\":\"WebSite\",\"@id\":\"https:\/\/skimai.com\/uk\/#website\",\"url\":\"https:\/\/skimai.com\/uk\/\",\"name\":\"Skim AI\",\"description\":\"The AI Agent Workforce Platform\",\"publisher\":{\"@id\":\"https:\/\/skimai.com\/uk\/#organization\"},\"potentialAction\":[{\"@type\":\"SearchAction\",\"target\":{\"@type\":\"EntryPoint\",\"urlTemplate\":\"https:\/\/skimai.com\/uk\/?s={search_term_string}\"},\"query-input\":{\"@type\":\"PropertyValueSpecification\",\"valueRequired\":true,\"valueName\":\"search_term_string\"}}],\"inLanguage\":\"de\"},{\"@type\":\"Organization\",\"@id\":\"https:\/\/skimai.com\/uk\/#organization\",\"name\":\"Skim AI\",\"url\":\"https:\/\/skimai.com\/uk\/\",\"logo\":{\"@type\":\"ImageObject\",\"inLanguage\":\"de\",\"@id\":\"https:\/\/skimai.com\/uk\/#\/schema\/logo\/image\/\",\"url\":\"http:\/\/skimai.com\/wp-content\/uploads\/2020\/07\/SKIM-AI-Header-Logo.png\",\"contentUrl\":\"http:\/\/skimai.com\/wp-content\/uploads\/2020\/07\/SKIM-AI-Header-Logo.png\",\"width\":194,\"height\":58,\"caption\":\"Skim AI\"},\"image\":{\"@id\":\"https:\/\/skimai.com\/uk\/#\/schema\/logo\/image\/\"},\"sameAs\":[\"https:\/\/www.linkedin.com\/company\/skim-ai\"]}]}<\/script>\n<!-- \/ Yoast SEO plugin. -->","yoast_head_json":{"title":"Paraphrase Tools - Kostenlose Online-Umschreibung - Skim AI","description":"Mit den kostenlosen Online-Paraphrase-Tools von Skim AI k\u00f6nnen Sie ganz einfach originelle Inhalte erstellen. Installieren Sie die kostenlose Chrome-Erweiterung noch heute!","robots":{"index":"index","follow":"follow","max-snippet":"max-snippet:-1","max-image-preview":"max-image-preview:large","max-video-preview":"max-video-preview:-1"},"canonical":"https:\/\/skimai.com\/de\/umschreibungswerkzeuge\/","og_locale":"de_DE","og_type":"article","og_title":"Paraphrase Tools - Free Online Paraphrasing - Skim AI","og_description":"Free Online Paraphrase Tools by Skim AI help you create original content easily. Install the Chrome Extension for free today!","og_url":"https:\/\/skimai.com\/de\/umschreibungswerkzeuge\/","og_site_name":"Skim AI","article_modified_time":"2023-07-10T19:04:36+00:00","og_image":[{"url":"http:\/\/skimai.com\/wp-content\/uploads\/2019\/11\/paraphrase-tool-683x768.png","type":"","width":"","height":""}],"twitter_card":"summary_large_image","twitter_misc":{"Gesch\u00e4tzte Lesezeit":"1\u00a0Minute"},"schema":{"@context":"https:\/\/schema.org","@graph":[{"@type":"WebPage","@id":"https:\/\/skimai.com\/paraphrase-tools\/","url":"https:\/\/skimai.com\/paraphrase-tools\/","name":"Paraphrase Tools - Kostenlose Online-Umschreibung - Skim AI","isPartOf":{"@id":"https:\/\/skimai.com\/uk\/#website"},"primaryImageOfPage":{"@id":"https:\/\/skimai.com\/paraphrase-tools\/#primaryimage"},"image":{"@id":"https:\/\/skimai.com\/paraphrase-tools\/#primaryimage"},"thumbnailUrl":"http:\/\/skimai.com\/wp-content\/uploads\/2019\/11\/paraphrase-tool-683x768.png","datePublished":"2019-11-04T16:19:24+00:00","dateModified":"2023-07-10T19:04:36+00:00","description":"Mit den kostenlosen Online-Paraphrase-Tools von Skim AI k\u00f6nnen Sie ganz einfach originelle Inhalte erstellen. Installieren Sie die kostenlose Chrome-Erweiterung noch heute!","breadcrumb":{"@id":"https:\/\/skimai.com\/paraphrase-tools\/#breadcrumb"},"inLanguage":"de","potentialAction":[{"@type":"ReadAction","target":["https:\/\/skimai.com\/paraphrase-tools\/"]}]},{"@type":"ImageObject","inLanguage":"de","@id":"https:\/\/skimai.com\/paraphrase-tools\/#primaryimage","url":"http:\/\/skimai.com\/wp-content\/uploads\/2019\/11\/paraphrase-tool-683x768.png","contentUrl":"http:\/\/skimai.com\/wp-content\/uploads\/2019\/11\/paraphrase-tool-683x768.png"},{"@type":"BreadcrumbList","@id":"https:\/\/skimai.com\/paraphrase-tools\/#breadcrumb","itemListElement":[{"@type":"ListItem","position":1,"name":"Home","item":"https:\/\/skimai.com\/"},{"@type":"ListItem","position":2,"name":"Paraphrase Tools"}]},{"@type":"WebSite","@id":"https:\/\/skimai.com\/uk\/#website","url":"https:\/\/skimai.com\/uk\/","name":"Skim AI","description":"Die AI Agent Workforce Plattform","publisher":{"@id":"https:\/\/skimai.com\/uk\/#organization"},"potentialAction":[{"@type":"SearchAction","target":{"@type":"EntryPoint","urlTemplate":"https:\/\/skimai.com\/uk\/?s={search_term_string}"},"query-input":{"@type":"PropertyValueSpecification","valueRequired":true,"valueName":"search_term_string"}}],"inLanguage":"de"},{"@type":"Organization","@id":"https:\/\/skimai.com\/uk\/#organization","name":"Skim AI","url":"https:\/\/skimai.com\/uk\/","logo":{"@type":"ImageObject","inLanguage":"de","@id":"https:\/\/skimai.com\/uk\/#\/schema\/logo\/image\/","url":"http:\/\/skimai.com\/wp-content\/uploads\/2020\/07\/SKIM-AI-Header-Logo.png","contentUrl":"http:\/\/skimai.com\/wp-content\/uploads\/2020\/07\/SKIM-AI-Header-Logo.png","width":194,"height":58,"caption":"Skim AI"},"image":{"@id":"https:\/\/skimai.com\/uk\/#\/schema\/logo\/image\/"},"sameAs":["https:\/\/www.linkedin.com\/company\/skim-ai"]}]}},"_links":{"self":[{"href":"https:\/\/skimai.com\/de\/wp-json\/wp\/v2\/pages\/2513","targetHints":{"allow":["GET"]}}],"collection":[{"href":"https:\/\/skimai.com\/de\/wp-json\/wp\/v2\/pages"}],"about":[{"href":"https:\/\/skimai.com\/de\/wp-json\/wp\/v2\/types\/page"}],"author":[{"embeddable":true,"href":"https:\/\/skimai.com\/de\/wp-json\/wp\/v2\/users\/1003"}],"replies":[{"embeddable":true,"href":"https:\/\/skimai.com\/de\/wp-json\/wp\/v2\/comments?post=2513"}],"version-history":[{"count":0,"href":"https:\/\/skimai.com\/de\/wp-json\/wp\/v2\/pages\/2513\/revisions"}],"wp:attachment":[{"href":"https:\/\/skimai.com\/de\/wp-json\/wp\/v2\/media?parent=2513"}],"curies":[{"name":"wp","href":"https:\/\/api.w.org\/{rel}","templated":true}]}}