{"id":2476,"date":"2019-10-25T09:00:32","date_gmt":"2019-10-25T09:00:32","guid":{"rendered":"http:\/\/skimai.com\/?page_id=2476"},"modified":"2023-07-10T19:04:10","modified_gmt":"2023-07-10T19:04:10","slug":"online-zusammenfassungstool","status":"publish","type":"page","link":"https:\/\/skimai.com\/de\/online-summarization-tool\/","title":{"rendered":"Online-Zusammenfassungswerkzeug"},"content":{"rendered":"<h3>Zusammenfassungen in 1-Klick mit Skim AI's kostenlos generieren<\/h3>\n<pre><code>        <h1>Online-Zusammenfassungswerkzeug<\/h1>      \n                                            <img decoding=\"async\" width=\"619\" height=\"610\" src=\"http:\/\/skimai.com\/wp-content\/uploads\/2019\/10\/Graphic-1.png\" alt=\"Grafik 1\" loading=\"lazy\" srcset=\"http:\/\/skimai.com\/wp-content\/uploads\/2019\/10\/Graphic-1.png 619w, http:\/\/skimai.com\/wp-content\/uploads\/2019\/10\/Graphic-1-300x296.png 300w, http:\/\/skimai.com\/wp-content\/uploads\/2019\/10\/Graphic-1-320x315.png 320w, http:\/\/skimai.com\/wp-content\/uploads\/2019\/10\/Graphic-1-360x355.png 360w, http:\/\/skimai.com\/wp-content\/uploads\/2019\/10\/Graphic-1-600x591.png 600w, http:\/\/skimai.com\/wp-content\/uploads\/2019\/10\/Graphic-1-100x100.png 100w\" sizes=\"auto, (max-width: 619px) 100vw, 619px\" \/>                                                       \n        <h2>Einfache Online-Zusammenfassung<\/h2>      \n    Sparen Sie Zeit beim Lesen, ohne die wichtigsten Punkte des Textes zu verpassen. Mit dem Online-Zusammenfassungstool von Skim AI k\u00f6nnen Sie jeden Online-Artikel oder Ihre eigene hochgeladene PDF-Datei in Sekundenschnelle mit einem einzigen Klick zusammenfassen.<\/p>        \n        <a href=\"https:\/\/chrome.google.com\/webstore\/detail\/1-click-summarizer-web-to\/pndpokngaffecpfmicdfeibpgkpofebn\">\n                    Kostenlos ausprobieren\n                <\/a>\n        <h2>Fassen Sie Ihren Weg zusammen<\/h2>     \n        <h2>Eigene Ressourcen absch\u00f6pfen<\/h2>        \n        <h2>Anpassen der L\u00e4nge der Zusammenfassung<\/h2>       \n        <h2>Quellen f\u00fcr einfache Zitate speichern<\/h2>     \n                                            <img decoding=\"async\" width=\"150\" height=\"150\" src=\"http:\/\/skimai.com\/wp-content\/uploads\/2019\/09\/5.png\" alt=\"5\" loading=\"lazy\" srcset=\"http:\/\/skimai.com\/wp-content\/uploads\/2019\/09\/5.png 150w, http:\/\/skimai.com\/wp-content\/uploads\/2019\/09\/5-100x100.png 100w\" sizes=\"auto, (max-width: 150px) 100vw, 150px\" \/>                                                       \n                                            <img decoding=\"async\" width=\"150\" height=\"150\" src=\"http:\/\/skimai.com\/wp-content\/uploads\/2019\/09\/3.png\" alt=\"3\" loading=\"lazy\" srcset=\"http:\/\/skimai.com\/wp-content\/uploads\/2019\/09\/3.png 150w, http:\/\/skimai.com\/wp-content\/uploads\/2019\/09\/3-100x100.png 100w\" sizes=\"auto, (max-width: 150px) 100vw, 150px\" \/>                                                       \n                                            <img decoding=\"async\" width=\"150\" height=\"150\" src=\"http:\/\/skimai.com\/wp-content\/uploads\/2019\/09\/4.png\" alt=\"4\" loading=\"lazy\" srcset=\"http:\/\/skimai.com\/wp-content\/uploads\/2019\/09\/4.png 150w, http:\/\/skimai.com\/wp-content\/uploads\/2019\/09\/4-100x100.png 100w\" sizes=\"auto, (max-width: 150px) 100vw, 150px\" \/>                                                       \n    <p>Importieren Sie ein beliebiges eBook, einen Gesch\u00e4ftsfall, einen wissenschaftlichen Artikel oder eine andere PDF-Ressource und nutzen Sie das Online-Zusammenfassungstool von Skim AI f\u00fcr Ihre eigenen Ressourcen sowie f\u00fcr beliebige Online-Artikel.<\/code><\/pre>\n<p>Verwenden Sie den Schieberegler f\u00fcr die L\u00e4nge der Zusammenfassung, um die Tiefe der Zusammenfassung anzupassen. Je nach gew\u00fcnschtem Detailgrad k\u00f6nnen Sie zwischen 10% und 35% der urspr\u00fcnglichen Textl\u00e4nge w\u00e4hlen.<\/p>\n<p>Sie m\u00f6chten Ihre Quellen f\u00fcr sp\u00e4tere Zitate speichern? Speichern Sie die Originalquelle, die Online-Zusammenfassung und die Quelle, damit Sie sie sp\u00e4ter leicht wiederfinden und zitieren k\u00f6nnen.<\/p>\n<pre><code>                                            <img decoding=\"async\" width=\"700\" height=\"556\" src=\"http:\/\/skimai.com\/wp-content\/uploads\/2020\/07\/IPAD-768x610.png\" alt=\"IPAD\" loading=\"lazy\" srcset=\"http:\/\/skimai.com\/wp-content\/uploads\/2020\/07\/IPAD-768x610.png 768w, http:\/\/skimai.com\/wp-content\/uploads\/2020\/07\/IPAD-300x238.png 300w, http:\/\/skimai.com\/wp-content\/uploads\/2020\/07\/IPAD.png 967w\" sizes=\"auto, (max-width: 700px) 100vw, 700px\" \/>                                                      \n    <p>Laden Sie die KI-f\u00e4hige Chrome-Erweiterung kostenlos herunter!<\/p>      \n                                                <a href=\"https:\/\/chrome.google.com\/webstore\/detail\/1-click-summarizer-web-to\/pndpokngaffecpfmicdfeibpgkpofebn\">\n                        <img decoding=\"async\" width=\"300\" height=\"91\" src=\"http:\/\/skimai.com\/wp-content\/uploads\/2019\/09\/Chrome-badge-300x91.png\" alt=\"Chrom-Plakette\" loading=\"lazy\" srcset=\"http:\/\/skimai.com\/wp-content\/uploads\/2019\/09\/Chrome-badge-300x91.png 300w, http:\/\/skimai.com\/wp-content\/uploads\/2019\/09\/Chrome-badge-320x97.png 320w, http:\/\/skimai.com\/wp-content\/uploads\/2019\/09\/Chrome-badge-360x109.png 360w, http:\/\/skimai.com\/wp-content\/uploads\/2019\/09\/Chrome-badge.png 496w\" sizes=\"auto, (max-width: 300px) 100vw, 300px\" \/>                             <\/a>\n    <p><a href=\"https:\/\/chrome.google.com\/webstore\/detail\/1-click-summarizer-web-to\/pndpokngaffecpfmicdfeibpgkpofebn\">Klicken Sie hier zum Herunterladen<\/a><\/p>        \n        <h2>Suchen Sie eine Unternehmensl\u00f6sung?<\/h2>        \n        <h2>Unsere Unternehmensl\u00f6sungen unterst\u00fctzen Sie und Ihr Team bei der Organisation, der Zusammenarbeit und dem Abruf von Daten aus Ihrer eigenen Datenbank. Das Beste daran ist, dass Sie dies ohne die Hilfe eines NLP-Experten oder Datenanalysten tun k\u00f6nnen. Vereinbaren Sie einen Termin mit unserem Team, um mehr zu erfahren.<\/h2>        \n        <a href=\"http:\/\/skimai.com\/de\/contact\/\" target=\"_blank\" rel=\"noopener\">\n                    Demo anfordern\n                <\/a><\/code><\/pre>","protected":false},"excerpt":{"rendered":"<p>Generate Summaries in 1-Click with Skim AI&#8217;s free Online Summarization Tool Easy Online Summarization Save time reading without missing out on the important points from the text. With Skim AI&#8217;s online summarization tool, quickly summarize any online article or your own uploaded PDF in seconds with a single click. Try it for Free Summarize your [&hellip;]<\/p>\n","protected":false},"author":1003,"featured_media":2429,"parent":0,"menu_order":0,"comment_status":"closed","ping_status":"closed","template":"elementor_header_footer","meta":{"_et_pb_use_builder":"","_et_pb_old_content":"","_et_gb_content_width":"","footnotes":""},"class_list":["post-2476","page","type-page","status-publish","has-post-thumbnail","hentry"],"yoast_head":"<!-- This site is optimized with the Yoast SEO plugin v24.1 - https:\/\/yoast.com\/wordpress\/plugins\/seo\/ -->\n<title>Online Summarization Tool - Free 1-Click Summaries - Skim AI<\/title>\n<meta name=\"description\" content=\"Generate 1-click summaries from any online article or PDF with Skim AI&#039;s free online summarization tool. Save time without missing what&#039;s important.\" \/>\n<meta name=\"robots\" content=\"index, follow, max-snippet:-1, max-image-preview:large, max-video-preview:-1\" \/>\n<link rel=\"canonical\" href=\"https:\/\/skimai.com\/de\/online-zusammenfassungstool\/\" \/>\n<meta property=\"og:locale\" content=\"de_DE\" \/>\n<meta property=\"og:type\" content=\"article\" \/>\n<meta property=\"og:title\" content=\"Online Summarization Tool - Free 1-Click Summaries - Skim AI\" \/>\n<meta property=\"og:description\" content=\"Generate 1-click summaries from any online article or PDF with Skim AI&#039;s free online summarization tool. Save time without missing what&#039;s important.\" \/>\n<meta property=\"og:url\" content=\"https:\/\/skimai.com\/de\/online-zusammenfassungstool\/\" \/>\n<meta property=\"og:site_name\" content=\"Skim AI\" \/>\n<meta property=\"article:modified_time\" content=\"2023-07-10T19:04:10+00:00\" \/>\n<meta property=\"og:image\" content=\"https:\/\/skimai.com\/wp-content\/uploads\/2019\/10\/Graphic-1.png\" \/>\n\t<meta property=\"og:image:width\" content=\"619\" \/>\n\t<meta property=\"og:image:height\" content=\"610\" \/>\n\t<meta property=\"og:image:type\" content=\"image\/png\" \/>\n<meta name=\"twitter:card\" content=\"summary_large_image\" \/>\n<meta name=\"twitter:label1\" content=\"Gesch\u00e4tzte Lesezeit\" \/>\n\t<meta name=\"twitter:data1\" content=\"1\u00a0Minute\" \/>\n<script type=\"application\/ld+json\" class=\"yoast-schema-graph\">{\"@context\":\"https:\/\/schema.org\",\"@graph\":[{\"@type\":\"WebPage\",\"@id\":\"https:\/\/skimai.com\/online-summarization-tool\/\",\"url\":\"https:\/\/skimai.com\/online-summarization-tool\/\",\"name\":\"Online Summarization Tool - Free 1-Click Summaries - Skim AI\",\"isPartOf\":{\"@id\":\"https:\/\/skimai.com\/uk\/#website\"},\"primaryImageOfPage\":{\"@id\":\"https:\/\/skimai.com\/online-summarization-tool\/#primaryimage\"},\"image\":{\"@id\":\"https:\/\/skimai.com\/online-summarization-tool\/#primaryimage\"},\"thumbnailUrl\":\"https:\/\/skimai.com\/wp-content\/uploads\/2019\/10\/Graphic-1.png\",\"datePublished\":\"2019-10-25T09:00:32+00:00\",\"dateModified\":\"2023-07-10T19:04:10+00:00\",\"description\":\"Generate 1-click summaries from any online article or PDF with Skim AI's free online summarization tool. Save time without missing what's important.\",\"breadcrumb\":{\"@id\":\"https:\/\/skimai.com\/online-summarization-tool\/#breadcrumb\"},\"inLanguage\":\"de\",\"potentialAction\":[{\"@type\":\"ReadAction\",\"target\":[\"https:\/\/skimai.com\/online-summarization-tool\/\"]}]},{\"@type\":\"ImageObject\",\"inLanguage\":\"de\",\"@id\":\"https:\/\/skimai.com\/online-summarization-tool\/#primaryimage\",\"url\":\"https:\/\/skimai.com\/wp-content\/uploads\/2019\/10\/Graphic-1.png\",\"contentUrl\":\"https:\/\/skimai.com\/wp-content\/uploads\/2019\/10\/Graphic-1.png\",\"width\":619,\"height\":610,\"caption\":\"Graphic 1\"},{\"@type\":\"BreadcrumbList\",\"@id\":\"https:\/\/skimai.com\/online-summarization-tool\/#breadcrumb\",\"itemListElement\":[{\"@type\":\"ListItem\",\"position\":1,\"name\":\"Home\",\"item\":\"https:\/\/skimai.com\/\"},{\"@type\":\"ListItem\",\"position\":2,\"name\":\"Online Summarization Tool\"}]},{\"@type\":\"WebSite\",\"@id\":\"https:\/\/skimai.com\/uk\/#website\",\"url\":\"https:\/\/skimai.com\/uk\/\",\"name\":\"Skim AI\",\"description\":\"The AI Agent Workforce Platform\",\"publisher\":{\"@id\":\"https:\/\/skimai.com\/uk\/#organization\"},\"potentialAction\":[{\"@type\":\"SearchAction\",\"target\":{\"@type\":\"EntryPoint\",\"urlTemplate\":\"https:\/\/skimai.com\/uk\/?s={search_term_string}\"},\"query-input\":{\"@type\":\"PropertyValueSpecification\",\"valueRequired\":true,\"valueName\":\"search_term_string\"}}],\"inLanguage\":\"de\"},{\"@type\":\"Organization\",\"@id\":\"https:\/\/skimai.com\/uk\/#organization\",\"name\":\"Skim AI\",\"url\":\"https:\/\/skimai.com\/uk\/\",\"logo\":{\"@type\":\"ImageObject\",\"inLanguage\":\"de\",\"@id\":\"https:\/\/skimai.com\/uk\/#\/schema\/logo\/image\/\",\"url\":\"http:\/\/skimai.com\/wp-content\/uploads\/2020\/07\/SKIM-AI-Header-Logo.png\",\"contentUrl\":\"http:\/\/skimai.com\/wp-content\/uploads\/2020\/07\/SKIM-AI-Header-Logo.png\",\"width\":194,\"height\":58,\"caption\":\"Skim AI\"},\"image\":{\"@id\":\"https:\/\/skimai.com\/uk\/#\/schema\/logo\/image\/\"},\"sameAs\":[\"https:\/\/www.linkedin.com\/company\/skim-ai\"]}]}<\/script>\n<!-- \/ Yoast SEO plugin. -->","yoast_head_json":{"title":"Online-Zusammenfassungstool - Kostenlose 1-Klick-Zusammenfassungen - Skim AI","description":"Erstellen Sie mit dem kostenlosen Online-Zusammenfassungstool von Skim AI mit einem Klick Zusammenfassungen aus beliebigen Online-Artikeln oder PDF-Dateien. Sparen Sie Zeit, ohne das Wesentliche zu verpassen.","robots":{"index":"index","follow":"follow","max-snippet":"max-snippet:-1","max-image-preview":"max-image-preview:large","max-video-preview":"max-video-preview:-1"},"canonical":"https:\/\/skimai.com\/de\/online-zusammenfassungstool\/","og_locale":"de_DE","og_type":"article","og_title":"Online Summarization Tool - Free 1-Click Summaries - Skim AI","og_description":"Generate 1-click summaries from any online article or PDF with Skim AI's free online summarization tool. Save time without missing what's important.","og_url":"https:\/\/skimai.com\/de\/online-zusammenfassungstool\/","og_site_name":"Skim AI","article_modified_time":"2023-07-10T19:04:10+00:00","og_image":[{"width":619,"height":610,"url":"https:\/\/skimai.com\/wp-content\/uploads\/2019\/10\/Graphic-1.png","type":"image\/png"}],"twitter_card":"summary_large_image","twitter_misc":{"Gesch\u00e4tzte Lesezeit":"1\u00a0Minute"},"schema":{"@context":"https:\/\/schema.org","@graph":[{"@type":"WebPage","@id":"https:\/\/skimai.com\/online-summarization-tool\/","url":"https:\/\/skimai.com\/online-summarization-tool\/","name":"Online-Zusammenfassungstool - Kostenlose 1-Klick-Zusammenfassungen - Skim AI","isPartOf":{"@id":"https:\/\/skimai.com\/uk\/#website"},"primaryImageOfPage":{"@id":"https:\/\/skimai.com\/online-summarization-tool\/#primaryimage"},"image":{"@id":"https:\/\/skimai.com\/online-summarization-tool\/#primaryimage"},"thumbnailUrl":"https:\/\/skimai.com\/wp-content\/uploads\/2019\/10\/Graphic-1.png","datePublished":"2019-10-25T09:00:32+00:00","dateModified":"2023-07-10T19:04:10+00:00","description":"Erstellen Sie mit dem kostenlosen Online-Zusammenfassungstool von Skim AI mit einem Klick Zusammenfassungen aus beliebigen Online-Artikeln oder PDF-Dateien. Sparen Sie Zeit, ohne das Wesentliche zu verpassen.","breadcrumb":{"@id":"https:\/\/skimai.com\/online-summarization-tool\/#breadcrumb"},"inLanguage":"de","potentialAction":[{"@type":"ReadAction","target":["https:\/\/skimai.com\/online-summarization-tool\/"]}]},{"@type":"ImageObject","inLanguage":"de","@id":"https:\/\/skimai.com\/online-summarization-tool\/#primaryimage","url":"https:\/\/skimai.com\/wp-content\/uploads\/2019\/10\/Graphic-1.png","contentUrl":"https:\/\/skimai.com\/wp-content\/uploads\/2019\/10\/Graphic-1.png","width":619,"height":610,"caption":"Graphic 1"},{"@type":"BreadcrumbList","@id":"https:\/\/skimai.com\/online-summarization-tool\/#breadcrumb","itemListElement":[{"@type":"ListItem","position":1,"name":"Home","item":"https:\/\/skimai.com\/"},{"@type":"ListItem","position":2,"name":"Online Summarization Tool"}]},{"@type":"WebSite","@id":"https:\/\/skimai.com\/uk\/#website","url":"https:\/\/skimai.com\/uk\/","name":"Skim AI","description":"Die AI Agent Workforce Plattform","publisher":{"@id":"https:\/\/skimai.com\/uk\/#organization"},"potentialAction":[{"@type":"SearchAction","target":{"@type":"EntryPoint","urlTemplate":"https:\/\/skimai.com\/uk\/?s={search_term_string}"},"query-input":{"@type":"PropertyValueSpecification","valueRequired":true,"valueName":"search_term_string"}}],"inLanguage":"de"},{"@type":"Organization","@id":"https:\/\/skimai.com\/uk\/#organization","name":"Skim AI","url":"https:\/\/skimai.com\/uk\/","logo":{"@type":"ImageObject","inLanguage":"de","@id":"https:\/\/skimai.com\/uk\/#\/schema\/logo\/image\/","url":"http:\/\/skimai.com\/wp-content\/uploads\/2020\/07\/SKIM-AI-Header-Logo.png","contentUrl":"http:\/\/skimai.com\/wp-content\/uploads\/2020\/07\/SKIM-AI-Header-Logo.png","width":194,"height":58,"caption":"Skim AI"},"image":{"@id":"https:\/\/skimai.com\/uk\/#\/schema\/logo\/image\/"},"sameAs":["https:\/\/www.linkedin.com\/company\/skim-ai"]}]}},"_links":{"self":[{"href":"https:\/\/skimai.com\/de\/wp-json\/wp\/v2\/pages\/2476","targetHints":{"allow":["GET"]}}],"collection":[{"href":"https:\/\/skimai.com\/de\/wp-json\/wp\/v2\/pages"}],"about":[{"href":"https:\/\/skimai.com\/de\/wp-json\/wp\/v2\/types\/page"}],"author":[{"embeddable":true,"href":"https:\/\/skimai.com\/de\/wp-json\/wp\/v2\/users\/1003"}],"replies":[{"embeddable":true,"href":"https:\/\/skimai.com\/de\/wp-json\/wp\/v2\/comments?post=2476"}],"version-history":[{"count":0,"href":"https:\/\/skimai.com\/de\/wp-json\/wp\/v2\/pages\/2476\/revisions"}],"wp:featuredmedia":[{"embeddable":true,"href":"https:\/\/skimai.com\/de\/wp-json\/wp\/v2\/media\/2429"}],"wp:attachment":[{"href":"https:\/\/skimai.com\/de\/wp-json\/wp\/v2\/media?parent=2476"}],"curies":[{"name":"wp","href":"https:\/\/api.w.org\/{rel}","templated":true}]}}