{"id":1119,"date":"2019-03-12T07:04:17","date_gmt":"2019-03-12T07:04:17","guid":{"rendered":"http:\/\/ec2-54-145-54-64.compute-1.amazonaws.com\/?page_id=1119"},"modified":"2023-07-10T19:05:07","modified_gmt":"2023-07-10T19:05:07","slug":"datenschutzbestimmungen","status":"publish","type":"page","link":"https:\/\/skimai.com\/de\/privacy-policy\/","title":{"rendered":"Datenschutzbestimmungen"},"content":{"rendered":"<h5>\n<h1 id=\"ppHeader\">Datenschutzbestimmungen<\/h1>\n<p>&nbsp;&nbsp;Diese Datenschutzrichtlinie wurde zusammengestellt, um denjenigen, die sich Sorgen dar\u00fcber machen, wie ihre \"pers\u00f6nlich identifizierbaren Informationen\" (PII) online verwendet werden, besser zu helfen. PII, wie in den US-Datenschutzgesetzen und der Informationssicherheit beschrieben, sind Informationen, die allein oder zusammen mit anderen Informationen verwendet werden k\u00f6nnen, um eine einzelne Person zu identifizieren, zu kontaktieren oder ausfindig zu machen, oder um eine Person im Kontext zu identifizieren. Bitte lesen Sie unsere Datenschutzrichtlinien sorgf\u00e4ltig durch, um sich ein klares Bild davon zu machen, wie wir Ihre personenbezogenen Daten in \u00dcbereinstimmung mit unserer Website erfassen, verwenden, sch\u00fctzen oder anderweitig behandeln.&nbsp;<\/p>\n<p><strong>Welche pers\u00f6nlichen Daten sammeln wir von den Besuchern unseres Blogs, unserer Website oder unserer App?<\/strong>Bei der Bestellung oder Registrierung auf unserer Website werden Sie gegebenenfalls aufgefordert, Ihren Namen, Ihre E-Mail-Adresse, Ihre Postanschrift, Ihre Telefonnummer, Ihre Kreditkarteninformationen, Ihre Nutzungsdaten oder andere Details einzugeben, die Ihnen bei der Nutzung der Website helfen.<strong><br \/><\/strong><strong>Wann sammeln wir Informationen?<\/strong>Wir sammeln Informationen von Ihnen, wenn Sie sich auf unserer Website registrieren, eine Bestellung aufgeben, auf eine Umfrage antworten oder Informationen auf unserer Website eingeben.<\/p>\n<p>Geben Sie uns ein Feedback zu unseren Produkten oder Dienstleistungen Anwendung verwenden&nbsp;<\/p>\n<p><strong><br \/><\/strong><strong>Wie verwenden wir Ihre Informationen?<\/strong><\/p>\n<p>Wir k\u00f6nnen die Informationen, die wir von Ihnen sammeln, wenn Sie sich registrieren, einen Kauf t\u00e4tigen, sich f\u00fcr unseren Newsletter anmelden, auf eine Umfrage oder Marketingmitteilung antworten, auf der Website surfen oder bestimmte andere Funktionen der Website nutzen, wie folgt verwenden:<\/p>\n<p>&nbsp;&nbsp;&nbsp;&nbsp;&nbsp;&nbsp;<strong>-<\/strong>&nbsp;Um Ihre Erfahrung zu personalisieren und uns zu erm\u00f6glichen, die Art von Inhalten und Produktangeboten zu liefern, an denen Sie am meisten interessiert sind.&nbsp;&nbsp;&nbsp;&nbsp;&nbsp;&nbsp;<strong>-<\/strong>&nbsp;Um unsere Website zu verbessern, damit wir Ihnen besser dienen k\u00f6nnen.&nbsp;&nbsp;&nbsp;&nbsp;&nbsp;&nbsp;<strong>-<\/strong>&nbsp;Damit wir Ihnen bei der Beantwortung Ihrer Kundendienstanfragen besser helfen k\u00f6nnen.&nbsp;&nbsp;&nbsp;&nbsp;&nbsp;&nbsp;<strong>-<\/strong>&nbsp;Um einen Wettbewerb, eine Werbeaktion, eine Umfrage oder eine andere Funktion der Website zu verwalten.&nbsp;&nbsp;&nbsp;&nbsp;&nbsp;&nbsp;<strong>-<\/strong>&nbsp;Um Ihre Transaktionen schnell zu bearbeiten.&nbsp;&nbsp;&nbsp;&nbsp;&nbsp;&nbsp;<strong>-<\/strong>&nbsp;Um Bewertungen und Rezensionen von Dienstleistungen oder Produkten zu erbitten&nbsp;&nbsp;&nbsp;&nbsp;&nbsp;&nbsp;<strong>-<\/strong>&nbsp;Nachfassen nach der Korrespondenz (Live-Chat, E-Mail oder Telefonanfragen)<\/p>\n<p>&nbsp;<\/p>\n<p><strong>Wie sch\u00fctzen wir Ihre Daten?<\/strong><\/p>\n<p>Unsere Website wird regelm\u00e4\u00dfig auf Sicherheitsl\u00fccken und bekannte Schwachstellen \u00fcberpr\u00fcft, um Ihren Besuch auf unserer Website so sicher wie m\u00f6glich zu machen.<\/p>\n<p>Wir f\u00fchren regelm\u00e4\u00dfig Malware-Scans durch.<\/p>\n<p>Ihre pers\u00f6nlichen Daten befinden sich in gesicherten Netzwerken und sind nur f\u00fcr eine begrenzte Anzahl von Personen zug\u00e4nglich, die \u00fcber besondere Zugangsrechte zu diesen Systemen verf\u00fcgen und verpflichtet sind, die Daten vertraulich zu behandeln. Dar\u00fcber hinaus werden alle sensiblen Daten und Kreditinformationen, die Sie uns zur Verf\u00fcgung stellen, \u00fcber die Secure Socket Layer (SSL)-Technologie verschl\u00fcsselt. Wir setzen eine Reihe von Sicherheitsma\u00dfnahmen ein, wenn ein Benutzer eine Bestellung aufgibt, seine Daten eingibt, \u00fcbermittelt oder darauf zugreift, um die Sicherheit Ihrer pers\u00f6nlichen Daten zu gew\u00e4hrleisten.<\/p>\n<p>&nbsp;<\/p>\n<p><strong>Verwenden wir \"Cookies\"?<\/strong>Ja. Cookies sind kleine Dateien, die eine Website oder ihr Dienstanbieter \u00fcber Ihren Webbrowser auf die Festplatte Ihres Computers \u00fcbertr\u00e4gt (sofern Sie dies zulassen), damit die Systeme der Website oder des Dienstanbieters Ihren Browser erkennen und bestimmte Informationen erfassen und speichern k\u00f6nnen. So verwenden wir beispielsweise Cookies, um uns an die Artikel in Ihrem Einkaufswagen zu erinnern und diese zu verarbeiten. Sie helfen uns auch, Ihre Pr\u00e4ferenzen auf der Grundlage fr\u00fcherer oder aktueller Website-Aktivit\u00e4ten zu verstehen, damit wir Ihnen bessere Dienstleistungen anbieten k\u00f6nnen. Wir verwenden Cookies auch, um aggregierte Daten \u00fcber den Website-Verkehr und die Interaktion auf der Website zu sammeln, damit wir in Zukunft bessere Website-Erfahrungen und -Tools anbieten k\u00f6nnen.<strong><br \/><\/strong><strong>Wir verwenden Cookies um:<\/strong>&nbsp;&nbsp;&nbsp;&nbsp;&nbsp;&nbsp;<strong>-<\/strong>&nbsp;Verstehen und speichern Sie die Pr\u00e4ferenzen der Nutzer f\u00fcr zuk\u00fcnftige Besuche.&nbsp;&nbsp;&nbsp;&nbsp;&nbsp;&nbsp;<strong>-<\/strong>&nbsp;Behalten Sie den \u00dcberblick \u00fcber Anzeigen.&nbsp;&nbsp;&nbsp;&nbsp;&nbsp;&nbsp;<strong>-<\/strong>&nbsp;Zusammenfassen von Daten \u00fcber den Website-Verkehr und die Interaktionen auf der Website, um in Zukunft bessere Website-Erfahrungen und -Tools anbieten zu k\u00f6nnen. Sie k\u00f6nnen w\u00e4hlen, ob Ihr Computer Sie jedes Mal warnen soll, wenn ein Cookie gesendet wird, oder ob Sie alle Cookies deaktivieren m\u00f6chten. Sie k\u00f6nnen dies \u00fcber Ihre Browsereinstellungen tun. Da jeder Browser ein wenig anders ist, sollten Sie im Hilfemen\u00fc Ihres Browsers nachsehen, wie Sie Ihre Cookies korrekt \u00e4ndern k\u00f6nnen.<strong><br \/><\/strong><strong>Wenn Nutzer Cookies in ihrem Browser deaktivieren:<\/strong>Wenn Sie Cookies deaktivieren, funktionieren einige der Funktionen, die die Nutzung der Website effizienter machen, m\u00f6glicherweise nicht richtig.<\/p>\n<p>&nbsp;<\/p>\n<p><strong>Offenlegung durch Dritte<\/strong><\/p>\n<p>Wir verkaufen, tauschen oder \u00fcbertragen Ihre personenbezogenen Daten nicht an Dritte, es sei denn, wir informieren die Nutzer im Voraus dar\u00fcber. Davon ausgenommen sind Website-Hosting-Partner und andere Parteien, die uns beim Betrieb unserer Website, bei der Abwicklung unserer Gesch\u00e4fte oder bei der Betreuung unserer Nutzer unterst\u00fctzen, sofern diese Parteien sich verpflichten, diese Informationen vertraulich zu behandeln. Wir k\u00f6nnen Informationen auch freigeben, wenn die Freigabe angemessen ist, um das Gesetz einzuhalten, unsere Website-Richtlinien durchzusetzen oder unsere oder die Rechte, das Eigentum oder die Sicherheit anderer zu sch\u00fctzen.<\/p>\n<p>Allerdings k\u00f6nnen nicht pers\u00f6nlich identifizierbare Besucherinformationen an andere Parteien f\u00fcr Marketing, Werbung oder andere Zwecke weitergegeben werden.<\/p>\n<p>&nbsp;<\/p>\n<p><strong>Links von Dritten<\/strong>Gelegentlich k\u00f6nnen wir nach eigenem Ermessen Produkte oder Dienstleistungen Dritter auf unserer Website einbinden oder anbieten. Diese Websites von Dritten haben separate und unabh\u00e4ngige Datenschutzrichtlinien. Wir \u00fcbernehmen daher keine Verantwortung oder Haftung f\u00fcr den Inhalt und die Aktivit\u00e4ten dieser verlinkten Websites. Nichtsdestotrotz sind wir bestrebt, die Integrit\u00e4t unserer Website zu sch\u00fctzen und freuen uns \u00fcber jedes Feedback zu diesen Websites.<\/p>\n<p>&nbsp;<\/p>\n<p><strong>Google<\/strong><\/p>\n<p>Die Anforderungen von Google an die Werbung lassen sich in den Google-Werbegrunds\u00e4tzen zusammenfassen. Sie wurden aufgestellt, um den Nutzern ein positives Erlebnis zu bieten. https:\/\/support.google.com\/adwordspolicy\/answer\/1316548?hl=en<\/p>\n<p>Wir verwenden Google AdSense-Werbung auf unserer Website. Google als Drittanbieter verwendet Cookies, um Anzeigen auf unserer Website zu schalten. Die Verwendung des DART-Cookies durch Google erm\u00f6glicht es, Anzeigen f\u00fcr unsere Nutzer zu schalten, die auf fr\u00fcheren Besuchen auf unserer Website und anderen Websites im Internet basieren. Nutzer k\u00f6nnen die Verwendung des DART-Cookies deaktivieren, indem sie die Datenschutzbestimmungen des Google-Anzeigen- und Content-Netzwerks aufrufen.<strong><br \/><\/strong><strong>Wir haben die folgenden Ma\u00dfnahmen ergriffen:<\/strong>Wir und Drittanbieter wie Google verwenden Cookies von Erstanbietern (z. B. Google Analytics-Cookies) und Cookies von Drittanbietern (z. B. DoubleClick-Cookies) oder andere Identifikatoren von Drittanbietern, um Daten \u00fcber Nutzerinteraktionen mit Anzeigenimpressionen und anderen Anzeigenservicefunktionen im Zusammenhang mit unserer Website zu sammeln.<strong><br \/><\/strong><strong>Abmeldung:<\/strong><br \/>Nutzer k\u00f6nnen auf der Seite Google-Anzeigeneinstellungen festlegen, wie Google f\u00fcr Sie wirbt. Alternativ k\u00f6nnen Sie sich auf der Deaktivierungsseite der Werbenetzwerkinitiative oder mit dem Browser-Add-on Google Analytics Opt Out abmelden.<\/p>\n<p>&nbsp;<\/p>\n<p><strong>Kalifornisches Gesetz zum Schutz der Privatsph\u00e4re im Internet<\/strong>CalOPPA ist das erste bundesstaatliche Gesetz, das kommerzielle Websites und Online-Dienste dazu verpflichtet, eine Datenschutzrichtlinie zu ver\u00f6ffentlichen. Der Geltungsbereich des Gesetzes geht weit \u00fcber Kalifornien hinaus und verlangt von jeder Person oder jedem Unternehmen in den Vereinigten Staaten (und m\u00f6glicherweise weltweit), die Websites betreiben, auf denen personenbezogene Daten von kalifornischen Verbrauchern erfasst werden, eine gut sichtbare Datenschutzerkl\u00e4rung auf ihrer Website zu ver\u00f6ffentlichen, in der genau angegeben wird, welche Daten erfasst werden und mit welchen Personen oder Unternehmen sie ausgetauscht werden. - Weitere Informationen finden Sie unter: http:\/\/consumercal.org\/california-online-privacy-protection-act-caloppa\/#sthash.0FdRbT51.dpuf<strong><br \/><\/strong><strong>Laut CalOPPA sind wir mit Folgendem einverstanden:<\/strong>Sobald diese Datenschutzrichtlinie erstellt ist, werden wir einen Link zu ihr auf unserer Homepage oder zumindest auf der ersten wichtigen Seite nach dem Betreten unserer Website einf\u00fcgen. Unser Link zur Datenschutzrichtlinie enth\u00e4lt das Wort \"Datenschutz\" und kann leicht auf der oben genannten Seite gefunden werden:&nbsp;&nbsp;&nbsp;&nbsp;&nbsp;&nbsp;<strong>-<\/strong>&nbsp;Auf unserer DatenschutzseiteK\u00f6nnen Sie Ihre pers\u00f6nlichen Daten \u00e4ndern:&nbsp;&nbsp;&nbsp;&nbsp;&nbsp;&nbsp;<strong>-<\/strong>&nbsp;Indem Sie sich bei Ihrem Konto anmelden<strong><br \/><\/strong><strong>Wie behandelt unsere Website \"Do Not Track\"-Signale?<\/strong>Wir beachten keine \"Do Not Track\"-Signale und \"Do Not Track\", setzen keine Cookies und verwenden keine Werbung, wenn ein \"Do Not Track\"-Browsermechanismus (DNT) vorhanden ist. Wir beachten sie nicht, weil: Wir sind ein kleines Unternehmen und wissen noch nicht, wie man das macht.<strong><br \/><\/strong><strong>Erlaubt unsere Website die Verfolgung des Verhaltens von Dritten?<\/strong>Es ist auch wichtig zu wissen, dass wir kein Verhaltenstracking durch Dritte zulassen.<\/p>\n<p>&nbsp;<\/p>\n<p><strong>COPPA (Gesetz zum Schutz der Privatsph\u00e4re von Kindern im Internet)<\/strong><\/p>\n<p>Wenn es um die Erhebung personenbezogener Daten von Kindern unter 13 Jahren geht, haben die Eltern nach dem Children's Online Privacy Protection Act (COPPA) die Kontrolle. Die Federal Trade Commission, die Verbraucherschutzbeh\u00f6rde der Vereinigten Staaten, setzt die COPPA-Regel durch, in der festgelegt ist, was Betreiber von Websites und Online-Diensten tun m\u00fcssen, um die Privatsph\u00e4re und Sicherheit von Kindern im Internet zu sch\u00fctzen.<\/p>\n<p>Wir vermarkten nicht speziell an Kinder unter 13 Jahren. Lassen wir Dritte, einschlie\u00dflich Werbenetzwerke oder Plug-ins, personenbezogene Daten von Kindern unter 13 Jahren sammeln?<\/p>\n<p>&nbsp;<\/p>\n<p><strong>Faire Informationspraktiken<\/strong><\/p>\n<p>Die Fair Information Practices Principles bilden das R\u00fcckgrat des Datenschutzrechts in den Vereinigten Staaten, und die darin enthaltenen Konzepte haben bei der Entwicklung von Datenschutzgesetzen auf der ganzen Welt eine wichtige Rolle gespielt. Das Verst\u00e4ndnis der Fair Information Practice Principles und ihrer Umsetzung ist entscheidend f\u00fcr die Einhaltung der verschiedenen Datenschutzgesetze zum Schutz personenbezogener Daten.<\/p>\n<p><strong><br \/><\/strong><strong>Um den fairen Informationspraktiken gerecht zu werden, werden wir im Falle einer Datenverletzung die folgenden Ma\u00dfnahmen ergreifen:<\/strong>Wir werden Sie per E-Mail benachrichtigen&nbsp;&nbsp;&nbsp;&nbsp;&nbsp;&nbsp;<strong>-<\/strong>&nbsp;Wir stimmen auch dem Grundsatz des individuellen Rechtsbehelfs zu, der besagt, dass Einzelpersonen das Recht haben, einklagbare Rechte gegen Datensammler und -verarbeiter geltend zu machen, die sich nicht an das Gesetz halten. Dieser Grundsatz setzt nicht nur voraus, dass Einzelpersonen durchsetzbare Rechte gegen\u00fcber Datennutzern haben, sondern auch, dass Einzelpersonen sich an Gerichte oder Regierungsbeh\u00f6rden wenden k\u00f6nnen, um die Nichteinhaltung von Vorschriften durch Datenverarbeiter zu untersuchen und\/oder zu verfolgen.<\/p>\n<p>&nbsp;<\/p>\n<p><strong>CAN SPAM-Gesetz<\/strong><\/p>\n<p>Der CAN-SPAM Act ist ein Gesetz, das die Regeln f\u00fcr kommerzielle E-Mails festlegt, Anforderungen f\u00fcr kommerzielle Nachrichten aufstellt, den Empf\u00e4ngern das Recht einr\u00e4umt, den Versand von E-Mails an sie zu unterbinden, und harte Strafen f\u00fcr Verst\u00f6\u00dfe vorsieht.<\/p>\n<p><strong><br \/><\/strong><strong>Wir erfassen Ihre E-Mail-Adresse, um:<\/strong>&nbsp;&nbsp;&nbsp;&nbsp;&nbsp;&nbsp;<strong>-<\/strong>&nbsp;Versenden von Informationen, Beantworten von Anfragen und\/oder anderen Ersuchen oder Fragen&nbsp;&nbsp;&nbsp;&nbsp;&nbsp;&nbsp;<strong>-<\/strong>&nbsp;Bearbeitung von Bestellungen und \u00dcbermittlung von Informationen und Aktualisierungen zu den Bestellungen.&nbsp;&nbsp;&nbsp;&nbsp;&nbsp;&nbsp;<strong>-<\/strong>&nbsp;Ihnen zus\u00e4tzliche Informationen zu Ihrem Produkt und\/oder Ihrer Dienstleistung zusenden&nbsp;&nbsp;&nbsp;&nbsp;&nbsp;&nbsp;<strong>-<\/strong>&nbsp;Vermarktung auf unserer Mailingliste oder weitere Versendung von E-Mails an unsere Kunden, nachdem die urspr\u00fcngliche Transaktion stattgefunden hat.<strong><br \/><\/strong><strong>Um die CANSPAM-Vorschriften einzuhalten, stimmen wir dem Folgenden zu:<\/strong>&nbsp;&nbsp;&nbsp;&nbsp;&nbsp;&nbsp;<strong>-<\/strong>&nbsp;Verwenden Sie keine falschen oder irref\u00fchrenden Betreffe oder E-Mail-Adressen.&nbsp;&nbsp;&nbsp;&nbsp;&nbsp;&nbsp;<strong>-<\/strong>&nbsp;Kennzeichnen Sie die Nachricht in angemessener Weise als Werbung.&nbsp;&nbsp;&nbsp;&nbsp;&nbsp;&nbsp;<strong>-<\/strong>&nbsp;Geben Sie die physische Adresse unseres Gesch\u00e4fts- oder Standortsitzes an.&nbsp;&nbsp;&nbsp;&nbsp;&nbsp;&nbsp;<strong>-<\/strong>&nbsp;\u00dcberwachen Sie E-Mail-Marketingdienste von Drittanbietern auf die Einhaltung der Vorschriften, falls solche Dienste genutzt werden.&nbsp;&nbsp;&nbsp;&nbsp;&nbsp;&nbsp;<strong>-<\/strong>&nbsp;Befolgen Sie Abmelde-\/Abbestellungsanfragen schnell.&nbsp;&nbsp;&nbsp;&nbsp;&nbsp;&nbsp;<strong>-<\/strong>&nbsp;Erm\u00f6glichen Sie es den Nutzern, sich \u00fcber den Link am Ende jeder E-Mail abzumelden.<strong><br \/>Wenn Sie den Erhalt zuk\u00fcnftiger E-Mails jederzeit abbestellen m\u00f6chten, k\u00f6nnen Sie uns eine E-Mail an<\/strong>&nbsp;&nbsp;&nbsp;&nbsp;&nbsp;&nbsp;<strong>-<\/strong>&nbsp;Befolgen Sie die Anweisungen am Ende jeder E-Mail.<\/p>\n<p>und wir werden Sie umgehend aus der Datenbank entfernen.&nbsp;<strong>ALLE<\/strong>&nbsp;Korrespondenz.<\/p>\n<p>&nbsp;<\/p>\n<p><strong>Politik unterliegt \u00c4nderungen<\/strong><\/p>\n<p>&nbsp;<\/p>\n<p>Wenn sich das Unternehmen weiterentwickelt, wird sich die Datenschutzrichtlinie wahrscheinlich \u00e4ndern. Die aktuelle Richtlinie ist keine Garantie daf\u00fcr, dass sich die Bedingungen nicht \u00e4ndern werden, und ist ein gutgl\u00e4ubiger Anfang eines Startups. Sollte sich die Richtlinie \u00e4ndern, werden die Nutzer benachrichtigt und gebeten, sie zu akzeptieren, wenn sie den Dienst weiterhin nutzen m\u00f6chten.<\/p>\n<p>&nbsp;<\/p>\n<p><strong>Kontaktieren Sie uns<\/strong><\/p>\n<p>&nbsp;<\/p>\n<p>Wenn Sie Fragen zu dieser Datenschutzerkl\u00e4rung haben, k\u00f6nnen Sie sich mit uns in Verbindung setzen, indem Sie die nachstehenden Informationen verwenden.<\/p>\n<p>www.skimai.com244 5th Ave STE 2720<\/p>\n<p>NY, NY 10001<\/p>\n<p>U.S.A.support@skimai.comLast Bearbeitet am 2018-03-13<\/p>\n<\/h5>","protected":false},"excerpt":{"rendered":"<p>Privacy Policy &nbsp;&nbsp;This privacy policy has been compiled to better serve those who are concerned with how their &#8216;Personally Identifiable Information&#8217; (PII) is being used online. PII, as described in US privacy law and information security, is information that can be used on its own or with other information to identify, contact, or locate a [&hellip;]<\/p>\n","protected":false},"author":1003,"featured_media":0,"parent":0,"menu_order":0,"comment_status":"closed","ping_status":"closed","template":"elementor_header_footer","meta":{"_et_pb_use_builder":"","_et_pb_old_content":"","_et_gb_content_width":"","footnotes":""},"class_list":["post-1119","page","type-page","status-publish","hentry"],"yoast_head":"<!-- This site is optimized with the Yoast SEO plugin v24.1 - https:\/\/yoast.com\/wordpress\/plugins\/seo\/ -->\n<title>Privacy Policy - Skim AI<\/title>\n<meta name=\"robots\" content=\"index, follow, max-snippet:-1, max-image-preview:large, max-video-preview:-1\" \/>\n<link rel=\"canonical\" href=\"https:\/\/skimai.com\/de\/datenschutzbestimmungen\/\" \/>\n<meta property=\"og:locale\" content=\"de_DE\" \/>\n<meta property=\"og:type\" content=\"article\" \/>\n<meta property=\"og:title\" content=\"Privacy Policy - Skim AI\" \/>\n<meta property=\"og:description\" content=\"Privacy Policy &nbsp;&nbsp;This privacy policy has been compiled to better serve those who are concerned with how their &#8216;Personally Identifiable Information&#8217; (PII) is being used online. PII, as described in US privacy law and information security, is information that can be used on its own or with other information to identify, contact, or locate a [&hellip;]\" \/>\n<meta property=\"og:url\" content=\"https:\/\/skimai.com\/de\/datenschutzbestimmungen\/\" \/>\n<meta property=\"og:site_name\" content=\"Skim AI\" \/>\n<meta property=\"article:modified_time\" content=\"2023-07-10T19:05:07+00:00\" \/>\n<meta name=\"twitter:card\" content=\"summary_large_image\" \/>\n<meta name=\"twitter:label1\" content=\"Gesch\u00e4tzte Lesezeit\" \/>\n\t<meta name=\"twitter:data1\" content=\"10\u00a0Minuten\" \/>\n<script type=\"application\/ld+json\" class=\"yoast-schema-graph\">{\"@context\":\"https:\/\/schema.org\",\"@graph\":[{\"@type\":\"WebPage\",\"@id\":\"https:\/\/skimai.com\/de\/datenschutzbestimmungen\/\",\"url\":\"https:\/\/skimai.com\/de\/datenschutzbestimmungen\/\",\"name\":\"Privacy Policy - Skim AI\",\"isPartOf\":{\"@id\":\"https:\/\/skimai.com\/uk\/#website\"},\"datePublished\":\"2019-03-12T07:04:17+00:00\",\"dateModified\":\"2023-07-10T19:05:07+00:00\",\"breadcrumb\":{\"@id\":\"https:\/\/skimai.com\/de\/datenschutzbestimmungen\/#breadcrumb\"},\"inLanguage\":\"de\",\"potentialAction\":[{\"@type\":\"ReadAction\",\"target\":[\"https:\/\/skimai.com\/de\/datenschutzbestimmungen\/\"]}]},{\"@type\":\"BreadcrumbList\",\"@id\":\"https:\/\/skimai.com\/de\/datenschutzbestimmungen\/#breadcrumb\",\"itemListElement\":[{\"@type\":\"ListItem\",\"position\":1,\"name\":\"Home\",\"item\":\"https:\/\/skimai.com\/\"},{\"@type\":\"ListItem\",\"position\":2,\"name\":\"Privacy Policy\"}]},{\"@type\":\"WebSite\",\"@id\":\"https:\/\/skimai.com\/uk\/#website\",\"url\":\"https:\/\/skimai.com\/uk\/\",\"name\":\"Skim AI\",\"description\":\"The AI Agent Workforce Platform\",\"publisher\":{\"@id\":\"https:\/\/skimai.com\/uk\/#organization\"},\"potentialAction\":[{\"@type\":\"SearchAction\",\"target\":{\"@type\":\"EntryPoint\",\"urlTemplate\":\"https:\/\/skimai.com\/uk\/?s={search_term_string}\"},\"query-input\":{\"@type\":\"PropertyValueSpecification\",\"valueRequired\":true,\"valueName\":\"search_term_string\"}}],\"inLanguage\":\"de\"},{\"@type\":\"Organization\",\"@id\":\"https:\/\/skimai.com\/uk\/#organization\",\"name\":\"Skim AI\",\"url\":\"https:\/\/skimai.com\/uk\/\",\"logo\":{\"@type\":\"ImageObject\",\"inLanguage\":\"de\",\"@id\":\"https:\/\/skimai.com\/uk\/#\/schema\/logo\/image\/\",\"url\":\"http:\/\/skimai.com\/wp-content\/uploads\/2020\/07\/SKIM-AI-Header-Logo.png\",\"contentUrl\":\"http:\/\/skimai.com\/wp-content\/uploads\/2020\/07\/SKIM-AI-Header-Logo.png\",\"width\":194,\"height\":58,\"caption\":\"Skim AI\"},\"image\":{\"@id\":\"https:\/\/skimai.com\/uk\/#\/schema\/logo\/image\/\"},\"sameAs\":[\"https:\/\/www.linkedin.com\/company\/skim-ai\"]}]}<\/script>\n<!-- \/ Yoast SEO plugin. -->","yoast_head_json":{"title":"Datenschutzrichtlinie - Skim AI","robots":{"index":"index","follow":"follow","max-snippet":"max-snippet:-1","max-image-preview":"max-image-preview:large","max-video-preview":"max-video-preview:-1"},"canonical":"https:\/\/skimai.com\/de\/datenschutzbestimmungen\/","og_locale":"de_DE","og_type":"article","og_title":"Privacy Policy - Skim AI","og_description":"Privacy Policy &nbsp;&nbsp;This privacy policy has been compiled to better serve those who are concerned with how their &#8216;Personally Identifiable Information&#8217; (PII) is being used online. PII, as described in US privacy law and information security, is information that can be used on its own or with other information to identify, contact, or locate a [&hellip;]","og_url":"https:\/\/skimai.com\/de\/datenschutzbestimmungen\/","og_site_name":"Skim AI","article_modified_time":"2023-07-10T19:05:07+00:00","twitter_card":"summary_large_image","twitter_misc":{"Gesch\u00e4tzte Lesezeit":"10\u00a0Minuten"},"schema":{"@context":"https:\/\/schema.org","@graph":[{"@type":"WebPage","@id":"https:\/\/skimai.com\/de\/datenschutzbestimmungen\/","url":"https:\/\/skimai.com\/de\/datenschutzbestimmungen\/","name":"Datenschutzrichtlinie - Skim AI","isPartOf":{"@id":"https:\/\/skimai.com\/uk\/#website"},"datePublished":"2019-03-12T07:04:17+00:00","dateModified":"2023-07-10T19:05:07+00:00","breadcrumb":{"@id":"https:\/\/skimai.com\/de\/datenschutzbestimmungen\/#breadcrumb"},"inLanguage":"de","potentialAction":[{"@type":"ReadAction","target":["https:\/\/skimai.com\/de\/datenschutzbestimmungen\/"]}]},{"@type":"BreadcrumbList","@id":"https:\/\/skimai.com\/de\/datenschutzbestimmungen\/#breadcrumb","itemListElement":[{"@type":"ListItem","position":1,"name":"Home","item":"https:\/\/skimai.com\/"},{"@type":"ListItem","position":2,"name":"Privacy Policy"}]},{"@type":"WebSite","@id":"https:\/\/skimai.com\/uk\/#website","url":"https:\/\/skimai.com\/uk\/","name":"Skim AI","description":"Die AI Agent Workforce Plattform","publisher":{"@id":"https:\/\/skimai.com\/uk\/#organization"},"potentialAction":[{"@type":"SearchAction","target":{"@type":"EntryPoint","urlTemplate":"https:\/\/skimai.com\/uk\/?s={search_term_string}"},"query-input":{"@type":"PropertyValueSpecification","valueRequired":true,"valueName":"search_term_string"}}],"inLanguage":"de"},{"@type":"Organization","@id":"https:\/\/skimai.com\/uk\/#organization","name":"Skim AI","url":"https:\/\/skimai.com\/uk\/","logo":{"@type":"ImageObject","inLanguage":"de","@id":"https:\/\/skimai.com\/uk\/#\/schema\/logo\/image\/","url":"http:\/\/skimai.com\/wp-content\/uploads\/2020\/07\/SKIM-AI-Header-Logo.png","contentUrl":"http:\/\/skimai.com\/wp-content\/uploads\/2020\/07\/SKIM-AI-Header-Logo.png","width":194,"height":58,"caption":"Skim AI"},"image":{"@id":"https:\/\/skimai.com\/uk\/#\/schema\/logo\/image\/"},"sameAs":["https:\/\/www.linkedin.com\/company\/skim-ai"]}]}},"_links":{"self":[{"href":"https:\/\/skimai.com\/de\/wp-json\/wp\/v2\/pages\/1119","targetHints":{"allow":["GET"]}}],"collection":[{"href":"https:\/\/skimai.com\/de\/wp-json\/wp\/v2\/pages"}],"about":[{"href":"https:\/\/skimai.com\/de\/wp-json\/wp\/v2\/types\/page"}],"author":[{"embeddable":true,"href":"https:\/\/skimai.com\/de\/wp-json\/wp\/v2\/users\/1003"}],"replies":[{"embeddable":true,"href":"https:\/\/skimai.com\/de\/wp-json\/wp\/v2\/comments?post=1119"}],"version-history":[{"count":0,"href":"https:\/\/skimai.com\/de\/wp-json\/wp\/v2\/pages\/1119\/revisions"}],"wp:attachment":[{"href":"https:\/\/skimai.com\/de\/wp-json\/wp\/v2\/media?parent=1119"}],"curies":[{"name":"wp","href":"https:\/\/api.w.org\/{rel}","templated":true}]}}